{"id":620,"date":"2024-11-25T13:00:03","date_gmt":"2024-11-25T12:00:03","guid":{"rendered":"https:\/\/endometriosis.sk\/verejnost\/?page_id=620"},"modified":"2025-07-18T08:38:48","modified_gmt":"2025-07-18T06:38:48","slug":"trnavsky-kraj","status":"publish","type":"page","link":"https:\/\/endometriosis.sk\/verejnost\/trnavsky-kraj\/","title":{"rendered":"Trnavsk\u00fd kraj"},"content":{"rendered":"<p>[et_pb_section fb_built=&#8220;1&#8243; _builder_version=&#8220;4.27.2&#8243; _module_preset=&#8220;default&#8220; background_image=&#8220;https:\/\/endometriosis.sk\/verejnost\/wp-content\/uploads\/2024\/11\/pozadie1-1.png&#8220; custom_padding=&#8220;||11px|||&#8220; global_colors_info=&#8220;{}&#8220;][et_pb_row _builder_version=&#8220;4.27.2&#8243; _module_preset=&#8220;default&#8220; global_colors_info=&#8220;{}&#8220;][et_pb_column type=&#8220;4_4&#8243; _builder_version=&#8220;4.27.2&#8243; _module_preset=&#8220;default&#8220; global_colors_info=&#8220;{}&#8220;][et_pb_text _builder_version=&#8220;4.27.2&#8243; _module_preset=&#8220;default&#8220; header_font=&#8220;&#8211;et_global_heading_font|700|||||||&#8220; header_text_align=&#8220;center&#8220; header_text_color=&#8220;#ffffff&#8220; header_font_size=&#8220;34px&#8220; global_colors_info=&#8220;{}&#8220;]<\/p>\n<h1>Odborn\u00e1 pomoc<\/h1>\n<p>[\/et_pb_text][et_pb_text _builder_version=&#8220;4.27.2&#8243; _module_preset=&#8220;default&#8220; text_font=&#8220;&#8211;et_global_body_font||||||||&#8220; text_font_size=&#8220;15px&#8220; header_font=&#8220;&#8211;et_global_heading_font||||||||&#8220; header_text_align=&#8220;center&#8220; header_text_color=&#8220;#e9b323&#8243; custom_margin=&#8220;|4px||6px|false|false&#8220; custom_padding=&#8220;||21px||false|false&#8220; locked=&#8220;off&#8220; global_colors_info=&#8220;{}&#8220;]<\/p>\n<h1>Kontaktujte odborn\u00edka<\/h1>\n<p>[\/et_pb_text][\/et_pb_column][\/et_pb_row][\/et_pb_section][et_pb_section fb_built=&#8220;1&#8243; _builder_version=&#8220;4.27.2&#8243; _module_preset=&#8220;default&#8220; custom_padding=&#8220;3px||3px|||&#8220; global_colors_info=&#8220;{}&#8220;][et_pb_row column_structure=&#8220;1_3,1_3,1_3&#8243; _builder_version=&#8220;4.27.3&#8243; _module_preset=&#8220;default&#8220; global_colors_info=&#8220;{}&#8220;][et_pb_column type=&#8220;1_3&#8243; _builder_version=&#8220;4.27.3&#8243; _module_preset=&#8220;default&#8220; global_colors_info=&#8220;{}&#8220;][\/et_pb_column][et_pb_column type=&#8220;1_3&#8243; _builder_version=&#8220;4.27.3&#8243; _module_preset=&#8220;default&#8220; global_colors_info=&#8220;{}&#8220;][et_pb_toggle title=&#8220;Vyberte kraj&#8220; open_toggle_text_color=&#8220;#000000&#8243; open_toggle_background_color=&#8220;#FFFFFF&#8220; closed_toggle_background_color=&#8220;#FFFFFF&#8220; icon_color=&#8220;#000000&#8243; toggle_icon=&#8220;&#x24;||divi||400&#8243; use_icon_font_size=&#8220;on&#8220; icon_font_size=&#8220;24px&#8220; open_icon_color=&#8220;#000000&#8243; open_toggle_icon=&#8220;&#x24;||divi||400&#8243; open_use_icon_font_size=&#8220;on&#8220; open_icon_font_size=&#8220;24px&#8220; _builder_version=&#8220;4.27.3&#8243; _module_preset=&#8220;default&#8220; title_text_color=&#8220;#000000&#8243; title_font=&#8220;&#8211;et_global_heading_font||||||||&#8220; title_text_align=&#8220;center&#8220; title_font_size=&#8220;20px&#8220; border_radii=&#8220;on|26px|26px|26px|26px&#8220; border_width_all=&#8220;2px&#8220; border_color_all=&#8220;#e9b323&#8243; global_colors_info=&#8220;{}&#8220;]<\/p>\n<p><span style=\"color: #000000;\"><a href=\"https:\/\/endometriosis.sk\/verejnost\/banskobystricky-kraj\/\" style=\"color: #000000;\">Banskobystrick\u00fd kraj<\/a><\/span><\/p>\n<p><span style=\"color: #000000;\"><a href=\"https:\/\/endometriosis.sk\/verejnost\/bratislavsky-kraj\/\" style=\"color: #000000;\">Bratislavsk\u00fd kraj<\/a><\/span><\/p>\n<p><span style=\"color: #000000;\"><a href=\"https:\/\/endometriosis.sk\/verejnost\/kosicky-kraj\/\" style=\"color: #000000;\">Ko\u0161ick\u00fd kraj<\/a><\/span><\/p>\n<p><span style=\"color: #000000;\"><a href=\"https:\/\/endometriosis.sk\/verejnost\/nitriansky-kraj\/\" style=\"color: #000000;\">Nitriansky kraj<\/a><\/span><\/p>\n<p><span style=\"color: #000000;\"><a href=\"https:\/\/endometriosis.sk\/verejnost\/presovsky-kraj\/\" style=\"color: #000000;\">Pre\u0161ovsk\u00fd kraj<\/a><\/span><\/p>\n<p><span style=\"color: #000000;\"><a href=\"https:\/\/endometriosis.sk\/verejnost\/trnavsky-kraj\/\" style=\"color: #000000;\">Trnavsk\u00fd kraj<\/a><\/span><\/p>\n<p><span style=\"color: #000000;\"><a href=\"https:\/\/endometriosis.sk\/verejnost\/trenciansky-kraj\/\" style=\"color: #000000;\">Tren\u010diansky kraj<\/a><\/span><\/p>\n<p><span style=\"color: #000000;\"><a href=\"https:\/\/endometriosis.sk\/verejnost\/zilinsky-kraj\/\" style=\"color: #000000;\">\u017dilinsk\u00fd kraj<\/a><\/span><\/p>\n<p>[\/et_pb_toggle][\/et_pb_column][et_pb_column type=&#8220;1_3&#8243; _builder_version=&#8220;4.27.3&#8243; _module_preset=&#8220;default&#8220; global_colors_info=&#8220;{}&#8220;][\/et_pb_column][\/et_pb_row][\/et_pb_section][et_pb_section fb_built=&#8220;1&#8243; _builder_version=&#8220;4.27.3&#8243; _module_preset=&#8220;default&#8220; custom_padding=&#8220;16px|||||&#8220; global_colors_info=&#8220;{}&#8220;][et_pb_row _builder_version=&#8220;4.27.3&#8243; _module_preset=&#8220;default&#8220; global_colors_info=&#8220;{}&#8220;][et_pb_column type=&#8220;4_4&#8243; _builder_version=&#8220;4.27.3&#8243; _module_preset=&#8220;default&#8220; global_colors_info=&#8220;{}&#8220;][et_pb_text _builder_version=&#8220;4.27.3&#8243; _module_preset=&#8220;default&#8220; header_3_font_size=&#8220;24px&#8220; header_3_letter_spacing=&#8220;1px&#8220; global_colors_info=&#8220;{}&#8220;]<\/p>\n<h3 style=\"text-align: center;\">Trnavsk\u00fd kraj<\/h3>\n<p>[\/et_pb_text][\/et_pb_column][\/et_pb_row][et_pb_row column_structure=&#8220;1_3,1_3,1_3&#8243; disabled_on=&#8220;off|off|off&#8220; _builder_version=&#8220;4.27.4&#8243; _module_preset=&#8220;default&#8220; custom_padding=&#8220;16px|||||&#8220; global_colors_info=&#8220;{}&#8220;][et_pb_column type=&#8220;1_3&#8243; _builder_version=&#8220;4.27.3&#8243; _module_preset=&#8220;default&#8220; global_colors_info=&#8220;{}&#8220;][et_pb_team_member name=&#8220;MUDr. Du\u0161an Heriban&#8220; _builder_version=&#8220;4.27.4&#8243; _module_preset=&#8220;default&#8220; header_font=&#8220;&#8211;et_global_body_font|700|||||||&#8220; header_text_color=&#8220;#e9b323&#8243; header_font_size=&#8220;19px&#8220; body_font=&#8220;&#8211;et_global_body_font|500|||||||&#8220; body_text_color=&#8220;#000000&#8243; body_font_size=&#8220;16px&#8220; hover_enabled=&#8220;0&#8243; locked=&#8220;off&#8220; global_colors_info=&#8220;{}&#8220; sticky_enabled=&#8220;0&#8243;]<\/p>\n<p><i class=\"fa-solid fa-location-dot\"><\/i>\u00a0Vojansk\u00e1 2543\/15<br \/>Sere\u010f<\/p>\n<p><i class=\"fa-solid fa-phone\"><\/i> 0911 046 746<\/p>\n<p><i class=\"fa-solid fa-globe\"><\/i> <a href=\"https:\/\/www.femigyn.sk\/\">www.femigyn.sk<\/a><\/p>\n<p><strong>Ordina\u010dn\u00e9 hodiny:<\/strong><br \/>Po: 7:00 &#8211; 12:00, 12:30 &#8211; 15:00<br \/>Ut: 7:00 &#8211; 12:00, 12:30 &#8211; 15:00<br \/>St: 7:00 &#8211; 12:00, 12:30 &#8211; 15:00<br \/>\u0160t: 7:00 &#8211; 12:00, 12:30 &#8211; 17:00<br \/>Pi: &#8211;<\/p>\n<p>[\/et_pb_team_member][\/et_pb_column][et_pb_column type=&#8220;1_3&#8243; _builder_version=&#8220;4.27.3&#8243; _module_preset=&#8220;default&#8220; global_colors_info=&#8220;{}&#8220;][et_pb_team_member name=&#8220;MUDr. Du\u0161an Heriban&#8220; _builder_version=&#8220;4.27.4&#8243; _module_preset=&#8220;default&#8220; header_font=&#8220;&#8211;et_global_body_font|700|||||||&#8220; header_text_color=&#8220;#e9b323&#8243; header_font_size=&#8220;19px&#8220; body_font=&#8220;&#8211;et_global_body_font|500|||||||&#8220; body_text_color=&#8220;#000000&#8243; body_font_size=&#8220;16px&#8220; hover_enabled=&#8220;0&#8243; locked=&#8220;off&#8220; global_colors_info=&#8220;{}&#8220; sticky_enabled=&#8220;0&#8243;]<i class=\"fa-solid fa-location-dot\"><\/i>\u00a0Mlynsk\u00e1 462\/80<br \/>\nMo\u010denok<\/p>\n<p><i class=\"fa-solid fa-phone\"><\/i> 0910 197 922<\/p>\n<p><i class=\"fa-solid fa-globe\"><\/i> <a href=\"https:\/\/www.femigyn.sk\/\">www.femigyn.sk<\/a><\/p>\n<p><strong>Ordina\u010dn\u00e9 hodiny:<\/strong><br \/>\nPo: &#8211;<br \/>\nUt: 8:00 &#8211; 14:00<br \/>\nSt: &#8211;<br \/>\n\u0160t: &#8211;<br \/>\nPi: 8:00 &#8211; 14:00[\/et_pb_team_member][\/et_pb_column][et_pb_column type=&#8220;1_3&#8243; _builder_version=&#8220;4.27.3&#8243; _module_preset=&#8220;default&#8220; global_colors_info=&#8220;{}&#8220;][et_pb_team_member name=&#8220;MUDr. Emil Havr\u00e1nek, MBA&#8220; _builder_version=&#8220;4.27.4&#8243; _module_preset=&#8220;default&#8220; header_font=&#8220;&#8211;et_global_body_font|700|||||||&#8220; header_text_color=&#8220;#e9b323&#8243; header_font_size=&#8220;19px&#8220; body_font=&#8220;&#8211;et_global_body_font|500|||||||&#8220; body_text_color=&#8220;#000000&#8243; body_font_size=&#8220;16px&#8220; hover_enabled=&#8220;0&#8243; locked=&#8220;off&#8220; global_colors_info=&#8220;{}&#8220; sticky_enabled=&#8220;0&#8243;]<\/p>\n<p><i class=\"fa-solid fa-location-dot\"><\/i> Hlavn\u00e1 929\/6<br \/>Galanta<\/p>\n<p><i class=\"fa-solid fa-phone\"><\/i> 0911 269 067<\/p>\n<p><i class=\"fa-solid fa-globe\"><\/i> <a href=\"https:\/\/www.afw.sk\/\/\">www.afw.sk<\/a><\/p>\n<p><strong>Ordina\u010dn\u00e9 hodiny:<\/strong><br \/>Po: 7:00 &#8211; 10:00<br \/>Ut: 7:00 &#8211; 15:00<br \/>St: 7:00 &#8211; 15:00<br \/>\u0160t: 10:00 &#8211; 13:00, 14:00 &#8211; 18:00<br \/>Pi: 7:00 &#8211; 14:30<\/p>\n<p>[\/et_pb_team_member][\/et_pb_column][\/et_pb_row][et_pb_row column_structure=&#8220;1_3,1_3,1_3&#8243; disabled_on=&#8220;off|off|off&#8220; _builder_version=&#8220;4.27.4&#8243; _module_preset=&#8220;default&#8220; custom_padding=&#8220;16px|||||&#8220; global_colors_info=&#8220;{}&#8220;][et_pb_column type=&#8220;1_3&#8243; _builder_version=&#8220;4.27.3&#8243; _module_preset=&#8220;default&#8220; global_colors_info=&#8220;{}&#8220;][et_pb_team_member name=&#8220;MUDr. Monika Babi\u0161ov\u00e1&#8220; _builder_version=&#8220;4.27.4&#8243; _module_preset=&#8220;default&#8220; header_font=&#8220;&#8211;et_global_body_font|700|||||||&#8220; header_text_color=&#8220;#e9b323&#8243; header_font_size=&#8220;19px&#8220; body_font=&#8220;&#8211;et_global_body_font|500|||||||&#8220; body_text_color=&#8220;#000000&#8243; body_font_size=&#8220;16px&#8220; hover_enabled=&#8220;0&#8243; locked=&#8220;off&#8220; global_colors_info=&#8220;{}&#8220; sticky_enabled=&#8220;0&#8243;]<\/p>\n<p><i class=\"fa-solid fa-location-dot\"><\/i>\u00a029. augusta 9<br \/>Galanta<\/p>\n<p><i class=\"fa-solid fa-phone\"><\/i> 0948 619 609<\/p>\n<p><i class=\"fa-solid fa-globe\"><\/i> <a href=\"https:\/\/www.barigroup.sk\/\">www.barigroup.sk<\/a><\/p>\n<p><strong>Ordina\u010dn\u00e9 hodiny:<\/strong><br \/>Po: &#8211;<br \/>Ut: &#8211;<br \/>St: &#8211;<br \/>\u0160t: &#8211;<br \/>Pi: 8:00 &#8211; 13:00<\/p>\n<p>[\/et_pb_team_member][\/et_pb_column][et_pb_column type=&#8220;1_3&#8243; _builder_version=&#8220;4.27.3&#8243; _module_preset=&#8220;default&#8220; global_colors_info=&#8220;{}&#8220;][et_pb_team_member name=&#8220;MUDr. Ivan De\u010dkov, MBA&#8220; _builder_version=&#8220;4.27.4&#8243; _module_preset=&#8220;default&#8220; header_font=&#8220;&#8211;et_global_body_font|700|||||||&#8220; header_text_color=&#8220;#e9b323&#8243; header_font_size=&#8220;19px&#8220; body_font=&#8220;&#8211;et_global_body_font|500|||||||&#8220; body_text_color=&#8220;#000000&#8243; body_font_size=&#8220;16px&#8220; hover_enabled=&#8220;0&#8243; locked=&#8220;off&#8220; global_colors_info=&#8220;{}&#8220; sticky_enabled=&#8220;0&#8243;]<i class=\"fa-solid fa-location-dot\"><\/i> Staroh\u00e1jska 2 (3.poschodie)<br \/>\nTrnava<\/p>\n<p><i class=\"fa-solid fa-phone\"><\/i> 0905 228 441<\/p>\n<p><i class=\"fa-solid fa-globe\"><\/i> <a href=\"https:\/\/www.deckov.sk\/\">www.deckov.sk<\/a><\/p>\n<p><strong>Ordina\u010dn\u00e9 hodiny:<\/strong><br \/>\nPo: &#8211;<br \/>\nUt: &#8211;<br \/>\nSt: 8:00 &#8211; 15:00<br \/>\n\u0160t: &#8211;<br \/>\nPi: -[\/et_pb_team_member][\/et_pb_column][et_pb_column type=&#8220;1_3&#8243; _builder_version=&#8220;4.27.3&#8243; _module_preset=&#8220;default&#8220; global_colors_info=&#8220;{}&#8220;][et_pb_team_member name=&#8220;MUDr. Jana De\u010dkov\u00e1&#8220; _builder_version=&#8220;4.27.4&#8243; _module_preset=&#8220;default&#8220; header_font=&#8220;&#8211;et_global_body_font|700|||||||&#8220; header_text_color=&#8220;#e9b323&#8243; header_font_size=&#8220;19px&#8220; body_font=&#8220;&#8211;et_global_body_font|500|||||||&#8220; body_text_color=&#8220;#000000&#8243; body_font_size=&#8220;16px&#8220; hover_enabled=&#8220;0&#8243; locked=&#8220;off&#8220; global_colors_info=&#8220;{}&#8220; sticky_enabled=&#8220;0&#8243;]<\/p>\n<p><i class=\"fa-solid fa-location-dot\"><\/i> Staroh\u00e1jska 2<br \/>Trnava<\/p>\n<p><i class=\"fa-solid fa-phone\"><\/i> 0905 228 441<\/p>\n<p><i class=\"fa-solid fa-globe\"><\/i> <a href=\"https:\/\/www.deckov.sk\/\">www.deckov.sk<\/a><\/p>\n<p><strong>Ordina\u010dn\u00e9 hodiny:<\/strong><br \/>Po: 8:00 &#8211; 18:00<br \/>Ut: 8:00 &#8211; 15:00<br \/>St: &#8211;<br \/>\u0160t: 8:00 &#8211; 18:00<br \/>Pi: 8:00 &#8211; 14:00<\/p>\n<p>[\/et_pb_team_member][\/et_pb_column][\/et_pb_row][et_pb_row column_structure=&#8220;1_3,1_3,1_3&#8243; disabled_on=&#8220;off|off|off&#8220; _builder_version=&#8220;4.27.4&#8243; _module_preset=&#8220;default&#8220; custom_padding=&#8220;16px|||||&#8220; global_colors_info=&#8220;{}&#8220;][et_pb_column type=&#8220;1_3&#8243; _builder_version=&#8220;4.27.3&#8243; _module_preset=&#8220;default&#8220; global_colors_info=&#8220;{}&#8220;][\/et_pb_column][et_pb_column type=&#8220;1_3&#8243; _builder_version=&#8220;4.27.3&#8243; _module_preset=&#8220;default&#8220; global_colors_info=&#8220;{}&#8220;][et_pb_team_member name=&#8220;MUDr. R\u00f3bert Hl\u00e1vek, PhD.&#8220; _builder_version=&#8220;4.27.4&#8243; _module_preset=&#8220;default&#8220; header_font=&#8220;&#8211;et_global_body_font|700|||||||&#8220; header_text_color=&#8220;#e9b323&#8243; header_font_size=&#8220;19px&#8220; body_font=&#8220;&#8211;et_global_body_font|500|||||||&#8220; body_text_color=&#8220;#000000&#8243; body_font_size=&#8220;16px&#8220; hover_enabled=&#8220;0&#8243; locked=&#8220;off&#8220; global_colors_info=&#8220;{}&#8220; sticky_enabled=&#8220;0&#8243;]<\/p>\n<p><i class=\"fa-solid fa-location-dot\"><\/i> Staroh\u00e1jska 2<br \/>Trnava<\/p>\n<p><i class=\"fa-solid fa-phone\"><\/i> 0917 944 473<\/p>\n<p><strong>Ordina\u010dn\u00e9 hodiny:<\/strong><br \/>Po: &#8211;<br \/>Ut: &#8211;<br \/>St: &#8211;<br \/>\u0160t: 8:00 &#8211; 14:00<br \/>Pi: &#8211;<\/p>\n<p>[\/et_pb_team_member][\/et_pb_column][et_pb_column type=&#8220;1_3&#8243; _builder_version=&#8220;4.27.3&#8243; _module_preset=&#8220;default&#8220; global_colors_info=&#8220;{}&#8220;][\/et_pb_column][\/et_pb_row][\/et_pb_section]<\/p>\n","protected":false},"excerpt":{"rendered":"<p>Odborn\u00e1 pomocKontaktujte odborn\u00edkaBanskobystrick\u00fd kraj Bratislavsk\u00fd kraj Ko\u0161ick\u00fd kraj Nitriansky kraj Pre\u0161ovsk\u00fd kraj Trnavsk\u00fd kraj Tren\u010diansky kraj \u017dilinsk\u00fd krajTrnavsk\u00fd kraj\u00a0Vojansk\u00e1 2543\/15Sere\u010f 0911 046 746 www.femigyn.sk Ordina\u010dn\u00e9 hodiny:Po: 7:00 &#8211; 12:00, 12:30 &#8211; 15:00Ut: 7:00 &#8211; 12:00, 12:30 &#8211; 15:00St: 7:00 &#8211; 12:00, 12:30 &#8211; 15:00\u0160t: 7:00 &#8211; 12:00, 12:30 &#8211; 17:00Pi: &#8211;\u00a0Mlynsk\u00e1 462\/80 Mo\u010denok 0910 197 [&hellip;]<\/p>\n","protected":false},"author":1,"featured_media":0,"parent":0,"menu_order":0,"comment_status":"closed","ping_status":"closed","template":"","meta":{"_et_pb_use_builder":"on","_et_pb_old_content":"","_et_gb_content_width":"","footnotes":""},"difl_page_category":[],"class_list":["post-620","page","type-page","status-publish","hentry"],"yoast_head":"<!-- This site is optimized with the Yoast SEO plugin v26.4 - https:\/\/yoast.com\/wordpress\/plugins\/seo\/ -->\n<title>Trnavsk\u00fd kraj - Endometri\u00f3za | Praktick\u00e1 pr\u00edru\u010dka pre \u017eeny s endometri\u00f3zou alebo jej pr\u00edznakmi<\/title>\n<meta name=\"robots\" content=\"index, follow, max-snippet:-1, max-image-preview:large, max-video-preview:-1\" \/>\n<link rel=\"canonical\" href=\"https:\/\/endometriosis.sk\/verejnost\/trnavsky-kraj\/\" \/>\n<meta property=\"og:locale\" content=\"sk_SK\" \/>\n<meta property=\"og:type\" content=\"article\" \/>\n<meta property=\"og:title\" content=\"Trnavsk\u00fd kraj - Endometri\u00f3za | Praktick\u00e1 pr\u00edru\u010dka pre \u017eeny s endometri\u00f3zou alebo jej pr\u00edznakmi\" \/>\n<meta property=\"og:description\" content=\"Odborn\u00e1 pomocKontaktujte odborn\u00edkaBanskobystrick\u00fd kraj Bratislavsk\u00fd kraj Ko\u0161ick\u00fd kraj Nitriansky kraj Pre\u0161ovsk\u00fd kraj Trnavsk\u00fd kraj Tren\u010diansky kraj \u017dilinsk\u00fd krajTrnavsk\u00fd kraj\u00a0Vojansk\u00e1 2543\/15Sere\u010f 0911 046 746 www.femigyn.sk Ordina\u010dn\u00e9 hodiny:Po: 7:00 - 12:00, 12:30 - 15:00Ut: 7:00 - 12:00, 12:30 - 15:00St: 7:00 - 12:00, 12:30 - 15:00\u0160t: 7:00 - 12:00, 12:30 - 17:00Pi: -\u00a0Mlynsk\u00e1 462\/80 Mo\u010denok 0910 197 [&hellip;]\" \/>\n<meta property=\"og:url\" content=\"https:\/\/endometriosis.sk\/verejnost\/trnavsky-kraj\/\" \/>\n<meta property=\"og:site_name\" content=\"Endometri\u00f3za | Praktick\u00e1 pr\u00edru\u010dka pre \u017eeny s endometri\u00f3zou alebo jej pr\u00edznakmi\" \/>\n<meta property=\"article:modified_time\" content=\"2025-07-18T06:38:48+00:00\" \/>\n<meta name=\"twitter:card\" content=\"summary_large_image\" \/>\n<meta name=\"twitter:label1\" content=\"Predpokladan\u00fd \u010das \u010d\u00edtania\" \/>\n\t<meta name=\"twitter:data1\" content=\"6 min\u00fat\" \/>\n<script type=\"application\/ld+json\" class=\"yoast-schema-graph\">{\"@context\":\"https:\/\/schema.org\",\"@graph\":[{\"@type\":\"WebPage\",\"@id\":\"https:\/\/endometriosis.sk\/verejnost\/trnavsky-kraj\/\",\"url\":\"https:\/\/endometriosis.sk\/verejnost\/trnavsky-kraj\/\",\"name\":\"Trnavsk\u00fd kraj - Endometri\u00f3za | Praktick\u00e1 pr\u00edru\u010dka pre \u017eeny s endometri\u00f3zou alebo jej pr\u00edznakmi\",\"isPartOf\":{\"@id\":\"https:\/\/endometriosis.sk\/verejnost\/#website\"},\"datePublished\":\"2024-11-25T12:00:03+00:00\",\"dateModified\":\"2025-07-18T06:38:48+00:00\",\"breadcrumb\":{\"@id\":\"https:\/\/endometriosis.sk\/verejnost\/trnavsky-kraj\/#breadcrumb\"},\"inLanguage\":\"sk-SK\",\"potentialAction\":[{\"@type\":\"ReadAction\",\"target\":[\"https:\/\/endometriosis.sk\/verejnost\/trnavsky-kraj\/\"]}]},{\"@type\":\"BreadcrumbList\",\"@id\":\"https:\/\/endometriosis.sk\/verejnost\/trnavsky-kraj\/#breadcrumb\",\"itemListElement\":[{\"@type\":\"ListItem\",\"position\":1,\"name\":\"Domovsk\u00e1 str\u00e1nka\",\"item\":\"https:\/\/endometriosis.sk\/verejnost\/\"},{\"@type\":\"ListItem\",\"position\":2,\"name\":\"Trnavsk\u00fd kraj\"}]},{\"@type\":\"WebSite\",\"@id\":\"https:\/\/endometriosis.sk\/verejnost\/#website\",\"url\":\"https:\/\/endometriosis.sk\/verejnost\/\",\"name\":\"Endometri\u00f3za | Praktick\u00e1 pr\u00edru\u010dka pre \u017eeny s endometri\u00f3zou alebo jej pr\u00edznakmi\",\"description\":\"\",\"potentialAction\":[{\"@type\":\"SearchAction\",\"target\":{\"@type\":\"EntryPoint\",\"urlTemplate\":\"https:\/\/endometriosis.sk\/verejnost\/?s={search_term_string}\"},\"query-input\":{\"@type\":\"PropertyValueSpecification\",\"valueRequired\":true,\"valueName\":\"search_term_string\"}}],\"inLanguage\":\"sk-SK\"}]}<\/script>\n<!-- \/ Yoast SEO plugin. -->","yoast_head_json":{"title":"Trnavsk\u00fd kraj - Endometri\u00f3za | Praktick\u00e1 pr\u00edru\u010dka pre \u017eeny s endometri\u00f3zou alebo jej pr\u00edznakmi","robots":{"index":"index","follow":"follow","max-snippet":"max-snippet:-1","max-image-preview":"max-image-preview:large","max-video-preview":"max-video-preview:-1"},"canonical":"https:\/\/endometriosis.sk\/verejnost\/trnavsky-kraj\/","og_locale":"sk_SK","og_type":"article","og_title":"Trnavsk\u00fd kraj - Endometri\u00f3za | Praktick\u00e1 pr\u00edru\u010dka pre \u017eeny s endometri\u00f3zou alebo jej pr\u00edznakmi","og_description":"Odborn\u00e1 pomocKontaktujte odborn\u00edkaBanskobystrick\u00fd kraj Bratislavsk\u00fd kraj Ko\u0161ick\u00fd kraj Nitriansky kraj Pre\u0161ovsk\u00fd kraj Trnavsk\u00fd kraj Tren\u010diansky kraj \u017dilinsk\u00fd krajTrnavsk\u00fd kraj\u00a0Vojansk\u00e1 2543\/15Sere\u010f 0911 046 746 www.femigyn.sk Ordina\u010dn\u00e9 hodiny:Po: 7:00 - 12:00, 12:30 - 15:00Ut: 7:00 - 12:00, 12:30 - 15:00St: 7:00 - 12:00, 12:30 - 15:00\u0160t: 7:00 - 12:00, 12:30 - 17:00Pi: -\u00a0Mlynsk\u00e1 462\/80 Mo\u010denok 0910 197 [&hellip;]","og_url":"https:\/\/endometriosis.sk\/verejnost\/trnavsky-kraj\/","og_site_name":"Endometri\u00f3za | Praktick\u00e1 pr\u00edru\u010dka pre \u017eeny s endometri\u00f3zou alebo jej pr\u00edznakmi","article_modified_time":"2025-07-18T06:38:48+00:00","twitter_card":"summary_large_image","twitter_misc":{"Predpokladan\u00fd \u010das \u010d\u00edtania":"6 min\u00fat"},"schema":{"@context":"https:\/\/schema.org","@graph":[{"@type":"WebPage","@id":"https:\/\/endometriosis.sk\/verejnost\/trnavsky-kraj\/","url":"https:\/\/endometriosis.sk\/verejnost\/trnavsky-kraj\/","name":"Trnavsk\u00fd kraj - Endometri\u00f3za | Praktick\u00e1 pr\u00edru\u010dka pre \u017eeny s endometri\u00f3zou alebo jej pr\u00edznakmi","isPartOf":{"@id":"https:\/\/endometriosis.sk\/verejnost\/#website"},"datePublished":"2024-11-25T12:00:03+00:00","dateModified":"2025-07-18T06:38:48+00:00","breadcrumb":{"@id":"https:\/\/endometriosis.sk\/verejnost\/trnavsky-kraj\/#breadcrumb"},"inLanguage":"sk-SK","potentialAction":[{"@type":"ReadAction","target":["https:\/\/endometriosis.sk\/verejnost\/trnavsky-kraj\/"]}]},{"@type":"BreadcrumbList","@id":"https:\/\/endometriosis.sk\/verejnost\/trnavsky-kraj\/#breadcrumb","itemListElement":[{"@type":"ListItem","position":1,"name":"Domovsk\u00e1 str\u00e1nka","item":"https:\/\/endometriosis.sk\/verejnost\/"},{"@type":"ListItem","position":2,"name":"Trnavsk\u00fd kraj"}]},{"@type":"WebSite","@id":"https:\/\/endometriosis.sk\/verejnost\/#website","url":"https:\/\/endometriosis.sk\/verejnost\/","name":"Endometri\u00f3za | Praktick\u00e1 pr\u00edru\u010dka pre \u017eeny s endometri\u00f3zou alebo jej pr\u00edznakmi","description":"","potentialAction":[{"@type":"SearchAction","target":{"@type":"EntryPoint","urlTemplate":"https:\/\/endometriosis.sk\/verejnost\/?s={search_term_string}"},"query-input":{"@type":"PropertyValueSpecification","valueRequired":true,"valueName":"search_term_string"}}],"inLanguage":"sk-SK"}]}},"_links":{"self":[{"href":"https:\/\/endometriosis.sk\/verejnost\/wp-json\/wp\/v2\/pages\/620","targetHints":{"allow":["GET"]}}],"collection":[{"href":"https:\/\/endometriosis.sk\/verejnost\/wp-json\/wp\/v2\/pages"}],"about":[{"href":"https:\/\/endometriosis.sk\/verejnost\/wp-json\/wp\/v2\/types\/page"}],"author":[{"embeddable":true,"href":"https:\/\/endometriosis.sk\/verejnost\/wp-json\/wp\/v2\/users\/1"}],"replies":[{"embeddable":true,"href":"https:\/\/endometriosis.sk\/verejnost\/wp-json\/wp\/v2\/comments?post=620"}],"version-history":[{"count":10,"href":"https:\/\/endometriosis.sk\/verejnost\/wp-json\/wp\/v2\/pages\/620\/revisions"}],"predecessor-version":[{"id":785,"href":"https:\/\/endometriosis.sk\/verejnost\/wp-json\/wp\/v2\/pages\/620\/revisions\/785"}],"wp:attachment":[{"href":"https:\/\/endometriosis.sk\/verejnost\/wp-json\/wp\/v2\/media?parent=620"}],"wp:term":[{"taxonomy":"difl_page_category","embeddable":true,"href":"https:\/\/endometriosis.sk\/verejnost\/wp-json\/wp\/v2\/difl_page_category?post=620"}],"curies":[{"name":"wp","href":"https:\/\/api.w.org\/{rel}","templated":true}]}}