{"id":594,"date":"2024-11-25T11:41:21","date_gmt":"2024-11-25T10:41:21","guid":{"rendered":"https:\/\/endometriosis.sk\/verejnost\/?page_id=594"},"modified":"2025-01-30T14:40:47","modified_gmt":"2025-01-30T13:40:47","slug":"zilinsky-kraj","status":"publish","type":"page","link":"https:\/\/endometriosis.sk\/verejnost\/zilinsky-kraj\/","title":{"rendered":"\u017dilinsk\u00fd kraj"},"content":{"rendered":"<p>[et_pb_section fb_built=&#8220;1&#8243; _builder_version=&#8220;4.27.2&#8243; _module_preset=&#8220;default&#8220; background_image=&#8220;https:\/\/endometriosis.sk\/verejnost\/wp-content\/uploads\/2024\/11\/pozadie1-1.png&#8220; custom_padding=&#8220;||11px|||&#8220; global_colors_info=&#8220;{}&#8220;][et_pb_row _builder_version=&#8220;4.27.2&#8243; _module_preset=&#8220;default&#8220; global_colors_info=&#8220;{}&#8220;][et_pb_column type=&#8220;4_4&#8243; _builder_version=&#8220;4.27.2&#8243; _module_preset=&#8220;default&#8220; global_colors_info=&#8220;{}&#8220;][et_pb_text _builder_version=&#8220;4.27.2&#8243; _module_preset=&#8220;default&#8220; header_font=&#8220;&#8211;et_global_heading_font|700|||||||&#8220; header_text_align=&#8220;center&#8220; header_text_color=&#8220;#ffffff&#8220; header_font_size=&#8220;34px&#8220; global_colors_info=&#8220;{}&#8220;]<\/p>\n<h1>Odborn\u00e1 pomoc<\/h1>\n<p>[\/et_pb_text][et_pb_text _builder_version=&#8220;4.27.2&#8243; _module_preset=&#8220;default&#8220; text_font=&#8220;&#8211;et_global_body_font||||||||&#8220; text_font_size=&#8220;15px&#8220; header_font=&#8220;&#8211;et_global_heading_font||||||||&#8220; header_text_align=&#8220;center&#8220; header_text_color=&#8220;#e9b323&#8243; custom_margin=&#8220;|4px||6px|false|false&#8220; custom_padding=&#8220;||21px||false|false&#8220; locked=&#8220;off&#8220; global_colors_info=&#8220;{}&#8220;]<\/p>\n<h1>Kontaktujte odborn\u00edka<\/h1>\n<p>[\/et_pb_text][\/et_pb_column][\/et_pb_row][\/et_pb_section][et_pb_section fb_built=&#8220;1&#8243; _builder_version=&#8220;4.27.2&#8243; _module_preset=&#8220;default&#8220; custom_padding=&#8220;3px||3px|||&#8220; global_colors_info=&#8220;{}&#8220;][et_pb_row column_structure=&#8220;1_3,1_3,1_3&#8243; _builder_version=&#8220;4.27.3&#8243; _module_preset=&#8220;default&#8220; global_colors_info=&#8220;{}&#8220;][et_pb_column type=&#8220;1_3&#8243; _builder_version=&#8220;4.27.3&#8243; _module_preset=&#8220;default&#8220; global_colors_info=&#8220;{}&#8220;][\/et_pb_column][et_pb_column type=&#8220;1_3&#8243; _builder_version=&#8220;4.27.3&#8243; _module_preset=&#8220;default&#8220; global_colors_info=&#8220;{}&#8220;][et_pb_toggle title=&#8220;Vyberte kraj&#8220; open_toggle_text_color=&#8220;#000000&#8243; open_toggle_background_color=&#8220;#FFFFFF&#8220; closed_toggle_background_color=&#8220;#FFFFFF&#8220; icon_color=&#8220;#000000&#8243; toggle_icon=&#8220;&#x24;||divi||400&#8243; use_icon_font_size=&#8220;on&#8220; icon_font_size=&#8220;24px&#8220; open_icon_color=&#8220;#000000&#8243; open_toggle_icon=&#8220;&#x24;||divi||400&#8243; open_use_icon_font_size=&#8220;on&#8220; open_icon_font_size=&#8220;24px&#8220; _builder_version=&#8220;4.27.3&#8243; _module_preset=&#8220;default&#8220; title_text_color=&#8220;#000000&#8243; title_font=&#8220;&#8211;et_global_heading_font||||||||&#8220; title_text_align=&#8220;center&#8220; title_font_size=&#8220;20px&#8220; border_radii=&#8220;on|26px|26px|26px|26px&#8220; border_width_all=&#8220;2px&#8220; border_color_all=&#8220;#e9b323&#8243; global_colors_info=&#8220;{}&#8220;]<\/p>\n<p><span style=\"color: #000000;\"><a href=\"https:\/\/endometriosis.sk\/verejnost\/banskobystricky-kraj\/\" style=\"color: #000000;\">Banskobystrick\u00fd kraj<\/a><\/span><\/p>\n<p><span style=\"color: #000000;\"><a href=\"https:\/\/endometriosis.sk\/verejnost\/bratislavsky-kraj\/\" style=\"color: #000000;\">Bratislavsk\u00fd kraj<\/a><\/span><\/p>\n<p><span style=\"color: #000000;\"><a href=\"https:\/\/endometriosis.sk\/verejnost\/kosicky-kraj\/\" style=\"color: #000000;\">Ko\u0161ick\u00fd kraj<\/a><\/span><\/p>\n<p><span style=\"color: #000000;\"><a href=\"https:\/\/endometriosis.sk\/verejnost\/nitriansky-kraj\/\" style=\"color: #000000;\">Nitriansky kraj<\/a><\/span><\/p>\n<p><span style=\"color: #000000;\"><a href=\"https:\/\/endometriosis.sk\/verejnost\/presovsky-kraj\/\" style=\"color: #000000;\">Pre\u0161ovsk\u00fd kraj<\/a><\/span><\/p>\n<p><span style=\"color: #000000;\"><a href=\"https:\/\/endometriosis.sk\/verejnost\/trnavsky-kraj\/\" style=\"color: #000000;\">Trnavsk\u00fd kraj<\/a><\/span><\/p>\n<p><span style=\"color: #000000;\"><a href=\"https:\/\/endometriosis.sk\/verejnost\/trenciansky-kraj\/\" style=\"color: #000000;\">Tren\u010diansky kraj<\/a><\/span><\/p>\n<p><span style=\"color: #000000;\"><a href=\"https:\/\/endometriosis.sk\/verejnost\/zilinsky-kraj\/\" style=\"color: #000000;\">\u017dilinsk\u00fd kraj<\/a><\/span><\/p>\n<p>[\/et_pb_toggle][\/et_pb_column][et_pb_column type=&#8220;1_3&#8243; _builder_version=&#8220;4.27.3&#8243; _module_preset=&#8220;default&#8220; global_colors_info=&#8220;{}&#8220;][\/et_pb_column][\/et_pb_row][\/et_pb_section][et_pb_section fb_built=&#8220;1&#8243; _builder_version=&#8220;4.27.3&#8243; _module_preset=&#8220;default&#8220; custom_padding=&#8220;16px|||||&#8220; global_colors_info=&#8220;{}&#8220;][et_pb_row _builder_version=&#8220;4.27.3&#8243; _module_preset=&#8220;default&#8220; global_colors_info=&#8220;{}&#8220;][et_pb_column type=&#8220;4_4&#8243; _builder_version=&#8220;4.27.3&#8243; _module_preset=&#8220;default&#8220; global_colors_info=&#8220;{}&#8220;][et_pb_text _builder_version=&#8220;4.27.3&#8243; _module_preset=&#8220;default&#8220; header_3_font_size=&#8220;24px&#8220; header_3_letter_spacing=&#8220;1px&#8220; global_colors_info=&#8220;{}&#8220;]<\/p>\n<h3 style=\"text-align: center;\">\u017dilinsk\u00fd kraj<\/h3>\n<p>[\/et_pb_text][\/et_pb_column][\/et_pb_row][et_pb_row column_structure=&#8220;1_3,1_3,1_3&#8243; _builder_version=&#8220;4.27.3&#8243; _module_preset=&#8220;default&#8220; custom_padding=&#8220;16px|||||&#8220; global_colors_info=&#8220;{}&#8220;][et_pb_column type=&#8220;1_3&#8243; _builder_version=&#8220;4.27.3&#8243; _module_preset=&#8220;default&#8220; global_colors_info=&#8220;{}&#8220;][et_pb_team_member name=&#8220;MUDr. Dana \u010ciga\u0161ov\u00e1&#8220; _builder_version=&#8220;4.27.3&#8243; _module_preset=&#8220;default&#8220; header_font=&#8220;&#8211;et_global_body_font|700|||||||&#8220; header_text_color=&#8220;#e9b323&#8243; header_font_size=&#8220;19px&#8220; body_font=&#8220;&#8211;et_global_body_font|500|||||||&#8220; body_text_color=&#8220;#000000&#8243; body_font_size=&#8220;16px&#8220; global_colors_info=&#8220;{}&#8220;]<i class=\"fa-solid fa-location-dot\"><\/i>\u00a0J\u00e1no\u0161\u00edkovo n\u00e1bre\u017eie 1212\/2<br \/>\n&nbsp;&nbsp;&nbsp;Liptovsk\u00fd Mikul\u00e1\u0161<\/p>\n<p><i class=\"fa-solid fa-phone\"><\/i> 044 552 5260<\/p>\n<p><strong>Ordina\u010dn\u00e9 hodiny:<\/strong><br \/>\nPo: 8:00 &#8211; 15:00<br \/>\nUt: 8:00 &#8211; 15:00<br \/>\nSt: &#8211;<br \/>\n\u0160t: 8:00 &#8211; 15:00<br \/>\nPi: 8:00 &#8211; 14:00[\/et_pb_team_member][\/et_pb_column][et_pb_column type=&#8220;1_3&#8243; _builder_version=&#8220;4.27.3&#8243; _module_preset=&#8220;default&#8220; global_colors_info=&#8220;{}&#8220;][et_pb_team_member name=&#8220;MUDr. Eva Rukavicov\u00e1&#8220; _builder_version=&#8220;4.27.3&#8243; _module_preset=&#8220;default&#8220; header_font=&#8220;&#8211;et_global_body_font|700|||||||&#8220; header_text_color=&#8220;#e9b323&#8243; header_font_size=&#8220;19px&#8220; body_font=&#8220;&#8211;et_global_body_font|500|||||||&#8220; body_text_color=&#8220;#000000&#8243; body_font_size=&#8220;16px&#8220; hover_enabled=&#8220;0&#8243; global_colors_info=&#8220;{}&#8220; sticky_enabled=&#8220;0&#8243;]<\/p>\n<p><i class=\"fa-solid fa-location-dot\"><\/i>\u00a0\u0160t\u00farova 1<br \/>Liptovsk\u00fd Mikul\u00e1\u0161<\/p>\n<p><i class=\"fa-solid fa-phone\"><\/i> 0902 232 110<\/p>\n<p><i class=\"fa-solid fa-globe\"><\/i> <a href=\"https:\/\/gynscreen.sk\/gynekologicka-ambulancia-liptovsky-mikulas\">www.gynscreen.sk<\/a><\/p>\n<p><strong>Ordina\u010dn\u00e9 hodiny:<\/strong><br \/>Po: 7:00 &#8211; 15:30<br \/>Ut: 7:00 &#8211; 15:30<br \/>St: 10:00 &#8211; 17:00<br \/>\u0160t: 7:00 &#8211; 15:30<br \/>Pi: 7:00 &#8211; 13:00<\/p>\n<p>[\/et_pb_team_member][\/et_pb_column][et_pb_column type=&#8220;1_3&#8243; _builder_version=&#8220;4.27.3&#8243; _module_preset=&#8220;default&#8220; global_colors_info=&#8220;{}&#8220;][et_pb_team_member name=&#8220;MUDr. Dezider Timko&#8220; _builder_version=&#8220;4.27.3&#8243; _module_preset=&#8220;default&#8220; header_font=&#8220;&#8211;et_global_body_font|700|||||||&#8220; header_text_color=&#8220;#e9b323&#8243; header_font_size=&#8220;19px&#8220; body_font=&#8220;&#8211;et_global_body_font|500|||||||&#8220; body_text_color=&#8220;#000000&#8243; body_font_size=&#8220;16px&#8220; global_colors_info=&#8220;{}&#8220;]<i class=\"fa-solid fa-location-dot\"><\/i>\u00a0N\u00e1bre\u017eie 4.apr\u00edla 1990<br \/>\n031 01 Liptovsk\u00fd Mikul\u00e1\u0161<\/p>\n<p><i class=\"fa-solid fa-phone\"><\/i> 044 552 4441<\/p>\n<p><strong>Ordina\u010dn\u00e9 hodiny:<\/strong><br \/>\nPo: 7:00 &#8211; 15:30<br \/>\nUt: 7:00 &#8211; 15:30<br \/>\nSt: 7:00 &#8211; 15:30<br \/>\n\u0160t: 7:00 &#8211; 15:30<br \/>\nPi: 7:00 &#8211; 15:30[\/et_pb_team_member][\/et_pb_column][\/et_pb_row][et_pb_row column_structure=&#8220;1_3,1_3,1_3&#8243; _builder_version=&#8220;4.27.3&#8243; _module_preset=&#8220;default&#8220; custom_padding=&#8220;16px|||||&#8220; global_colors_info=&#8220;{}&#8220;][et_pb_column type=&#8220;1_3&#8243; _builder_version=&#8220;4.27.3&#8243; _module_preset=&#8220;default&#8220; global_colors_info=&#8220;{}&#8220;][et_pb_team_member name=&#8220;MUDr. Darina \u0160oukalov\u00e1&#8220; _builder_version=&#8220;4.27.3&#8243; _module_preset=&#8220;default&#8220; header_font=&#8220;&#8211;et_global_body_font|700|||||||&#8220; header_text_color=&#8220;#e9b323&#8243; header_font_size=&#8220;19px&#8220; body_font=&#8220;&#8211;et_global_body_font|500|||||||&#8220; body_text_color=&#8220;#000000&#8243; body_font_size=&#8220;16px&#8220; global_colors_info=&#8220;{}&#8220;]<\/p>\n<p><i class=\"fa-solid fa-location-dot\"><\/i>\u00a0Stred 41<br \/>\u00a0 \u00a0023 54 Turzovka<\/p>\n<p><i class=\"fa-solid fa-phone\"><\/i> 0911 878 338 | 041 500 0330<\/p>\n<p><strong>Ordina\u010dn\u00e9 hodiny:<\/strong><br \/>Po: 7:00 &#8211; 15:00<br \/>Ut: 7:00 &#8211; 15:00<br \/>St: 7:00 &#8211; 17:00<br \/>\u0160t: 7:00 &#8211; 15:00<br \/>Pi: 7:00 &#8211; 13:00<\/p>\n<p>[\/et_pb_team_member][\/et_pb_column][et_pb_column type=&#8220;1_3&#8243; _builder_version=&#8220;4.27.3&#8243; _module_preset=&#8220;default&#8220; global_colors_info=&#8220;{}&#8220;][et_pb_team_member name=&#8220;MUDr. Klaudia \u010cubo\u0148ov\u00e1&#8220; _builder_version=&#8220;4.27.3&#8243; _module_preset=&#8220;default&#8220; header_font=&#8220;&#8211;et_global_body_font|700|||||||&#8220; header_text_color=&#8220;#e9b323&#8243; header_font_size=&#8220;19px&#8220; body_font=&#8220;&#8211;et_global_body_font|500|||||||&#8220; body_text_color=&#8220;#000000&#8243; body_font_size=&#8220;16px&#8220; global_colors_info=&#8220;{}&#8220;]<\/p>\n<p><i class=\"fa-solid fa-location-dot\"><\/i>\u00a0Mati\u010dn\u00e9 n\u00e1mestie 1124\/5<br \/>022 01 \u010cadca<\/p>\n<p><i class=\"fa-solid fa-phone\"><\/i> 0911 855 744<\/p>\n<p><strong>Ordina\u010dn\u00e9 hodiny:<\/strong><br \/>Po: 6:30 &#8211; 14:30<br \/>Ut: 8:00 &#8211; 16:30<br \/>St: 8:00 &#8211; 14:30<br \/>\u0160t: 6:30 &#8211; 14:30<br \/>Pi: 6:30 &#8211; 12:30<\/p>\n<p>[\/et_pb_team_member][\/et_pb_column][et_pb_column type=&#8220;1_3&#8243; _builder_version=&#8220;4.27.3&#8243; _module_preset=&#8220;default&#8220; global_colors_info=&#8220;{}&#8220;][et_pb_team_member name=&#8220;MUDr. \u013dubica Lev\u010d\u00edk Pol\u00e1kov\u00e1&#8220; _builder_version=&#8220;4.27.3&#8243; _module_preset=&#8220;default&#8220; header_font=&#8220;&#8211;et_global_body_font|700|||||||&#8220; header_text_color=&#8220;#e9b323&#8243; header_font_size=&#8220;19px&#8220; body_font=&#8220;&#8211;et_global_body_font|500|||||||&#8220; body_text_color=&#8220;#000000&#8243; body_font_size=&#8220;16px&#8220; global_colors_info=&#8220;{}&#8220;]<\/p>\n<p><i class=\"fa-solid fa-location-dot\"><\/i>\u00a0M\u00e1jov\u00e1 1615<br \/>022 01 \u010cadca<\/p>\n<p><i class=\"fa-solid fa-phone\"><\/i> 0948 123 493<\/p>\n<p><strong>Ordina\u010dn\u00e9 hodiny:<\/strong><br \/>Po: 6:00 &#8211; 15:00<br \/>Ut: 6:00 &#8211; 15:00<br \/>St: 6:00 &#8211; 15:00<br \/>\u0160t: 6:00 &#8211; 10:00<br \/>Pi: 6:00 &#8211; 12:00<\/p>\n<p>[\/et_pb_team_member][\/et_pb_column][\/et_pb_row][et_pb_row column_structure=&#8220;1_3,1_3,1_3&#8243; _builder_version=&#8220;4.27.3&#8243; _module_preset=&#8220;default&#8220; custom_padding=&#8220;16px|||||&#8220; global_colors_info=&#8220;{}&#8220;][et_pb_column type=&#8220;1_3&#8243; _builder_version=&#8220;4.27.3&#8243; _module_preset=&#8220;default&#8220; global_colors_info=&#8220;{}&#8220;][et_pb_team_member name=&#8220;MUDr. Bielik Tibor, PhD.&#8220; _builder_version=&#8220;4.27.3&#8243; _module_preset=&#8220;default&#8220; header_font=&#8220;&#8211;et_global_body_font|700|||||||&#8220; header_text_color=&#8220;#e9b323&#8243; header_font_size=&#8220;19px&#8220; body_font=&#8220;&#8211;et_global_body_font|500|||||||&#8220; body_text_color=&#8220;#000000&#8243; body_font_size=&#8220;16px&#8220; global_colors_info=&#8220;{}&#8220;]<i class=\"fa-solid fa-location-dot\"><\/i> Koll\u00e1rova 2<br \/>\n036 01 Martin<\/p>\n<p><i class=\"fa-solid fa-phone\"><\/i> 043\/4203 207<\/p>\n<p><strong>Ordina\u010dn\u00e9 hodiny:<\/strong><br \/>\nPo: 9:00 \u2013 13:00<br \/>\nUt: 10:00 \u2013 14:00<br \/>\nSt: &#8211;<br \/>\n\u0160t: 10:00 \u2013 14:00<br \/>\nPi: -[\/et_pb_team_member][\/et_pb_column][et_pb_column type=&#8220;1_3&#8243; _builder_version=&#8220;4.27.3&#8243; _module_preset=&#8220;default&#8220; global_colors_info=&#8220;{}&#8220;][et_pb_team_member name=&#8220;MUDr. J\u00e1n Pau\u010din&#8220; _builder_version=&#8220;4.27.3&#8243; _module_preset=&#8220;default&#8220; header_font=&#8220;&#8211;et_global_body_font|700|||||||&#8220; header_text_color=&#8220;#e9b323&#8243; header_font_size=&#8220;19px&#8220; body_font=&#8220;&#8211;et_global_body_font|500|||||||&#8220; body_text_color=&#8220;#000000&#8243; body_font_size=&#8220;16px&#8220; hover_enabled=&#8220;0&#8243; global_colors_info=&#8220;{}&#8220; sticky_enabled=&#8220;0&#8243;]<\/p>\n<p><i class=\"fa-solid fa-location-dot\"><\/i> Daniela Dlaba\u010da 9<br \/>010 01 \u017dilina<\/p>\n<p><i class=\"fa-solid fa-phone\"><\/i> 041\/562 6313<br \/><i class=\"fa-solid fa-globe\"><\/i> <a href=\"https:\/\/gynpaucin.sk\/\">gynpaucin.sk<\/a><\/p>\n<p><strong>Ordina\u010dn\u00e9 hodiny:<\/strong><br \/>Po: 7:15 \u2013 15:15<br \/>Ut: 7:15 \u2013 15:15<br \/>St: 7:15 &#8211; 17:15<br \/>\u0160t: 7:15 \u2013 15:15<br \/>Pi: 7:15 &#8211; 13:15<\/p>\n<p>[\/et_pb_team_member][\/et_pb_column][et_pb_column type=&#8220;1_3&#8243; _builder_version=&#8220;4.27.3&#8243; _module_preset=&#8220;default&#8220; global_colors_info=&#8220;{}&#8220;][et_pb_team_member name=&#8220;MUDr. Anna Moresov\u00e1&#8220; _builder_version=&#8220;4.27.3&#8243; _module_preset=&#8220;default&#8220; header_font=&#8220;&#8211;et_global_body_font|700|||||||&#8220; header_text_color=&#8220;#e9b323&#8243; header_font_size=&#8220;19px&#8220; body_font=&#8220;&#8211;et_global_body_font|500|||||||&#8220; body_text_color=&#8220;#000000&#8243; body_font_size=&#8220;16px&#8220; hover_enabled=&#8220;0&#8243; global_colors_info=&#8220;{}&#8220; sticky_enabled=&#8220;0&#8243;]<\/p>\n<p><i class=\"fa-solid fa-location-dot\"><\/i> \u010cerven\u00e9ho kr\u00ed\u017ea 62\/30<br \/>029 01 N\u00e1mestovo<\/p>\n<p><i class=\"fa-solid fa-phone\"><\/i>0918704444<\/p>\n<p><strong>Ordina\u010dn\u00e9 hodiny:<\/strong><br \/>Po: 6:30 \u2013 15:00<br \/>Ut: 6:30 \u2013 15:00<br \/>St: 10:00 &#8211; 17:00<br \/>\u0160t: 6:30 \u2013 15:00<br \/>Pi: 6:30 &#8211; 15:00<\/p>\n<p>[\/et_pb_team_member][\/et_pb_column][\/et_pb_row][et_pb_row column_structure=&#8220;1_3,1_3,1_3&#8243; _builder_version=&#8220;4.27.3&#8243; _module_preset=&#8220;default&#8220; custom_padding=&#8220;16px|||||&#8220; global_colors_info=&#8220;{}&#8220;][et_pb_column type=&#8220;1_3&#8243; _builder_version=&#8220;4.27.3&#8243; _module_preset=&#8220;default&#8220; global_colors_info=&#8220;{}&#8220;][et_pb_team_member name=&#8220;MUDr. Katar\u00edna Krko\u0161ov\u00e1&#8220; _builder_version=&#8220;4.27.3&#8243; _module_preset=&#8220;default&#8220; header_font=&#8220;&#8211;et_global_body_font|700|||||||&#8220; header_text_color=&#8220;#e9b323&#8243; header_font_size=&#8220;19px&#8220; body_font=&#8220;&#8211;et_global_body_font|500|||||||&#8220; body_text_color=&#8220;#000000&#8243; body_font_size=&#8220;16px&#8220; hover_enabled=&#8220;0&#8243; global_colors_info=&#8220;{}&#8220; sticky_enabled=&#8220;0&#8243;]<\/p>\n<p><i class=\"fa-solid fa-location-dot\"><\/i>Bj\u00f6rnsonova 20<br \/>036 01 Martin<\/p>\n<p><i class=\"fa-solid fa-phone\"><\/i> 0915445208<\/p>\n<p>gynmart@gmail.com<\/p>\n<p><strong>Ordina\u010dn\u00e9 hodiny:<\/strong><br \/>Po: 7:00 \u2013 15:00<\/p>\n<p>[\/et_pb_team_member][\/et_pb_column][et_pb_column type=&#8220;1_3&#8243; _builder_version=&#8220;4.27.3&#8243; _module_preset=&#8220;default&#8220; global_colors_info=&#8220;{}&#8220;][et_pb_team_member name=&#8220;MUDr. Patrik Gallo&#8220; _builder_version=&#8220;4.27.3&#8243; _module_preset=&#8220;default&#8220; header_font=&#8220;&#8211;et_global_body_font|700|||||||&#8220; header_text_color=&#8220;#e9b323&#8243; header_font_size=&#8220;19px&#8220; body_font=&#8220;&#8211;et_global_body_font|500|||||||&#8220; body_text_color=&#8220;#000000&#8243; body_font_size=&#8220;16px&#8220; hover_enabled=&#8220;0&#8243; global_colors_info=&#8220;{}&#8220; sticky_enabled=&#8220;0&#8243;]<\/p>\n<p><i class=\"fa-solid fa-location-dot\"><\/i> Prielo\u017etek 1<br \/>036 01 Martin<\/p>\n<p><i class=\"fa-solid fa-phone\"><\/i>0948443471<br \/><i class=\"fa-solid fa-globe\"><\/i> <a href=\"https:\/\/ecasenka.sk\/\">ecasenka.sk<\/a><\/p>\n<p><strong>Ordina\u010dn\u00e9 hodiny:<\/strong><br \/>Po: 6:15 \u2013 13:45<br \/>Ut: 6:15 \u2013 13:45<br \/>St: 9:00 &#8211; 17:00<br \/>\u0160t: 6:15 \u2013 13:15<br \/>Pi: 6:15 &#8211; 13:15<\/p>\n<p>[\/et_pb_team_member][\/et_pb_column][et_pb_column type=&#8220;1_3&#8243; _builder_version=&#8220;4.27.3&#8243; _module_preset=&#8220;default&#8220; global_colors_info=&#8220;{}&#8220;][\/et_pb_column][\/et_pb_row][\/et_pb_section]<\/p>\n","protected":false},"excerpt":{"rendered":"<p>Odborn\u00e1 pomocKontaktujte odborn\u00edkaBanskobystrick\u00fd kraj Bratislavsk\u00fd kraj Ko\u0161ick\u00fd kraj Nitriansky kraj Pre\u0161ovsk\u00fd kraj Trnavsk\u00fd kraj Tren\u010diansky kraj \u017dilinsk\u00fd kraj\u017dilinsk\u00fd kraj\u00a0J\u00e1no\u0161\u00edkovo n\u00e1bre\u017eie 1212\/2 &nbsp;&nbsp;&nbsp;Liptovsk\u00fd Mikul\u00e1\u0161 044 552 5260 Ordina\u010dn\u00e9 hodiny: Po: 8:00 &#8211; 15:00 Ut: 8:00 &#8211; 15:00 St: &#8211; \u0160t: 8:00 &#8211; 15:00 Pi: 8:00 &#8211; 14:00\u00a0\u0160t\u00farova 1Liptovsk\u00fd Mikul\u00e1\u0161 0902 232 110 www.gynscreen.sk Ordina\u010dn\u00e9 hodiny:Po: 7:00 [&hellip;]<\/p>\n","protected":false},"author":1,"featured_media":0,"parent":0,"menu_order":0,"comment_status":"closed","ping_status":"closed","template":"","meta":{"_et_pb_use_builder":"on","_et_pb_old_content":"","_et_gb_content_width":"","footnotes":""},"difl_page_category":[],"class_list":["post-594","page","type-page","status-publish","hentry"],"yoast_head":"<!-- This site is optimized with the Yoast SEO plugin v26.4 - https:\/\/yoast.com\/wordpress\/plugins\/seo\/ -->\n<title>\u017dilinsk\u00fd kraj - Endometri\u00f3za | Praktick\u00e1 pr\u00edru\u010dka pre \u017eeny s endometri\u00f3zou alebo jej pr\u00edznakmi<\/title>\n<meta name=\"robots\" content=\"index, follow, max-snippet:-1, max-image-preview:large, max-video-preview:-1\" \/>\n<link rel=\"canonical\" href=\"https:\/\/endometriosis.sk\/verejnost\/zilinsky-kraj\/\" \/>\n<meta property=\"og:locale\" content=\"sk_SK\" \/>\n<meta property=\"og:type\" content=\"article\" \/>\n<meta property=\"og:title\" content=\"\u017dilinsk\u00fd kraj - Endometri\u00f3za | Praktick\u00e1 pr\u00edru\u010dka pre \u017eeny s endometri\u00f3zou alebo jej pr\u00edznakmi\" \/>\n<meta property=\"og:description\" content=\"Odborn\u00e1 pomocKontaktujte odborn\u00edkaBanskobystrick\u00fd kraj Bratislavsk\u00fd kraj Ko\u0161ick\u00fd kraj Nitriansky kraj Pre\u0161ovsk\u00fd kraj Trnavsk\u00fd kraj Tren\u010diansky kraj \u017dilinsk\u00fd kraj\u017dilinsk\u00fd kraj\u00a0J\u00e1no\u0161\u00edkovo n\u00e1bre\u017eie 1212\/2 &nbsp;&nbsp;&nbsp;Liptovsk\u00fd Mikul\u00e1\u0161 044 552 5260 Ordina\u010dn\u00e9 hodiny: Po: 8:00 - 15:00 Ut: 8:00 - 15:00 St: - \u0160t: 8:00 - 15:00 Pi: 8:00 - 14:00\u00a0\u0160t\u00farova 1Liptovsk\u00fd Mikul\u00e1\u0161 0902 232 110 www.gynscreen.sk Ordina\u010dn\u00e9 hodiny:Po: 7:00 [&hellip;]\" \/>\n<meta property=\"og:url\" content=\"https:\/\/endometriosis.sk\/verejnost\/zilinsky-kraj\/\" \/>\n<meta property=\"og:site_name\" content=\"Endometri\u00f3za | Praktick\u00e1 pr\u00edru\u010dka pre \u017eeny s endometri\u00f3zou alebo jej pr\u00edznakmi\" \/>\n<meta property=\"article:modified_time\" content=\"2025-01-30T13:40:47+00:00\" \/>\n<meta name=\"twitter:card\" content=\"summary_large_image\" \/>\n<meta name=\"twitter:label1\" content=\"Predpokladan\u00fd \u010das \u010d\u00edtania\" \/>\n\t<meta name=\"twitter:data1\" content=\"7 min\u00fat\" \/>\n<script type=\"application\/ld+json\" class=\"yoast-schema-graph\">{\"@context\":\"https:\/\/schema.org\",\"@graph\":[{\"@type\":\"WebPage\",\"@id\":\"https:\/\/endometriosis.sk\/verejnost\/zilinsky-kraj\/\",\"url\":\"https:\/\/endometriosis.sk\/verejnost\/zilinsky-kraj\/\",\"name\":\"\u017dilinsk\u00fd kraj - Endometri\u00f3za | Praktick\u00e1 pr\u00edru\u010dka pre \u017eeny s endometri\u00f3zou alebo jej pr\u00edznakmi\",\"isPartOf\":{\"@id\":\"https:\/\/endometriosis.sk\/verejnost\/#website\"},\"datePublished\":\"2024-11-25T10:41:21+00:00\",\"dateModified\":\"2025-01-30T13:40:47+00:00\",\"breadcrumb\":{\"@id\":\"https:\/\/endometriosis.sk\/verejnost\/zilinsky-kraj\/#breadcrumb\"},\"inLanguage\":\"sk-SK\",\"potentialAction\":[{\"@type\":\"ReadAction\",\"target\":[\"https:\/\/endometriosis.sk\/verejnost\/zilinsky-kraj\/\"]}]},{\"@type\":\"BreadcrumbList\",\"@id\":\"https:\/\/endometriosis.sk\/verejnost\/zilinsky-kraj\/#breadcrumb\",\"itemListElement\":[{\"@type\":\"ListItem\",\"position\":1,\"name\":\"Domovsk\u00e1 str\u00e1nka\",\"item\":\"https:\/\/endometriosis.sk\/verejnost\/\"},{\"@type\":\"ListItem\",\"position\":2,\"name\":\"\u017dilinsk\u00fd kraj\"}]},{\"@type\":\"WebSite\",\"@id\":\"https:\/\/endometriosis.sk\/verejnost\/#website\",\"url\":\"https:\/\/endometriosis.sk\/verejnost\/\",\"name\":\"Endometri\u00f3za | Praktick\u00e1 pr\u00edru\u010dka pre \u017eeny s endometri\u00f3zou alebo jej pr\u00edznakmi\",\"description\":\"\",\"potentialAction\":[{\"@type\":\"SearchAction\",\"target\":{\"@type\":\"EntryPoint\",\"urlTemplate\":\"https:\/\/endometriosis.sk\/verejnost\/?s={search_term_string}\"},\"query-input\":{\"@type\":\"PropertyValueSpecification\",\"valueRequired\":true,\"valueName\":\"search_term_string\"}}],\"inLanguage\":\"sk-SK\"}]}<\/script>\n<!-- \/ Yoast SEO plugin. -->","yoast_head_json":{"title":"\u017dilinsk\u00fd kraj - Endometri\u00f3za | Praktick\u00e1 pr\u00edru\u010dka pre \u017eeny s endometri\u00f3zou alebo jej pr\u00edznakmi","robots":{"index":"index","follow":"follow","max-snippet":"max-snippet:-1","max-image-preview":"max-image-preview:large","max-video-preview":"max-video-preview:-1"},"canonical":"https:\/\/endometriosis.sk\/verejnost\/zilinsky-kraj\/","og_locale":"sk_SK","og_type":"article","og_title":"\u017dilinsk\u00fd kraj - Endometri\u00f3za | Praktick\u00e1 pr\u00edru\u010dka pre \u017eeny s endometri\u00f3zou alebo jej pr\u00edznakmi","og_description":"Odborn\u00e1 pomocKontaktujte odborn\u00edkaBanskobystrick\u00fd kraj Bratislavsk\u00fd kraj Ko\u0161ick\u00fd kraj Nitriansky kraj Pre\u0161ovsk\u00fd kraj Trnavsk\u00fd kraj Tren\u010diansky kraj \u017dilinsk\u00fd kraj\u017dilinsk\u00fd kraj\u00a0J\u00e1no\u0161\u00edkovo n\u00e1bre\u017eie 1212\/2 &nbsp;&nbsp;&nbsp;Liptovsk\u00fd Mikul\u00e1\u0161 044 552 5260 Ordina\u010dn\u00e9 hodiny: Po: 8:00 - 15:00 Ut: 8:00 - 15:00 St: - \u0160t: 8:00 - 15:00 Pi: 8:00 - 14:00\u00a0\u0160t\u00farova 1Liptovsk\u00fd Mikul\u00e1\u0161 0902 232 110 www.gynscreen.sk Ordina\u010dn\u00e9 hodiny:Po: 7:00 [&hellip;]","og_url":"https:\/\/endometriosis.sk\/verejnost\/zilinsky-kraj\/","og_site_name":"Endometri\u00f3za | Praktick\u00e1 pr\u00edru\u010dka pre \u017eeny s endometri\u00f3zou alebo jej pr\u00edznakmi","article_modified_time":"2025-01-30T13:40:47+00:00","twitter_card":"summary_large_image","twitter_misc":{"Predpokladan\u00fd \u010das \u010d\u00edtania":"7 min\u00fat"},"schema":{"@context":"https:\/\/schema.org","@graph":[{"@type":"WebPage","@id":"https:\/\/endometriosis.sk\/verejnost\/zilinsky-kraj\/","url":"https:\/\/endometriosis.sk\/verejnost\/zilinsky-kraj\/","name":"\u017dilinsk\u00fd kraj - Endometri\u00f3za | Praktick\u00e1 pr\u00edru\u010dka pre \u017eeny s endometri\u00f3zou alebo jej pr\u00edznakmi","isPartOf":{"@id":"https:\/\/endometriosis.sk\/verejnost\/#website"},"datePublished":"2024-11-25T10:41:21+00:00","dateModified":"2025-01-30T13:40:47+00:00","breadcrumb":{"@id":"https:\/\/endometriosis.sk\/verejnost\/zilinsky-kraj\/#breadcrumb"},"inLanguage":"sk-SK","potentialAction":[{"@type":"ReadAction","target":["https:\/\/endometriosis.sk\/verejnost\/zilinsky-kraj\/"]}]},{"@type":"BreadcrumbList","@id":"https:\/\/endometriosis.sk\/verejnost\/zilinsky-kraj\/#breadcrumb","itemListElement":[{"@type":"ListItem","position":1,"name":"Domovsk\u00e1 str\u00e1nka","item":"https:\/\/endometriosis.sk\/verejnost\/"},{"@type":"ListItem","position":2,"name":"\u017dilinsk\u00fd kraj"}]},{"@type":"WebSite","@id":"https:\/\/endometriosis.sk\/verejnost\/#website","url":"https:\/\/endometriosis.sk\/verejnost\/","name":"Endometri\u00f3za | Praktick\u00e1 pr\u00edru\u010dka pre \u017eeny s endometri\u00f3zou alebo jej pr\u00edznakmi","description":"","potentialAction":[{"@type":"SearchAction","target":{"@type":"EntryPoint","urlTemplate":"https:\/\/endometriosis.sk\/verejnost\/?s={search_term_string}"},"query-input":{"@type":"PropertyValueSpecification","valueRequired":true,"valueName":"search_term_string"}}],"inLanguage":"sk-SK"}]}},"_links":{"self":[{"href":"https:\/\/endometriosis.sk\/verejnost\/wp-json\/wp\/v2\/pages\/594","targetHints":{"allow":["GET"]}}],"collection":[{"href":"https:\/\/endometriosis.sk\/verejnost\/wp-json\/wp\/v2\/pages"}],"about":[{"href":"https:\/\/endometriosis.sk\/verejnost\/wp-json\/wp\/v2\/types\/page"}],"author":[{"embeddable":true,"href":"https:\/\/endometriosis.sk\/verejnost\/wp-json\/wp\/v2\/users\/1"}],"replies":[{"embeddable":true,"href":"https:\/\/endometriosis.sk\/verejnost\/wp-json\/wp\/v2\/comments?post=594"}],"version-history":[{"count":19,"href":"https:\/\/endometriosis.sk\/verejnost\/wp-json\/wp\/v2\/pages\/594\/revisions"}],"predecessor-version":[{"id":746,"href":"https:\/\/endometriosis.sk\/verejnost\/wp-json\/wp\/v2\/pages\/594\/revisions\/746"}],"wp:attachment":[{"href":"https:\/\/endometriosis.sk\/verejnost\/wp-json\/wp\/v2\/media?parent=594"}],"wp:term":[{"taxonomy":"difl_page_category","embeddable":true,"href":"https:\/\/endometriosis.sk\/verejnost\/wp-json\/wp\/v2\/difl_page_category?post=594"}],"curies":[{"name":"wp","href":"https:\/\/api.w.org\/{rel}","templated":true}]}}