{"id":58,"date":"2024-11-06T08:32:29","date_gmt":"2024-11-06T07:32:29","guid":{"rendered":"https:\/\/endometriosis.sk\/verejnost\/?page_id=58"},"modified":"2024-12-04T08:19:36","modified_gmt":"2024-12-04T07:19:36","slug":"endometrioza-a-tehotnost","status":"publish","type":"page","link":"https:\/\/endometriosis.sk\/verejnost\/endometrioza-a-tehotnost\/","title":{"rendered":"Endometri\u00f3za a tehotnos\u0165"},"content":{"rendered":"<p>[et_pb_section fb_built=&#8220;1&#8243; _builder_version=&#8220;4.27.2&#8243; _module_preset=&#8220;default&#8220; background_image=&#8220;https:\/\/endometriosis.sk\/verejnost\/wp-content\/uploads\/2024\/11\/pozadie1-1.png&#8220; custom_padding=&#8220;||45px|||&#8220; global_colors_info=&#8220;{}&#8220;][et_pb_row _builder_version=&#8220;4.27.2&#8243; _module_preset=&#8220;default&#8220; global_colors_info=&#8220;{}&#8220;][et_pb_column type=&#8220;4_4&#8243; _builder_version=&#8220;4.27.2&#8243; _module_preset=&#8220;default&#8220; global_colors_info=&#8220;{}&#8220;][et_pb_text _builder_version=&#8220;4.27.2&#8243; _module_preset=&#8220;default&#8220; header_font=&#8220;&#8211;et_global_heading_font|700|||||||&#8220; header_text_align=&#8220;center&#8220; header_text_color=&#8220;#ffffff&#8220; header_font_size=&#8220;34px&#8220; global_colors_info=&#8220;{}&#8220;]<\/p>\n<h1>Endometri\u00f3za a plodnos\u0165<\/h1>\n<p>[\/et_pb_text][\/et_pb_column][\/et_pb_row][\/et_pb_section][et_pb_section fb_built=&#8220;1&#8243; custom_padding_last_edited=&#8220;on|phone&#8220; _builder_version=&#8220;4.27.3&#8243; _module_preset=&#8220;default&#8220; custom_padding=&#8220;10px||32px|5px|false|false&#8220; custom_padding_tablet=&#8220;10px||32px|5px|false|false&#8220; custom_padding_phone=&#8220;|8px||15px|false|false&#8220; global_colors_info=&#8220;{}&#8220;][et_pb_row column_structure=&#8220;1_5,3_5,1_5&#8243; use_custom_gutter=&#8220;on&#8220; gutter_width=&#8220;1&#8243; _builder_version=&#8220;4.27.2&#8243; _module_preset=&#8220;default&#8220; width=&#8220;100%&#8220; max_width=&#8220;1327px&#8220; custom_margin=&#8220;||||false|false&#8220; custom_padding=&#8220;||||false|false&#8220; global_colors_info=&#8220;{}&#8220;][et_pb_column type=&#8220;1_5&#8243; _builder_version=&#8220;4.27.2&#8243; _module_preset=&#8220;default&#8220; global_colors_info=&#8220;{}&#8220;][\/et_pb_column][et_pb_column type=&#8220;3_5&#8243; _builder_version=&#8220;4.27.2&#8243; _module_preset=&#8220;default&#8220; global_colors_info=&#8220;{}&#8220;][et_pb_text _builder_version=&#8220;4.27.3&#8243; _module_preset=&#8220;default&#8220; text_font=&#8220;&#8211;et_global_body_font||||||||&#8220; text_text_color=&#8220;#000000&#8243; text_font_size=&#8220;15px&#8220; header_font=&#8220;&#8211;et_global_heading_font||||||||&#8220; header_text_align=&#8220;center&#8220; header_text_color=&#8220;#e9b323&#8243; custom_margin=&#8220;|4px||6px|false|false&#8220; custom_padding=&#8220;18px||10px|||&#8220; global_colors_info=&#8220;{}&#8220;]<\/p>\n<p>Endometri\u00f3za m\u00f4\u017ee ovplyvni\u0165 plodnos\u0165 r\u00f4znymi sp\u00f4sobmi. K\u013e\u00fa\u010dov\u00e9 inform\u00e1cie:<\/p>\n<h1>Ako endometri\u00f3za ovplyv\u0148uje plodnos\u0165<\/h1>\n<p><span style=\"color: #ffcc00;\"><a href=\"https:\/\/endometriosis.sk\/verejnost\/endometrioza-pribeh-jany-ktora-bojovala-o-svoje-zdravie-a-stastie\/\" style=\"color: #ffcc00;\">Endometri\u00f3za m\u00f4\u017ee sp\u00f4sobi\u0165 neplodnos\u0165<\/a><\/span> prostredn\u00edctvom zjazvenia, z\u00e1palu alebo hormon\u00e1lnych zmien. Odkladanie tehotnosti na pokro\u010dil\u00fd vek zni\u017euje \u0161ancu na otehotnenie.<\/p>\n<p>Jazvy a zrasty m\u00f4\u017eu naru\u0161i\u0165 funkciu vaje\u010dn\u00edkov, vaj\u00ed\u010dkovodov a maternice, \u010do m\u00f4\u017ee s\u0165a\u017ei\u0165 oplodnenie a implant\u00e1ciu oplodnen\u00e9ho vaj\u00ed\u010dka. Z\u00e1pal m\u00f4\u017ee tie\u017e negat\u00edvne ovplyvni\u0165 kvalitu vaj\u00ed\u010dok a prostredie v maternici.<\/p>\n<h1>Stupne endometri\u00f3zy a plodnos\u0165<\/h1>\n<p>Endometri\u00f3za sa hodnot\u00ed v \u0161tyroch stup\u0148och (I a\u017e IV)<span style=\"color: #ffcc00;\"> <a href=\"https:\/\/endometriosis.sk\/verejnost\/ake-su-stadia-endometriozy\/\" style=\"color: #ffcc00;\">pod\u013ea z\u00e1va\u017enosti a rozsahu ochorenia<\/a>.<\/span> \u017deny s miernou endometri\u00f3zou (stupne I a II) m\u00f4\u017eu ma\u0165 men\u0161ie probl\u00e9my s plodnos\u0165ou, zatia\u013e \u010do \u017eeny s pokro\u010dilou endometri\u00f3zou (stupne III a IV) m\u00f4\u017eu \u010deli\u0165 v\u00e4\u010d\u0161\u00edm v\u00fdzvam.<\/p>\n<h1>Mo\u017enosti lie\u010dby<\/h1>\n<p>Existuje nieko\u013eko mo\u017enost\u00ed lie\u010dby, ktor\u00e9 m\u00f4\u017eu pom\u00f4c\u0165 zlep\u0161i\u0165 \u0161ancu na otehotnenie u \u017eien s<br \/>endometri\u00f3zou.<\/p>\n<ul>\n<li><strong>Farmakologick\u00e1 lie\u010dba:<\/strong> m\u00f4\u017ee pom\u00f4c\u0165 zn\u00ed\u017ei\u0165 z\u00e1pal u \u017eien, ktor\u00e9 v bud\u00facnosti pl\u00e1nuj\u00fa tehotenstvo. Zn\u00ed\u017ei sympt\u00f3my a rozvoj endometri\u00f3zy a pom\u00f4\u017ee tak preklen\u00fa\u0165 obdobie do \u010dasu, kedy u\u017e \u017eena chce otehotnie\u0165. Vtedy sa lie\u010dba vysad\u00ed, nako\u013eko ona samotn\u00e1, m\u00f4\u017ee otehotneniu br\u00e1ni\u0165.<br \/><strong><\/strong><\/li>\n<li><strong>Chirurgick\u00e1 lie\u010dba:<\/strong> Laparoskopick\u00e1 oper\u00e1cia m\u00f4\u017ee odstr\u00e1ni\u0165 endometri\u00e1lne lo\u017eisk\u00e1 a zlep\u0161i\u0165 \u0161ance na otehotnenie, najm\u00e4 u \u017eien s miernou a\u017e stredne \u0165a\u017ekou endometri\u00f3zou. Negat\u00edvom m\u00f4\u017eu by\u0165 komplik\u00e1cie a zrasty po chirurgickom z\u00e1kroku. Kombin\u00e1ciou vhodnej farmakologickej lie\u010dby a chirurgickej lie\u010dby sa m\u00f4\u017ee \u017eena trpiaca endometri\u00f3zou a pl\u00e1nuj\u00faca tehotnos\u0165 vyhn\u00fa\u0165 opakovan\u00fdm chirurgick\u00fdm z\u00e1krokom do \u010dasu, kedy u\u017e chce otehotnie\u0165.<br \/><strong><\/strong><\/li>\n<li><strong>Asistovan\u00e1 reprodukcia:<\/strong> Met\u00f3dy asistovanej reprodukcie m\u00f4\u017eu \u017een\u00e1m s endometri\u00f3zou v\u00fdznamne pom\u00f4c\u0165 pri snahe ma\u0165 die\u0165a. Centr\u00e1 asistovanej reprodukcie poskytuj\u00fa cel\u00fd rad mo\u017enost\u00ed ako otehotnie\u0165.<\/li>\n<\/ul>\n<p>[\/et_pb_text][et_pb_image src=&#8220;https:\/\/endometriosis.sk\/verejnost\/wp-content\/uploads\/2024\/11\/graf2-pristup-k-liecbe-endometr_-V2.png&#8220; alt=&#8220;graf pr\u00edstup k lie\u010dbe endometri\u00f3zy&#8220; _builder_version=&#8220;4.27.2&#8243; _module_preset=&#8220;default&#8220; global_colors_info=&#8220;{}&#8220;][\/et_pb_image][et_pb_text _builder_version=&#8220;4.27.2&#8243; _module_preset=&#8220;default&#8220; text_font=&#8220;&#8211;et_global_body_font||||||||&#8220; text_text_color=&#8220;#000000&#8243; text_font_size=&#8220;15px&#8220; header_font=&#8220;&#8211;et_global_heading_font||||||||&#8220; header_text_align=&#8220;center&#8220; header_text_color=&#8220;#e9b323&#8243; custom_margin=&#8220;|4px||6px|false|false&#8220; custom_padding=&#8220;18px||10px|||&#8220; global_colors_info=&#8220;{}&#8220;]<\/p>\n<h1>\u00daspe\u0161nos\u0165 prirodzen\u00e9ho otehotnenia<\/h1>\n<p>Aj ke\u010f endometri\u00f3za zni\u017euje \u0161ance na prirodzen\u00e9 otehotnenie, mnoho \u017eien s t\u00fdmto ochoren\u00edm\u00a0 otehotnie aj bez asistovanej reprodukcie. Odhaduje sa, \u017ee 60-70 % \u017eien s endometri\u00f3zou m\u00f4\u017ee otehotnie\u0165 spont\u00e1nne.<\/p>\n<h1>Konzult\u00e1cia so \u0161pecialistom<\/h1>\n<p>Ak m\u00e1te endometri\u00f3zu a probl\u00e9my s plodnos\u0165ou, je d\u00f4le\u017eit\u00e9 svoj zdravotn\u00fd<span style=\"color: #ffcc00;\"> <a href=\"https:\/\/endometriosis.sk\/verejnost\/odborna-pomoc\/\" style=\"color: #ffcc00;\">stav konzultova\u0165 s gynekol\u00f3gom<\/a><\/span>. M\u00f4\u017ee v\u00e1m poskytn\u00fa\u0165 individu\u00e1lne rady a odporu\u010di\u0165 najlep\u0161ie mo\u017enosti lie\u010dby pre va\u0161u situ\u00e1ciu.<\/p>\n<p>[\/et_pb_text][\/et_pb_column][et_pb_column type=&#8220;1_5&#8243; _builder_version=&#8220;4.27.2&#8243; _module_preset=&#8220;default&#8220; global_colors_info=&#8220;{}&#8220;][\/et_pb_column][\/et_pb_row][\/et_pb_section][et_pb_section fb_built=&#8220;1&#8243; _builder_version=&#8220;4.27.2&#8243; _module_preset=&#8220;default&#8220; background_image=&#8220;https:\/\/endometriosis.sk\/verejnost\/wp-content\/uploads\/2024\/11\/pozadie1-1.png&#8220; global_colors_info=&#8220;{}&#8220;][et_pb_row _builder_version=&#8220;4.27.2&#8243; _module_preset=&#8220;default&#8220; global_colors_info=&#8220;{}&#8220;][et_pb_column type=&#8220;4_4&#8243; _builder_version=&#8220;4.27.2&#8243; _module_preset=&#8220;default&#8220; global_colors_info=&#8220;{}&#8220;][et_pb_text _builder_version=&#8220;4.27.2&#8243; _module_preset=&#8220;default&#8220; header_font=&#8220;&#8211;et_global_heading_font|700|||||||&#8220; header_text_align=&#8220;center&#8220; header_text_color=&#8220;#ffffff&#8220; header_font_size=&#8220;34px&#8220; global_colors_info=&#8220;{}&#8220;]<\/p>\n<h1>Endometri\u00f3za a\u00a0tehotnos\u0165<\/h1>\n<p>[\/et_pb_text][\/et_pb_column][\/et_pb_row][\/et_pb_section][et_pb_section fb_built=&#8220;1&#8243; custom_padding_last_edited=&#8220;on|phone&#8220; _builder_version=&#8220;4.27.3&#8243; _module_preset=&#8220;default&#8220; custom_padding=&#8220;3px||4px|||&#8220; custom_padding_tablet=&#8220;3px||4px|||&#8220; custom_padding_phone=&#8220;|8px||15px|false|false&#8220; global_colors_info=&#8220;{}&#8220;][et_pb_row column_structure=&#8220;1_5,3_5,1_5&#8243; use_custom_gutter=&#8220;on&#8220; gutter_width=&#8220;1&#8243; _builder_version=&#8220;4.27.2&#8243; _module_preset=&#8220;default&#8220; width=&#8220;100%&#8220; max_width=&#8220;1327px&#8220; custom_margin=&#8220;||||false|false&#8220; custom_padding=&#8220;||||false|false&#8220; global_colors_info=&#8220;{}&#8220;][et_pb_column type=&#8220;1_5&#8243; _builder_version=&#8220;4.27.2&#8243; _module_preset=&#8220;default&#8220; global_colors_info=&#8220;{}&#8220;][\/et_pb_column][et_pb_column type=&#8220;3_5&#8243; _builder_version=&#8220;4.27.2&#8243; _module_preset=&#8220;default&#8220; global_colors_info=&#8220;{}&#8220;][et_pb_text _builder_version=&#8220;4.27.2&#8243; _module_preset=&#8220;default&#8220; text_font=&#8220;&#8211;et_global_body_font||||||||&#8220; text_text_color=&#8220;#000000&#8243; text_font_size=&#8220;15px&#8220; header_font=&#8220;&#8211;et_global_heading_font||||||||&#8220; header_text_align=&#8220;center&#8220; header_text_color=&#8220;#e9b323&#8243; custom_margin=&#8220;|4px||6px|false|false&#8220; custom_padding=&#8220;18px||10px|||&#8220; global_colors_info=&#8220;{}&#8220;]<\/p>\n<p>Endometri\u00f3za m\u00f4\u017ee ovplyvni\u0165 tehotenstvo r\u00f4znymi sp\u00f4sobmi. K\u013e\u00fa\u010dov\u00e9 inform\u00e1cie:<\/p>\n<h1>Tehotenstvo a sympt\u00f3my endometri\u00f3zy<\/h1>\n<p>Pre niektor\u00e9 \u017eeny m\u00f4\u017ee tehotenstvo prinies\u0165 \u00fa\u013eavu od sympt\u00f3mov endometri\u00f3zy, preto\u017ee zv\u00fd\u0161en\u00e9 hladiny progester\u00f3nu potl\u00e1\u010daj\u00fa a dokonca zmen\u0161uj\u00fa lo\u017eisk\u00e1 endometri\u00f3zy. Av\u0161ak, nie v\u0161etky \u017eeny za\u017eij\u00fa zlep\u0161enie. U niektor\u00fdch sa sympt\u00f3my dokonca zhor\u0161uj\u00fa v d\u00f4sledku rast\u00facej maternice, ktor\u00e1 tla\u010d\u00ed na existuj\u00face lo\u017eisk\u00e1.<\/p>\n<h1>Rizik\u00e1 a komplik\u00e1cie po\u010das tehotenstva<\/h1>\n<p>\u017deny s endometri\u00f3zou m\u00f4\u017eu ma\u0165 vy\u0161\u0161ie riziko ur\u010dit\u00fdch komplik\u00e1ci\u00ed po\u010das tehotenstva, vr\u00e1tane:<\/p>\n<ul>\n<li><strong>Potrat<\/strong>: Aj pri miernej endometri\u00f3ze hroz\u00ed zv\u00fd\u0161en\u00e9 riziko potratu.<\/li>\n<li><strong>Pred\u010dasn\u00fd p\u00f4rod<\/strong>: Vy\u0161\u0161ia pravdepodobnos\u0165 pred\u010dasn\u00e9ho p\u00f4rodu vedie k n\u00edzkej p\u00f4rodnej<br \/>hmotnosti a\u00a0mnoh\u00fdm zdravotn\u00fdm probl\u00e9mom u die\u0165a\u0165a.<\/li>\n<li><strong>Placenta previa<\/strong>: Zv\u00fd\u0161en\u00e9 riziko n\u00edzkeho umiestnenia placenty v maternici m\u00f4\u017ee sp\u00f4sobi\u0165<br \/>komplik\u00e1cie pri p\u00f4rode.<\/li>\n<li><strong>Preeklampsia<\/strong>: Vy\u0161\u0161ie riziko preeklampsie (vysok\u00fd krvn\u00fd tlak) m\u00f4\u017ee by\u0165 nebezpe\u010dn\u00fd pre<br \/>matku aj die\u0165a.<\/li>\n<\/ul>\n<h1>Mana\u017ement endometri\u00f3zy po\u010das tehotenstva<\/h1>\n<p>Lie\u010dba endometri\u00f3zy po\u010das tehotenstva je obmedzen\u00e1, preto\u017ee mnoh\u00e9 be\u017en\u00e9 lieky a hormon\u00e1lne<br \/>terapie nie s\u00fa pre tehotn\u00e9 \u017eeny bezpe\u010dn\u00e9. Niektor\u00e9 sp\u00f4soby, ako zvl\u00e1dnu\u0165 sympt\u00f3my, zah\u0155\u0148aj\u00fa:<\/p>\n<ul>\n<li><strong>Jemn\u00e9 cvi\u010denie:<\/strong> Aktivity ako ch\u00f4dza, jemn\u00e1 joga alebo stre\u010ding m\u00f4\u017eu pom\u00f4c\u0165 zmierni\u0165<br \/>boles\u0165.<\/li>\n<li><strong>Tepl\u00e9 k\u00fapele:<\/strong> M\u00f4\u017eu pom\u00f4c\u0165 uvo\u013eni\u0165 svaly a zmierni\u0165 k\u0155\u010de, ale vyhnite sa priamemu teplu na<br \/>brucho.<\/li>\n<li><strong>Strava bohat\u00e1 na vl\u00e1kninu:<\/strong> Pom\u00e1ha zni\u017eova\u0165 tr\u00e1viace probl\u00e9my spojen\u00e9 s endometri\u00f3zou.<\/li>\n<li><strong>Strava bohat\u00e1 na miner\u00e1ly a vitam\u00edny:<\/strong> Po\u010das tehotenstva<span style=\"color: #e09900;\"><a href=\"https:\/\/www.globifer.sk\/pozor-na-zelezo-pocas-tehotenstva-preco-je-dolezite-ako-ho-doplnat\/\" style=\"color: #e09900;\"><strong> je k\u013e\u00fa\u010dov\u00fd dostatok \u017eeleza<\/strong><\/a><\/span>, magn\u00e9zia, kalcia, j\u00f3du, vitam\u00ednov D, B, ktor\u00e9 je potrebn\u00e9 dop\u013a\u0148a\u0165 pomocou v\u00fd\u017eivnej stravy alebo vhodn\u00fdch v\u00fd\u017eivov\u00fdch doplnkov.<\/li>\n<\/ul>\n<h1>Konzult\u00e1cia so zdravotn\u00edckym odborn\u00edkom<\/h1>\n<p>Ak m\u00e1te endometri\u00f3zu a pl\u00e1nujete tehotenstvo alebo u\u017e ste tehotn\u00e1, je d\u00f4le\u017eit\u00e9 svoj zdravotn\u00fd stav<br \/>konzultova\u0165 so svoj\u00edm gynekol\u00f3gom.\u00a0Poskytne v\u00e1m individu\u00e1lne rady, odkontroluje priebeh v\u00e1\u0161ho<br \/>tehotenstva, bude sa sna\u017ei\u0165 minimalizova\u0165 rizik\u00e1 pr\u00edpadn\u00fdch komplik\u00e1ci\u00ed a\u00a0v\u00a0maxim\u00e1lnej mo\u017enej<br \/>miere zabezpe\u010d\u00ed va\u0161e zdravie ako aj zdravie v\u00e1\u0161ho die\u0165a\u0165a.<\/p>\n<p>[\/et_pb_text][et_pb_image src=&#8220;https:\/\/endometriosis.sk\/verejnost\/wp-content\/uploads\/2024\/11\/med12.png&#8220; _builder_version=&#8220;4.27.2&#8243; _module_preset=&#8220;default&#8220; global_colors_info=&#8220;{}&#8220;][\/et_pb_image][\/et_pb_column][et_pb_column type=&#8220;1_5&#8243; _builder_version=&#8220;4.27.2&#8243; _module_preset=&#8220;default&#8220; global_colors_info=&#8220;{}&#8220;][\/et_pb_column][\/et_pb_row][\/et_pb_section]<\/p>\n","protected":false},"excerpt":{"rendered":"<p>Endometri\u00f3za a plodnos\u0165Endometri\u00f3za m\u00f4\u017ee ovplyvni\u0165 plodnos\u0165 r\u00f4znymi sp\u00f4sobmi. K\u013e\u00fa\u010dov\u00e9 inform\u00e1cie: Ako endometri\u00f3za ovplyv\u0148uje plodnos\u0165 Endometri\u00f3za m\u00f4\u017ee sp\u00f4sobi\u0165 neplodnos\u0165 prostredn\u00edctvom zjazvenia, z\u00e1palu alebo hormon\u00e1lnych zmien. Odkladanie tehotnosti na pokro\u010dil\u00fd vek zni\u017euje \u0161ancu na otehotnenie. Jazvy a zrasty m\u00f4\u017eu naru\u0161i\u0165 funkciu vaje\u010dn\u00edkov, vaj\u00ed\u010dkovodov a maternice, \u010do m\u00f4\u017ee s\u0165a\u017ei\u0165 oplodnenie a implant\u00e1ciu oplodnen\u00e9ho vaj\u00ed\u010dka. Z\u00e1pal m\u00f4\u017ee tie\u017e negat\u00edvne [&hellip;]<\/p>\n","protected":false},"author":1,"featured_media":0,"parent":0,"menu_order":0,"comment_status":"closed","ping_status":"closed","template":"","meta":{"_et_pb_use_builder":"on","_et_pb_old_content":"","_et_gb_content_width":"","footnotes":""},"difl_page_category":[],"class_list":["post-58","page","type-page","status-publish","hentry"],"yoast_head":"<!-- This site is optimized with the Yoast SEO plugin v26.4 - https:\/\/yoast.com\/wordpress\/plugins\/seo\/ -->\n<title>Endometri\u00f3za a tehotnos\u0165 - Endometri\u00f3za | Praktick\u00e1 pr\u00edru\u010dka pre \u017eeny s endometri\u00f3zou alebo jej pr\u00edznakmi<\/title>\n<meta name=\"robots\" content=\"index, follow, max-snippet:-1, max-image-preview:large, max-video-preview:-1\" \/>\n<link rel=\"canonical\" href=\"https:\/\/endometriosis.sk\/verejnost\/endometrioza-a-tehotnost\/\" \/>\n<meta property=\"og:locale\" content=\"sk_SK\" \/>\n<meta property=\"og:type\" content=\"article\" \/>\n<meta property=\"og:title\" content=\"Endometri\u00f3za a tehotnos\u0165 - Endometri\u00f3za | Praktick\u00e1 pr\u00edru\u010dka pre \u017eeny s endometri\u00f3zou alebo jej pr\u00edznakmi\" \/>\n<meta property=\"og:description\" content=\"Endometri\u00f3za a plodnos\u0165Endometri\u00f3za m\u00f4\u017ee ovplyvni\u0165 plodnos\u0165 r\u00f4znymi sp\u00f4sobmi. K\u013e\u00fa\u010dov\u00e9 inform\u00e1cie: Ako endometri\u00f3za ovplyv\u0148uje plodnos\u0165 Endometri\u00f3za m\u00f4\u017ee sp\u00f4sobi\u0165 neplodnos\u0165 prostredn\u00edctvom zjazvenia, z\u00e1palu alebo hormon\u00e1lnych zmien. Odkladanie tehotnosti na pokro\u010dil\u00fd vek zni\u017euje \u0161ancu na otehotnenie. Jazvy a zrasty m\u00f4\u017eu naru\u0161i\u0165 funkciu vaje\u010dn\u00edkov, vaj\u00ed\u010dkovodov a maternice, \u010do m\u00f4\u017ee s\u0165a\u017ei\u0165 oplodnenie a implant\u00e1ciu oplodnen\u00e9ho vaj\u00ed\u010dka. Z\u00e1pal m\u00f4\u017ee tie\u017e negat\u00edvne [&hellip;]\" \/>\n<meta property=\"og:url\" content=\"https:\/\/endometriosis.sk\/verejnost\/endometrioza-a-tehotnost\/\" \/>\n<meta property=\"og:site_name\" content=\"Endometri\u00f3za | Praktick\u00e1 pr\u00edru\u010dka pre \u017eeny s endometri\u00f3zou alebo jej pr\u00edznakmi\" \/>\n<meta property=\"article:modified_time\" content=\"2024-12-04T07:19:36+00:00\" \/>\n<meta name=\"twitter:card\" content=\"summary_large_image\" \/>\n<meta name=\"twitter:label1\" content=\"Predpokladan\u00fd \u010das \u010d\u00edtania\" \/>\n\t<meta name=\"twitter:data1\" content=\"7 min\u00fat\" \/>\n<script type=\"application\/ld+json\" class=\"yoast-schema-graph\">{\"@context\":\"https:\/\/schema.org\",\"@graph\":[{\"@type\":\"WebPage\",\"@id\":\"https:\/\/endometriosis.sk\/verejnost\/endometrioza-a-tehotnost\/\",\"url\":\"https:\/\/endometriosis.sk\/verejnost\/endometrioza-a-tehotnost\/\",\"name\":\"Endometri\u00f3za a tehotnos\u0165 - Endometri\u00f3za | Praktick\u00e1 pr\u00edru\u010dka pre \u017eeny s endometri\u00f3zou alebo jej pr\u00edznakmi\",\"isPartOf\":{\"@id\":\"https:\/\/endometriosis.sk\/verejnost\/#website\"},\"datePublished\":\"2024-11-06T07:32:29+00:00\",\"dateModified\":\"2024-12-04T07:19:36+00:00\",\"breadcrumb\":{\"@id\":\"https:\/\/endometriosis.sk\/verejnost\/endometrioza-a-tehotnost\/#breadcrumb\"},\"inLanguage\":\"sk-SK\",\"potentialAction\":[{\"@type\":\"ReadAction\",\"target\":[\"https:\/\/endometriosis.sk\/verejnost\/endometrioza-a-tehotnost\/\"]}]},{\"@type\":\"BreadcrumbList\",\"@id\":\"https:\/\/endometriosis.sk\/verejnost\/endometrioza-a-tehotnost\/#breadcrumb\",\"itemListElement\":[{\"@type\":\"ListItem\",\"position\":1,\"name\":\"Domovsk\u00e1 str\u00e1nka\",\"item\":\"https:\/\/endometriosis.sk\/verejnost\/\"},{\"@type\":\"ListItem\",\"position\":2,\"name\":\"Endometri\u00f3za a tehotnos\u0165\"}]},{\"@type\":\"WebSite\",\"@id\":\"https:\/\/endometriosis.sk\/verejnost\/#website\",\"url\":\"https:\/\/endometriosis.sk\/verejnost\/\",\"name\":\"Endometri\u00f3za | Praktick\u00e1 pr\u00edru\u010dka pre \u017eeny s endometri\u00f3zou alebo jej pr\u00edznakmi\",\"description\":\"\",\"potentialAction\":[{\"@type\":\"SearchAction\",\"target\":{\"@type\":\"EntryPoint\",\"urlTemplate\":\"https:\/\/endometriosis.sk\/verejnost\/?s={search_term_string}\"},\"query-input\":{\"@type\":\"PropertyValueSpecification\",\"valueRequired\":true,\"valueName\":\"search_term_string\"}}],\"inLanguage\":\"sk-SK\"}]}<\/script>\n<!-- \/ Yoast SEO plugin. -->","yoast_head_json":{"title":"Endometri\u00f3za a tehotnos\u0165 - Endometri\u00f3za | Praktick\u00e1 pr\u00edru\u010dka pre \u017eeny s endometri\u00f3zou alebo jej pr\u00edznakmi","robots":{"index":"index","follow":"follow","max-snippet":"max-snippet:-1","max-image-preview":"max-image-preview:large","max-video-preview":"max-video-preview:-1"},"canonical":"https:\/\/endometriosis.sk\/verejnost\/endometrioza-a-tehotnost\/","og_locale":"sk_SK","og_type":"article","og_title":"Endometri\u00f3za a tehotnos\u0165 - Endometri\u00f3za | Praktick\u00e1 pr\u00edru\u010dka pre \u017eeny s endometri\u00f3zou alebo jej pr\u00edznakmi","og_description":"Endometri\u00f3za a plodnos\u0165Endometri\u00f3za m\u00f4\u017ee ovplyvni\u0165 plodnos\u0165 r\u00f4znymi sp\u00f4sobmi. K\u013e\u00fa\u010dov\u00e9 inform\u00e1cie: Ako endometri\u00f3za ovplyv\u0148uje plodnos\u0165 Endometri\u00f3za m\u00f4\u017ee sp\u00f4sobi\u0165 neplodnos\u0165 prostredn\u00edctvom zjazvenia, z\u00e1palu alebo hormon\u00e1lnych zmien. Odkladanie tehotnosti na pokro\u010dil\u00fd vek zni\u017euje \u0161ancu na otehotnenie. Jazvy a zrasty m\u00f4\u017eu naru\u0161i\u0165 funkciu vaje\u010dn\u00edkov, vaj\u00ed\u010dkovodov a maternice, \u010do m\u00f4\u017ee s\u0165a\u017ei\u0165 oplodnenie a implant\u00e1ciu oplodnen\u00e9ho vaj\u00ed\u010dka. Z\u00e1pal m\u00f4\u017ee tie\u017e negat\u00edvne [&hellip;]","og_url":"https:\/\/endometriosis.sk\/verejnost\/endometrioza-a-tehotnost\/","og_site_name":"Endometri\u00f3za | Praktick\u00e1 pr\u00edru\u010dka pre \u017eeny s endometri\u00f3zou alebo jej pr\u00edznakmi","article_modified_time":"2024-12-04T07:19:36+00:00","twitter_card":"summary_large_image","twitter_misc":{"Predpokladan\u00fd \u010das \u010d\u00edtania":"7 min\u00fat"},"schema":{"@context":"https:\/\/schema.org","@graph":[{"@type":"WebPage","@id":"https:\/\/endometriosis.sk\/verejnost\/endometrioza-a-tehotnost\/","url":"https:\/\/endometriosis.sk\/verejnost\/endometrioza-a-tehotnost\/","name":"Endometri\u00f3za a tehotnos\u0165 - Endometri\u00f3za | Praktick\u00e1 pr\u00edru\u010dka pre \u017eeny s endometri\u00f3zou alebo jej pr\u00edznakmi","isPartOf":{"@id":"https:\/\/endometriosis.sk\/verejnost\/#website"},"datePublished":"2024-11-06T07:32:29+00:00","dateModified":"2024-12-04T07:19:36+00:00","breadcrumb":{"@id":"https:\/\/endometriosis.sk\/verejnost\/endometrioza-a-tehotnost\/#breadcrumb"},"inLanguage":"sk-SK","potentialAction":[{"@type":"ReadAction","target":["https:\/\/endometriosis.sk\/verejnost\/endometrioza-a-tehotnost\/"]}]},{"@type":"BreadcrumbList","@id":"https:\/\/endometriosis.sk\/verejnost\/endometrioza-a-tehotnost\/#breadcrumb","itemListElement":[{"@type":"ListItem","position":1,"name":"Domovsk\u00e1 str\u00e1nka","item":"https:\/\/endometriosis.sk\/verejnost\/"},{"@type":"ListItem","position":2,"name":"Endometri\u00f3za a tehotnos\u0165"}]},{"@type":"WebSite","@id":"https:\/\/endometriosis.sk\/verejnost\/#website","url":"https:\/\/endometriosis.sk\/verejnost\/","name":"Endometri\u00f3za | Praktick\u00e1 pr\u00edru\u010dka pre \u017eeny s endometri\u00f3zou alebo jej pr\u00edznakmi","description":"","potentialAction":[{"@type":"SearchAction","target":{"@type":"EntryPoint","urlTemplate":"https:\/\/endometriosis.sk\/verejnost\/?s={search_term_string}"},"query-input":{"@type":"PropertyValueSpecification","valueRequired":true,"valueName":"search_term_string"}}],"inLanguage":"sk-SK"}]}},"_links":{"self":[{"href":"https:\/\/endometriosis.sk\/verejnost\/wp-json\/wp\/v2\/pages\/58","targetHints":{"allow":["GET"]}}],"collection":[{"href":"https:\/\/endometriosis.sk\/verejnost\/wp-json\/wp\/v2\/pages"}],"about":[{"href":"https:\/\/endometriosis.sk\/verejnost\/wp-json\/wp\/v2\/types\/page"}],"author":[{"embeddable":true,"href":"https:\/\/endometriosis.sk\/verejnost\/wp-json\/wp\/v2\/users\/1"}],"replies":[{"embeddable":true,"href":"https:\/\/endometriosis.sk\/verejnost\/wp-json\/wp\/v2\/comments?post=58"}],"version-history":[{"count":19,"href":"https:\/\/endometriosis.sk\/verejnost\/wp-json\/wp\/v2\/pages\/58\/revisions"}],"predecessor-version":[{"id":721,"href":"https:\/\/endometriosis.sk\/verejnost\/wp-json\/wp\/v2\/pages\/58\/revisions\/721"}],"wp:attachment":[{"href":"https:\/\/endometriosis.sk\/verejnost\/wp-json\/wp\/v2\/media?parent=58"}],"wp:term":[{"taxonomy":"difl_page_category","embeddable":true,"href":"https:\/\/endometriosis.sk\/verejnost\/wp-json\/wp\/v2\/difl_page_category?post=58"}],"curies":[{"name":"wp","href":"https:\/\/api.w.org\/{rel}","templated":true}]}}