{"id":56,"date":"2024-11-06T08:32:05","date_gmt":"2024-11-06T07:32:05","guid":{"rendered":"https:\/\/endometriosis.sk\/verejnost\/?page_id=56"},"modified":"2024-11-27T13:08:36","modified_gmt":"2024-11-27T12:08:36","slug":"podpora-partnera","status":"publish","type":"page","link":"https:\/\/endometriosis.sk\/verejnost\/podpora-partnera\/","title":{"rendered":"Podpora partnera"},"content":{"rendered":"<p>[et_pb_section fb_built=&#8220;1&#8243; _builder_version=&#8220;4.27.2&#8243; _module_preset=&#8220;default&#8220; background_image=&#8220;https:\/\/endometriosis.sk\/verejnost\/wp-content\/uploads\/2024\/11\/pozadie1-1.png&#8220; global_colors_info=&#8220;{}&#8220;][et_pb_row _builder_version=&#8220;4.27.2&#8243; _module_preset=&#8220;default&#8220; global_colors_info=&#8220;{}&#8220;][et_pb_column type=&#8220;4_4&#8243; _builder_version=&#8220;4.27.2&#8243; _module_preset=&#8220;default&#8220; global_colors_info=&#8220;{}&#8220;][et_pb_text _builder_version=&#8220;4.27.2&#8243; _module_preset=&#8220;default&#8220; header_font=&#8220;&#8211;et_global_heading_font|700|||||||&#8220; header_text_align=&#8220;center&#8220; header_text_color=&#8220;#ffffff&#8220; header_font_size=&#8220;34px&#8220; global_colors_info=&#8220;{}&#8220;]<\/p>\n<h1>Podpora partnera<\/h1>\n<p>[\/et_pb_text][\/et_pb_column][\/et_pb_row][\/et_pb_section][et_pb_section fb_built=&#8220;1&#8243; _builder_version=&#8220;4.27.3&#8243; _module_preset=&#8220;default&#8220; custom_padding=&#8220;3px|||5px|false|false&#8220; hover_enabled=&#8220;0&#8243; global_colors_info=&#8220;{}&#8220; custom_padding_last_edited=&#8220;on|phone&#8220; sticky_enabled=&#8220;0&#8243; custom_padding_phone=&#8220;|8px||15px|false|false&#8220; custom_padding_tablet=&#8220;3px|||5px|false|false&#8220;][et_pb_row column_structure=&#8220;1_5,3_5,1_5&#8243; use_custom_gutter=&#8220;on&#8220; gutter_width=&#8220;1&#8243; _builder_version=&#8220;4.27.2&#8243; _module_preset=&#8220;default&#8220; width=&#8220;100%&#8220; max_width=&#8220;1327px&#8220; custom_margin=&#8220;||||false|false&#8220; custom_padding=&#8220;||||false|false&#8220; global_colors_info=&#8220;{}&#8220;][et_pb_column type=&#8220;1_5&#8243; _builder_version=&#8220;4.27.2&#8243; _module_preset=&#8220;default&#8220; global_colors_info=&#8220;{}&#8220;][\/et_pb_column][et_pb_column type=&#8220;3_5&#8243; _builder_version=&#8220;4.27.2&#8243; _module_preset=&#8220;default&#8220; global_colors_info=&#8220;{}&#8220;][et_pb_text _builder_version=&#8220;4.27.3&#8243; _module_preset=&#8220;default&#8220; text_font=&#8220;&#8211;et_global_body_font||||||||&#8220; text_text_color=&#8220;#000000&#8243; text_font_size=&#8220;15px&#8220; header_font=&#8220;&#8211;et_global_heading_font||||||||&#8220; header_text_align=&#8220;center&#8220; header_text_color=&#8220;#e9b323&#8243; custom_margin=&#8220;|4px||6px|false|false&#8220; custom_padding=&#8220;18px||10px|||&#8220; hover_enabled=&#8220;0&#8243; global_colors_info=&#8220;{}&#8220; sticky_enabled=&#8220;0&#8243;]<\/p>\n<p>Chronick\u00e1 boles\u0165 m\u00f4\u017ee na vz\u0165ahy vrha\u0165 dlh\u00fd tie\u0148. Neust\u00e1la boles\u0165, obmedzenie pohyblivosti \u010di odmietanie spolo\u010dn\u00fdch ob\u013e\u00faben\u00fdch aktiv\u00edt <span style=\"color: #ffcc00;\"><a href=\"https:\/\/endometriosis.sk\/verejnost\/10-veci-ktore-by-ste-mali-vediet-o-endometrioze-prirucka-pre-kazdu-zenu\/\" style=\"color: #ffcc00;\">m\u00f4\u017ee by\u0165 pre v\u00e1\u0161ho partnera frustruj\u00face<\/a><\/span>. Ot\u00e1zka bud\u00faceho fungovania vz\u0165ahu a spolo\u010dn\u00fdch aktiv\u00edt je na mieste a mali by ste ju spolu s partnerom rie\u0161i\u0165. Mo\u017eno sa p\u00fdtate, ako zosta\u0165 akt\u00edvni a z\u00e1rove\u0148 re\u0161pektova\u0165 obmedzenia? Dobrou spr\u00e1vou je, \u017ee existuje mno\u017estvo cvi\u010den\u00ed, ktor\u00e9 podporuj\u00fa partnerku trpiacu chronickou boles\u0165ou sp\u00f4sobenou endometri\u00f3zou, z\u00e1rove\u0148 s\u00fa prospe\u0161n\u00e9 pre oboch partnerov a podporuj\u00fa fyzick\u00fa pohodu a posil\u0148uj\u00fa v\u00e1\u0161 emocion\u00e1lny vz\u0165ah.<\/p>\n<h1>Pochopenie chronickej bolesti<\/h1>\n<p>Predt\u00fdm, ne\u017e sa pust\u00edte do konkr\u00e9tnych cvi\u010den\u00ed, je d\u00f4le\u017eit\u00e9 pochopi\u0165 chronick\u00fa boles\u0165. Na rozdiel od ak\u00fatnej bolesti, ktor\u00e1 signalizuje zranenie, chronick\u00e1 boles\u0165 pretrv\u00e1va mesiace alebo dokonca roky. M\u00f4\u017ee v\u00fdznamne ovplyvni\u0165 n\u00e1ladu, \u00farove\u0148 energie a motiv\u00e1ciu sa h\u00fdba\u0165. Otvoren\u00e1 komunik\u00e1cia je k\u013e\u00fa\u010dov\u00e1. Po\u010d\u00favajte sa navz\u00e1jom. \u017dena s endometri\u00f3zou by mala zdie\u013ea\u0165 svoje sk\u00fasenosti a partner by mal re\u0161pektova\u0165 jej obmedzenia a jemne ju povzbudzova\u0165, aby zostala akt\u00edvna v r\u00e1mci svojich mo\u017enost\u00ed.<\/p>\n<h1>Sila cvi\u010denia pre p\u00e1ry<\/h1>\n<p>Zapojenie sa do fyzickej aktivity spolu pon\u00faka mno\u017estvo v\u00fdhod:<\/p>\n<ul>\n<li>Zlep\u0161enie zvl\u00e1dania bolesti: Cvi\u010denie m\u00f4\u017ee zlep\u0161i\u0165 kvalitu sp\u00e1nku, zn\u00ed\u017ei\u0165 stres a dokonca zlep\u0161i\u0165 n\u00e1ladu, \u010do v\u0161etko prispieva k\u00a0lep\u0161iemu zvl\u00e1daniu bolesti.<\/li>\n<li>Posilnenie emocion\u00e1lneho spojenia: Spolo\u010dn\u00e9 aktivity podporuj\u00fa pocit t\u00edmovej pr\u00e1ce a \u00faspechu, posil\u0148uj\u00fa vz\u0165ah.<\/li>\n<li>Udr\u017eiavanie \u00farovne aktivity: Pr\u00edtomnos\u0165 partnera m\u00f4\u017ee \u017eene s endometri\u00f3zou poskytn\u00fa\u0165 motiv\u00e1ciu a zodpovednos\u0165, ktor\u00e9 jej pom\u00e1haj\u00fa zosta\u0165 akt\u00edvnou aj v d\u0148och, ke\u010f boles\u0165 je boles\u0165 intenz\u00edvnej\u0161ia.<\/li>\n<\/ul>\n<p>[\/et_pb_text][et_pb_image src=&#8220;https:\/\/endometriosis.sk\/verejnost\/wp-content\/uploads\/2024\/11\/4-1.png&#8220; _builder_version=&#8220;4.27.2&#8243; _module_preset=&#8220;default&#8220; box_shadow_style=&#8220;preset1&#8243; global_colors_info=&#8220;{}&#8220;][\/et_pb_image][et_pb_text _builder_version=&#8220;4.27.2&#8243; _module_preset=&#8220;default&#8220; text_font=&#8220;&#8211;et_global_body_font||||||||&#8220; text_text_color=&#8220;#000000&#8243; text_font_size=&#8220;15px&#8220; header_font=&#8220;&#8211;et_global_heading_font||||||||&#8220; header_text_align=&#8220;center&#8220; header_text_color=&#8220;#e9b323&#8243; custom_margin=&#8220;|4px||6px|false|false&#8220; custom_padding=&#8220;18px||10px|||&#8220; global_colors_info=&#8220;{}&#8220;]<\/p>\n<h1>V\u00fdber spr\u00e1vnych cvi\u010den\u00ed<\/h1>\n<p>Ide\u00e1lny cvi\u010debn\u00fd program pre p\u00e1ry by mal by\u0165 \u013eahko prisp\u00f4sobite\u013en\u00fd, m\u00e1lo ovplyv\u0148uj\u00faci a pr\u00edjemn\u00fd<br \/>pre oboch. Prin\u00e1\u0161ame v\u00e1m nieko\u013eko tipov, ktor\u00e9 m\u00f4\u017eete zv\u00e1\u017ei\u0165:<\/p>\n<ul>\n<li><strong>Ch\u00f4dza:<\/strong> \u013dahko dostupn\u00e1 aktivita, ktor\u00e1 umo\u017e\u0148uje prisp\u00f4sobenie tempa a vzdialenosti. Spolo\u010dne m\u00f4\u017eete objavova\u0165 malebn\u00e9 trasy alebo sa jednoducho prech\u00e1dza\u0165 v okol\u00ed bydliska a u\u017e\u00edva\u0165 si vz\u00e1jomn\u00fa pr\u00edtomnos\u0165, debaty na r\u00f4zne t\u00e9my a \u010derstv\u00fd vzduch.<\/li>\n<li><strong>J\u00f3ga:<\/strong> Mnoh\u00e9 jogov\u00e9 \u0161t\u00fdly sa zameriavaj\u00fa na jemn\u00e9 pohyby, na\u0165ahovanie a d\u00fdchanie. Poz\u00edcie pre p\u00e1ry m\u00f4\u017eu zlep\u0161i\u0165 fyzick\u00e9 spojenie a komunik\u00e1ciu.<\/li>\n<li><strong>Vodn\u00e9 cvi\u010denia:<\/strong> Vyu\u017eite vztlak vody a zn\u00ed\u017ete stres na k\u013aby. Vodn\u00e9 aktivity ako pl\u00e1vanie alebo vodn\u00fd aerobik s\u00fa ide\u00e1lne pre zvl\u00e1danie bolesti. V\u010faka \u00fa\u010dasti na aqua aerobiku spolu s partnerom sa nau\u010d\u00edte spolieha\u0165 sa na seba navz\u00e1jom a by\u0165 si oporou pri u\u010den\u00ed nov\u00fdch<br \/>zru\u010dnost\u00ed. Ur\u010dite sa pri zvl\u00e1dan\u00ed vodn\u00fdch poz\u00edci\u00ed aj spolu dobre zasmejete.<\/li>\n<li><strong>Tai Chi:<\/strong> Toto cvi\u010denie tela a mysle kombinuje pomal\u00e9, ladn\u00e9 pohyby s hlbok\u00fdm d\u00fdchan\u00edm. \u0160t\u00fadie ukazuj\u00fa, \u017ee Tai Chi m\u00f4\u017ee by\u0165 \u00fa\u010dinn\u00e9 pri zvl\u00e1dan\u00ed chronick\u00fdch bolestiv\u00fdch stavov, ako je fibromyalgia. Tai Chi pestuje pocit pokoja a pr\u00edtomnosti. Spolo\u010dn\u00e9 cvi\u010denie m\u00f4\u017ee by\u0165 formou pohybovej medit\u00e1cie, ktor\u00e9 posil\u0148uje va\u0161u ment\u00e1lnu s\u00fastredenos\u0165 a zni\u017euje stres. Z\u00e1rove\u0148 zd\u00f4raz\u0148uje koordinovan\u00e9 pohyby. Napodob\u0148ovanie pohybov partnera jemne zlep\u0161uje neverb\u00e1lnu komunik\u00e1ciu a t\u00edmov\u00fa pr\u00e1cu.<\/li>\n<\/ul>\n<p>[\/et_pb_text][et_pb_text _builder_version=&#8220;4.27.2&#8243; _module_preset=&#8220;default&#8220; text_font=&#8220;&#8211;et_global_body_font||||||||&#8220; text_text_color=&#8220;#000000&#8243; text_font_size=&#8220;15px&#8220; header_font=&#8220;&#8211;et_global_heading_font||||||||&#8220; header_text_align=&#8220;center&#8220; header_text_color=&#8220;#e9b323&#8243; custom_margin=&#8220;|4px||6px|false|false&#8220; custom_padding=&#8220;18px||10px|||&#8220; global_colors_info=&#8220;{}&#8220;]<\/p>\n<h1>Pam\u00e4tajte<\/h1>\n<p>Po\u010d\u00favajte svoje tel\u00e1: V\u017edy prisp\u00f4sobte intenzitu a trvanie pohybu aktu\u00e1lnemu zdravotn\u00e9mu stavu partnerky tak, aby bola v\u00a0maxim\u00e1lnom pohodl\u00ed.<\/p>\n<ul>\n<li><strong>Za\u010dnite pomaly a postupne zvy\u0161ujte intenzitu:<\/strong> Konzistencia je k\u013e\u00fa\u010dov\u00e1, tak\u017ee za\u010dnite s krat\u0161\u00edmi a\u00a0menej intenz\u00edvnymi pohybov\u00fdmi aktivitami a postupne prid\u00e1vajte.<\/li>\n<li><strong>Konzultujte so zdravotn\u00edckym odborn\u00edkom:<\/strong> Ak\u00e9ko\u013evek obavy \u010di nejasnosti prediskutujte s lek\u00e1rom alebo fyzioterapeutom, aby ste sa uistili, \u017ee vybran\u00e9 cvi\u010denia s\u00fa bezpe\u010dn\u00e9 a\u00a0vhodn\u00e9.<\/li>\n<li>Chronick\u00e1 boles\u0165 m\u00f4\u017ee by\u0165 v\u00fdzvou, ale nemus\u00ed obmedzova\u0165 va\u0161u schopnos\u0165 u\u017e\u00edva\u0165 si spolo\u010dn\u00fa fyzick\u00fa aktivitu. V\u00fdberom cvi\u010den\u00ed, ktor\u00e9 s\u00fa jemn\u00e9, prisp\u00f4sobite\u013en\u00e9 a pr\u00edjemn\u00e9 pre oboch, m\u00f4\u017eete podpori\u0165 vz\u00e1jomn\u00fa pohodu, posilni\u0165 v\u00e1\u0161 vz\u0165ah a vytvori\u0165 trval\u00e9 spomienky.<\/li>\n<\/ul>\n<p>[\/et_pb_text][et_pb_image src=&#8220;https:\/\/endometriosis.sk\/verejnost\/wp-content\/uploads\/2024\/11\/5.png&#8220; title_text=&#8220;5&#8243; _builder_version=&#8220;4.27.2&#8243; _module_preset=&#8220;default&#8220; box_shadow_style=&#8220;preset1&#8243; global_colors_info=&#8220;{}&#8220;][\/et_pb_image][\/et_pb_column][et_pb_column type=&#8220;1_5&#8243; _builder_version=&#8220;4.27.2&#8243; _module_preset=&#8220;default&#8220; global_colors_info=&#8220;{}&#8220;][\/et_pb_column][\/et_pb_row][\/et_pb_section]<\/p>\n","protected":false},"excerpt":{"rendered":"<p>Podpora partneraChronick\u00e1 boles\u0165 m\u00f4\u017ee na vz\u0165ahy vrha\u0165 dlh\u00fd tie\u0148. Neust\u00e1la boles\u0165, obmedzenie pohyblivosti \u010di odmietanie spolo\u010dn\u00fdch ob\u013e\u00faben\u00fdch aktiv\u00edt m\u00f4\u017ee by\u0165 pre v\u00e1\u0161ho partnera frustruj\u00face. Ot\u00e1zka bud\u00faceho fungovania vz\u0165ahu a spolo\u010dn\u00fdch aktiv\u00edt je na mieste a mali by ste ju spolu s partnerom rie\u0161i\u0165. Mo\u017eno sa p\u00fdtate, ako zosta\u0165 akt\u00edvni a z\u00e1rove\u0148 re\u0161pektova\u0165 obmedzenia? Dobrou spr\u00e1vou [&hellip;]<\/p>\n","protected":false},"author":1,"featured_media":0,"parent":0,"menu_order":0,"comment_status":"closed","ping_status":"closed","template":"","meta":{"_et_pb_use_builder":"on","_et_pb_old_content":"","_et_gb_content_width":"","footnotes":""},"difl_page_category":[],"class_list":["post-56","page","type-page","status-publish","hentry"],"yoast_head":"<!-- This site is optimized with the Yoast SEO plugin v26.4 - https:\/\/yoast.com\/wordpress\/plugins\/seo\/ -->\n<title>Podpora partnera - Endometri\u00f3za | Praktick\u00e1 pr\u00edru\u010dka pre \u017eeny s endometri\u00f3zou alebo jej pr\u00edznakmi<\/title>\n<meta name=\"robots\" content=\"index, follow, max-snippet:-1, max-image-preview:large, max-video-preview:-1\" \/>\n<link rel=\"canonical\" href=\"https:\/\/endometriosis.sk\/verejnost\/podpora-partnera\/\" \/>\n<meta property=\"og:locale\" content=\"sk_SK\" \/>\n<meta property=\"og:type\" content=\"article\" \/>\n<meta property=\"og:title\" content=\"Podpora partnera - Endometri\u00f3za | Praktick\u00e1 pr\u00edru\u010dka pre \u017eeny s endometri\u00f3zou alebo jej pr\u00edznakmi\" \/>\n<meta property=\"og:description\" content=\"Podpora partneraChronick\u00e1 boles\u0165 m\u00f4\u017ee na vz\u0165ahy vrha\u0165 dlh\u00fd tie\u0148. Neust\u00e1la boles\u0165, obmedzenie pohyblivosti \u010di odmietanie spolo\u010dn\u00fdch ob\u013e\u00faben\u00fdch aktiv\u00edt m\u00f4\u017ee by\u0165 pre v\u00e1\u0161ho partnera frustruj\u00face. Ot\u00e1zka bud\u00faceho fungovania vz\u0165ahu a spolo\u010dn\u00fdch aktiv\u00edt je na mieste a mali by ste ju spolu s partnerom rie\u0161i\u0165. Mo\u017eno sa p\u00fdtate, ako zosta\u0165 akt\u00edvni a z\u00e1rove\u0148 re\u0161pektova\u0165 obmedzenia? Dobrou spr\u00e1vou [&hellip;]\" \/>\n<meta property=\"og:url\" content=\"https:\/\/endometriosis.sk\/verejnost\/podpora-partnera\/\" \/>\n<meta property=\"og:site_name\" content=\"Endometri\u00f3za | Praktick\u00e1 pr\u00edru\u010dka pre \u017eeny s endometri\u00f3zou alebo jej pr\u00edznakmi\" \/>\n<meta property=\"article:modified_time\" content=\"2024-11-27T12:08:36+00:00\" \/>\n<meta name=\"twitter:card\" content=\"summary_large_image\" \/>\n<meta name=\"twitter:label1\" content=\"Predpokladan\u00fd \u010das \u010d\u00edtania\" \/>\n\t<meta name=\"twitter:data1\" content=\"6 min\u00fat\" \/>\n<script type=\"application\/ld+json\" class=\"yoast-schema-graph\">{\"@context\":\"https:\/\/schema.org\",\"@graph\":[{\"@type\":\"WebPage\",\"@id\":\"https:\/\/endometriosis.sk\/verejnost\/podpora-partnera\/\",\"url\":\"https:\/\/endometriosis.sk\/verejnost\/podpora-partnera\/\",\"name\":\"Podpora partnera - Endometri\u00f3za | Praktick\u00e1 pr\u00edru\u010dka pre \u017eeny s endometri\u00f3zou alebo jej pr\u00edznakmi\",\"isPartOf\":{\"@id\":\"https:\/\/endometriosis.sk\/verejnost\/#website\"},\"datePublished\":\"2024-11-06T07:32:05+00:00\",\"dateModified\":\"2024-11-27T12:08:36+00:00\",\"breadcrumb\":{\"@id\":\"https:\/\/endometriosis.sk\/verejnost\/podpora-partnera\/#breadcrumb\"},\"inLanguage\":\"sk-SK\",\"potentialAction\":[{\"@type\":\"ReadAction\",\"target\":[\"https:\/\/endometriosis.sk\/verejnost\/podpora-partnera\/\"]}]},{\"@type\":\"BreadcrumbList\",\"@id\":\"https:\/\/endometriosis.sk\/verejnost\/podpora-partnera\/#breadcrumb\",\"itemListElement\":[{\"@type\":\"ListItem\",\"position\":1,\"name\":\"Domovsk\u00e1 str\u00e1nka\",\"item\":\"https:\/\/endometriosis.sk\/verejnost\/\"},{\"@type\":\"ListItem\",\"position\":2,\"name\":\"Podpora partnera\"}]},{\"@type\":\"WebSite\",\"@id\":\"https:\/\/endometriosis.sk\/verejnost\/#website\",\"url\":\"https:\/\/endometriosis.sk\/verejnost\/\",\"name\":\"Endometri\u00f3za | Praktick\u00e1 pr\u00edru\u010dka pre \u017eeny s endometri\u00f3zou alebo jej pr\u00edznakmi\",\"description\":\"\",\"potentialAction\":[{\"@type\":\"SearchAction\",\"target\":{\"@type\":\"EntryPoint\",\"urlTemplate\":\"https:\/\/endometriosis.sk\/verejnost\/?s={search_term_string}\"},\"query-input\":{\"@type\":\"PropertyValueSpecification\",\"valueRequired\":true,\"valueName\":\"search_term_string\"}}],\"inLanguage\":\"sk-SK\"}]}<\/script>\n<!-- \/ Yoast SEO plugin. -->","yoast_head_json":{"title":"Podpora partnera - Endometri\u00f3za | Praktick\u00e1 pr\u00edru\u010dka pre \u017eeny s endometri\u00f3zou alebo jej pr\u00edznakmi","robots":{"index":"index","follow":"follow","max-snippet":"max-snippet:-1","max-image-preview":"max-image-preview:large","max-video-preview":"max-video-preview:-1"},"canonical":"https:\/\/endometriosis.sk\/verejnost\/podpora-partnera\/","og_locale":"sk_SK","og_type":"article","og_title":"Podpora partnera - Endometri\u00f3za | Praktick\u00e1 pr\u00edru\u010dka pre \u017eeny s endometri\u00f3zou alebo jej pr\u00edznakmi","og_description":"Podpora partneraChronick\u00e1 boles\u0165 m\u00f4\u017ee na vz\u0165ahy vrha\u0165 dlh\u00fd tie\u0148. Neust\u00e1la boles\u0165, obmedzenie pohyblivosti \u010di odmietanie spolo\u010dn\u00fdch ob\u013e\u00faben\u00fdch aktiv\u00edt m\u00f4\u017ee by\u0165 pre v\u00e1\u0161ho partnera frustruj\u00face. Ot\u00e1zka bud\u00faceho fungovania vz\u0165ahu a spolo\u010dn\u00fdch aktiv\u00edt je na mieste a mali by ste ju spolu s partnerom rie\u0161i\u0165. Mo\u017eno sa p\u00fdtate, ako zosta\u0165 akt\u00edvni a z\u00e1rove\u0148 re\u0161pektova\u0165 obmedzenia? Dobrou spr\u00e1vou [&hellip;]","og_url":"https:\/\/endometriosis.sk\/verejnost\/podpora-partnera\/","og_site_name":"Endometri\u00f3za | Praktick\u00e1 pr\u00edru\u010dka pre \u017eeny s endometri\u00f3zou alebo jej pr\u00edznakmi","article_modified_time":"2024-11-27T12:08:36+00:00","twitter_card":"summary_large_image","twitter_misc":{"Predpokladan\u00fd \u010das \u010d\u00edtania":"6 min\u00fat"},"schema":{"@context":"https:\/\/schema.org","@graph":[{"@type":"WebPage","@id":"https:\/\/endometriosis.sk\/verejnost\/podpora-partnera\/","url":"https:\/\/endometriosis.sk\/verejnost\/podpora-partnera\/","name":"Podpora partnera - Endometri\u00f3za | Praktick\u00e1 pr\u00edru\u010dka pre \u017eeny s endometri\u00f3zou alebo jej pr\u00edznakmi","isPartOf":{"@id":"https:\/\/endometriosis.sk\/verejnost\/#website"},"datePublished":"2024-11-06T07:32:05+00:00","dateModified":"2024-11-27T12:08:36+00:00","breadcrumb":{"@id":"https:\/\/endometriosis.sk\/verejnost\/podpora-partnera\/#breadcrumb"},"inLanguage":"sk-SK","potentialAction":[{"@type":"ReadAction","target":["https:\/\/endometriosis.sk\/verejnost\/podpora-partnera\/"]}]},{"@type":"BreadcrumbList","@id":"https:\/\/endometriosis.sk\/verejnost\/podpora-partnera\/#breadcrumb","itemListElement":[{"@type":"ListItem","position":1,"name":"Domovsk\u00e1 str\u00e1nka","item":"https:\/\/endometriosis.sk\/verejnost\/"},{"@type":"ListItem","position":2,"name":"Podpora partnera"}]},{"@type":"WebSite","@id":"https:\/\/endometriosis.sk\/verejnost\/#website","url":"https:\/\/endometriosis.sk\/verejnost\/","name":"Endometri\u00f3za | Praktick\u00e1 pr\u00edru\u010dka pre \u017eeny s endometri\u00f3zou alebo jej pr\u00edznakmi","description":"","potentialAction":[{"@type":"SearchAction","target":{"@type":"EntryPoint","urlTemplate":"https:\/\/endometriosis.sk\/verejnost\/?s={search_term_string}"},"query-input":{"@type":"PropertyValueSpecification","valueRequired":true,"valueName":"search_term_string"}}],"inLanguage":"sk-SK"}]}},"_links":{"self":[{"href":"https:\/\/endometriosis.sk\/verejnost\/wp-json\/wp\/v2\/pages\/56","targetHints":{"allow":["GET"]}}],"collection":[{"href":"https:\/\/endometriosis.sk\/verejnost\/wp-json\/wp\/v2\/pages"}],"about":[{"href":"https:\/\/endometriosis.sk\/verejnost\/wp-json\/wp\/v2\/types\/page"}],"author":[{"embeddable":true,"href":"https:\/\/endometriosis.sk\/verejnost\/wp-json\/wp\/v2\/users\/1"}],"replies":[{"embeddable":true,"href":"https:\/\/endometriosis.sk\/verejnost\/wp-json\/wp\/v2\/comments?post=56"}],"version-history":[{"count":11,"href":"https:\/\/endometriosis.sk\/verejnost\/wp-json\/wp\/v2\/pages\/56\/revisions"}],"predecessor-version":[{"id":708,"href":"https:\/\/endometriosis.sk\/verejnost\/wp-json\/wp\/v2\/pages\/56\/revisions\/708"}],"wp:attachment":[{"href":"https:\/\/endometriosis.sk\/verejnost\/wp-json\/wp\/v2\/media?parent=56"}],"wp:term":[{"taxonomy":"difl_page_category","embeddable":true,"href":"https:\/\/endometriosis.sk\/verejnost\/wp-json\/wp\/v2\/difl_page_category?post=56"}],"curies":[{"name":"wp","href":"https:\/\/api.w.org\/{rel}","templated":true}]}}