{"id":52,"date":"2024-11-06T08:31:34","date_gmt":"2024-11-06T07:31:34","guid":{"rendered":"https:\/\/endometriosis.sk\/verejnost\/?page_id=52"},"modified":"2024-11-27T13:05:39","modified_gmt":"2024-11-27T12:05:39","slug":"co-pomaha-pri-endometrioze","status":"publish","type":"page","link":"https:\/\/endometriosis.sk\/verejnost\/co-pomaha-pri-endometrioze\/","title":{"rendered":"\u010co pom\u00e1ha pri endometri\u00f3ze"},"content":{"rendered":"<p>[et_pb_section fb_built=&#8220;1&#8243; _builder_version=&#8220;4.27.2&#8243; _module_preset=&#8220;default&#8220; background_image=&#8220;https:\/\/endometriosis.sk\/verejnost\/wp-content\/uploads\/2024\/11\/pozadie1-1.png&#8220; custom_padding=&#8220;||45px|||&#8220; global_colors_info=&#8220;{}&#8220;][et_pb_row _builder_version=&#8220;4.27.2&#8243; _module_preset=&#8220;default&#8220; global_colors_info=&#8220;{}&#8220;][et_pb_column type=&#8220;4_4&#8243; _builder_version=&#8220;4.27.2&#8243; _module_preset=&#8220;default&#8220; global_colors_info=&#8220;{}&#8220;][et_pb_text _builder_version=&#8220;4.27.2&#8243; _module_preset=&#8220;default&#8220; header_font=&#8220;&#8211;et_global_heading_font|700|||||||&#8220; header_text_align=&#8220;center&#8220; header_text_color=&#8220;#ffffff&#8220; header_font_size=&#8220;34px&#8220; global_colors_info=&#8220;{}&#8220;]<\/p>\n<h1>\u010co pom\u00e1ha pri endometri\u00f3ze<\/h1>\n<p>[\/et_pb_text][\/et_pb_column][\/et_pb_row][\/et_pb_section][et_pb_section fb_built=&#8220;1&#8243; _builder_version=&#8220;4.27.3&#8243; _module_preset=&#8220;default&#8220; custom_padding=&#8220;10px||32px|5px|false|false&#8220; hover_enabled=&#8220;0&#8243; global_colors_info=&#8220;{}&#8220; custom_padding_last_edited=&#8220;on|phone&#8220; sticky_enabled=&#8220;0&#8243; custom_padding_phone=&#8220;|5px||15px|false|false&#8220; custom_padding_tablet=&#8220;10px||32px|5px|false|false&#8220;][et_pb_row column_structure=&#8220;1_5,3_5,1_5&#8243; use_custom_gutter=&#8220;on&#8220; gutter_width=&#8220;1&#8243; _builder_version=&#8220;4.27.2&#8243; _module_preset=&#8220;default&#8220; width=&#8220;100%&#8220; max_width=&#8220;1327px&#8220; custom_margin=&#8220;||||false|false&#8220; custom_padding=&#8220;||||false|false&#8220; global_colors_info=&#8220;{}&#8220;][et_pb_column type=&#8220;1_5&#8243; _builder_version=&#8220;4.27.2&#8243; _module_preset=&#8220;default&#8220; global_colors_info=&#8220;{}&#8220;][\/et_pb_column][et_pb_column type=&#8220;3_5&#8243; _builder_version=&#8220;4.27.2&#8243; _module_preset=&#8220;default&#8220; global_colors_info=&#8220;{}&#8220;][et_pb_text _builder_version=&#8220;4.27.3&#8243; _module_preset=&#8220;default&#8220; text_font=&#8220;&#8211;et_global_body_font||||||||&#8220; text_text_color=&#8220;#000000&#8243; text_font_size=&#8220;15px&#8220; header_font=&#8220;&#8211;et_global_heading_font||||||||&#8220; header_text_align=&#8220;center&#8220; header_text_color=&#8220;#e9b323&#8243; custom_margin=&#8220;|4px||6px|false|false&#8220; custom_padding=&#8220;18px||10px|||&#8220; hover_enabled=&#8220;0&#8243; global_colors_info=&#8220;{}&#8220; sticky_enabled=&#8220;0&#8243; custom_padding_last_edited=&#8220;on|phone&#8220; custom_padding_phone=&#8220;|5px||15px|false|false&#8220; custom_padding_tablet=&#8220;18px||10px|||&#8220;]<\/p>\n<p>C\u00edtite sa pre\u0165a\u017een\u00e1 stresom kv\u00f4li diagn\u00f3ze endimetri\u00f3zy? Nie je to nezvy\u010dajn\u00e9. Nervov\u00fd syst\u00e9m, zodpovedn\u00fd za reakciu \u201eboj alebo \u00fatek\u201c, sa m\u00f4\u017ee zasekn\u00fa\u0165 v pre\u0165a\u017een\u00ed, \u010do vedie k \u00fazkosti, <span style=\"color: #ffcc00;\"><a href=\"https:\/\/endometriosis.sk\/verejnost\/endometrioza-pribeh-jany-ktora-bojovala-o-svoje-zdravie-a-stastie\/\" style=\"color: #ffcc00;\">\u00fanave a probl\u00e9mom so sp\u00e1nkom<\/a><\/span>. Nemajte v\u0161ak obavy, existuj\u00fa rie\u0161enia, ktor\u00e9 m\u00f4\u017eete urobi\u0165, aby ste upokojili svoj nervov\u00fd syst\u00e9m a pre\u0161li do reakcie \u201eodpo\u010dinok a tr\u00e1venie\u201c, \u010do zodpoved\u00e1 parasympatick\u00e9mu nervov\u00e9mu syst\u00e9mu. Predstavte si svoj nervov\u00fd syst\u00e9m ako obojsmern\u00fa ulicu. Sympatick\u00e1 vetva zvl\u00e1da stresov\u00e9 situ\u00e1cie, zatia\u013e \u010do parasympatick\u00e1 vetva podporuje relax\u00e1ciu. Pre nastolenie pokoja, je <span style=\"color: #ffcc00;\"><a href=\"https:\/\/endometriosis.sk\/verejnost\/10-veci-ktore-by-ste-mali-vediet-o-endometrioze-prirucka-pre-kazdu-zenu\/\" style=\"color: #ffcc00;\">potrebn\u00e9 aktivova\u0165 parasympatick\u00fa stranu<\/a>.<\/span><\/p>\n<h1>Pohyb pre n\u00e1ladu<\/h1>\n<p><strong>Pravideln\u00e9 cvi\u010denie:<\/strong> Sna\u017ete sa venova\u0165 aspo\u0148 150 min\u00fat t\u00fd\u017edenne stredne intenz\u00edvnemu pohybu alebo 75 min\u00fat intenz\u00edvnemu pohybu. Cvi\u010denie pom\u00e1ha uvo\u013e\u0148ova\u0165 endorf\u00edny, prirodzen\u00e9 zlep\u0161ova\u010de n\u00e1lady, ktor\u00e9 p\u00f4sobia proti stresov\u00fdm horm\u00f3nom.<\/p>\n<p>Vide\u00e1 k cvi\u010deniu n\u00e1jdete na internete:<\/p>\n<p><iframe loading=\"lazy\" width=\"560\" height=\"315\" src=\"https:\/\/www.youtube.com\/embed\/P0hP3ySMsRA?si=lpTjqVFK_aWXwVDd\" title=\"YouTube video player\" frameborder=\"0\" allow=\"accelerometer; autoplay; clipboard-write; encrypted-media; gyroscope; picture-in-picture; web-share\" referrerpolicy=\"strict-origin-when-cross-origin\" allowfullscreen=\"\"><\/iframe><\/p>\n<p><strong>Vedom\u00fd pohyb:<\/strong>\u00a0Praktiky ako napr. Tai Chi kombinuj\u00fa jemn\u00fd pohyb so zameran\u00edm na d\u00fdchanie, \u010do<br \/>podporuje relax\u00e1ciu a uvedomenie si tela.<\/p>\n<h1>Zapojte svoje zmysly<\/h1>\n<p><strong>Progres\u00edvna svalov\u00e1 relax\u00e1cia:<\/strong> Postupne nap\u00ednajte a uvo\u013e\u0148ujte svalov\u00e9 skupiny, za\u010dnite od prstov na noh\u00e1ch a postupujte nahor. Pom\u00e1hate t\u00fdm uvo\u013eni\u0165 fyzick\u00e9 nap\u00e4tie a podporujete relax\u00e1ciu.<\/p>\n<p><strong>Upokojuj\u00face zvuky:<\/strong> Po\u010d\u00favajte upokojuj\u00facu hudbu, zvuky pr\u00edrody. S\u00fastre\u010fte sa na upokojuj\u00face zvuky a nechajte ich na v\u00e1s p\u00f4sobi\u0165.<\/p>\n<p><strong>Aromaterapia:<\/strong> Esenci\u00e1lne oleje ako levandu\u013ea a harman\u010dek m\u00f4\u017eu ma\u0165 upokojuj\u00face \u00fa\u010dinky. Rozpty\u013eujte ich alebo ich zrie\u010fte v aromatickom oleji a n\u00e1sledne aplikujte (pred pou\u017eit\u00edm esenci\u00e1lnych olejov sa pora\u010fte so zdravotn\u00edckym odborn\u00edkom).<\/p>\n<h1>Optimalizujte svoj sp\u00e1nok<\/h1>\n<p><strong>Nastavte si sp\u00e1nkov\u00fd re\u017eim:<\/strong> Zasp\u00e1vajte a vst\u00e1vajte v rovnakom \u010dase, aj cez v\u00edkendy. Pom\u00f4\u017eete regulova\u0165 prirodzen\u00fd cyklus sp\u00e1nku a bdenia v\u00e1\u0161ho tela.<\/p>\n<p><strong>Vytvorte si relaxa\u010dn\u00fa ve\u010dern\u00fa rutinu:<\/strong> Pred span\u00edm sa venujte upokojuj\u00facim aktivit\u00e1m ako \u010d\u00edtanie, tepl\u00fd k\u00fape\u013e alebo \u013eahk\u00e9 na\u0165ahovanie. Vyhnite sa obrazovk\u00e1m aspo\u0148 hodinu pred span\u00edm.<\/p>\n<p><strong>Optimalizujte svoje sp\u00e1nkov\u00e9 prostredie:<\/strong> Uistite sa, \u017ee va\u0161a sp\u00e1l\u0148a je chladn\u00e1, tmav\u00e1 a tich\u00e1 pre optim\u00e1lnu kvalitu sp\u00e1nku.<\/p>\n<p>&nbsp;<\/p>\n<p>[\/et_pb_text][et_pb_image src=&#8220;https:\/\/endometriosis.sk\/verejnost\/wp-content\/uploads\/2024\/11\/5-1.png&#8220; _builder_version=&#8220;4.27.2&#8243; _module_preset=&#8220;default&#8220; box_shadow_style=&#8220;preset1&#8243; global_colors_info=&#8220;{}&#8220;][\/et_pb_image][et_pb_text _builder_version=&#8220;4.27.2&#8243; _module_preset=&#8220;default&#8220; text_font=&#8220;&#8211;et_global_body_font||||||||&#8220; text_text_color=&#8220;#000000&#8243; text_font_size=&#8220;15px&#8220; header_font=&#8220;&#8211;et_global_heading_font||||||||&#8220; header_text_align=&#8220;center&#8220; header_text_color=&#8220;#e9b323&#8243; custom_margin=&#8220;|4px||6px|false|false&#8220; custom_padding=&#8220;18px||10px|||&#8220; global_colors_info=&#8220;{}&#8220;]<\/p>\n<h1>Praktiky pre telo a myse\u013e<\/h1>\n<p><strong>Medit\u00e1cia:<\/strong> Medit\u00e1cia v\u0161\u00edmavosti v\u00e1s u\u010d\u00ed s\u00fastredi\u0165 sa na pr\u00edtomn\u00fd okamih bez posudzovania. Pom\u00e1hate zn\u00ed\u017ei\u0165 \u00fazkos\u0165 a zlep\u0161i\u0165 emocion\u00e1lnu regul\u00e1ciu.<\/p>\n<p><strong>Praktika v\u010fa\u010dnosti:<\/strong> Pravideln\u00fdm venovan\u00edm \u010dasu na ocenenie dobr\u00fdch vec\u00ed vo va\u0161om \u017eivote pres\u00favate va\u0161u pozornos\u0165 na pozit\u00edvne em\u00f3cie a zni\u017eujete stres.<\/p>\n<p><strong>P\u00edsanie denn\u00edka:<\/strong> Zapisovan\u00edm va\u0161ich my\u0161lienok a pocitov m\u00f4\u017eete katarzn\u00fdm sp\u00f4sobom spracov\u00e1va\u0165 stres a z\u00edska\u0165 perspekt\u00edvu.<\/p>\n<h1>Pam\u00e4tajte si<\/h1>\n<p><strong>N\u00e1jdite si, \u010do v\u00e1m vyhovuje:<\/strong> Experimentujte s r\u00f4znymi technikami a n\u00e1jdite si t\u00fa, ktor\u00e1 v\u00e1m najviac pom\u00e1ha relaxova\u0165.<\/p>\n<p><strong>Bu\u010fte trpezliv\u00e1:<\/strong> Budovanie odolnosti vo\u010di stresu si vy\u017eaduje \u010das a konzistentn\u00e9 \u00fasilie.<\/p>\n<p><strong>Konzistencia je k\u013e\u00fa\u010dov\u00e1:<\/strong> Neo\u010dak\u00e1vajte okam\u017eit\u00e9 v\u00fdsledky! Pravidelne za\u010dle\u0148ujte techniky na odb\u00faranie stresu do svojej dennej rutiny. Postupom \u010dasu sa v\u00e1\u0161 nervov\u00fd syst\u00e9m nau\u010d\u00ed reagova\u0165 na stres pokojnej\u0161ie, \u010do v\u00e1m umo\u017en\u00ed c\u00edti\u0165 sa ove\u013ea lep\u0161ie.<\/p>\n<p>[\/et_pb_text][et_pb_image src=&#8220;https:\/\/endometriosis.sk\/verejnost\/wp-content\/uploads\/2024\/11\/Foto5.png&#8220; _builder_version=&#8220;4.27.2&#8243; _module_preset=&#8220;default&#8220; box_shadow_style=&#8220;preset1&#8243; global_colors_info=&#8220;{}&#8220;][\/et_pb_image][\/et_pb_column][et_pb_column type=&#8220;1_5&#8243; _builder_version=&#8220;4.27.2&#8243; _module_preset=&#8220;default&#8220; global_colors_info=&#8220;{}&#8220;][\/et_pb_column][\/et_pb_row][\/et_pb_section]<\/p>\n","protected":false},"excerpt":{"rendered":"<p>\u010co pom\u00e1ha pri endometri\u00f3zeC\u00edtite sa pre\u0165a\u017een\u00e1 stresom kv\u00f4li diagn\u00f3ze endimetri\u00f3zy? Nie je to nezvy\u010dajn\u00e9. Nervov\u00fd syst\u00e9m, zodpovedn\u00fd za reakciu \u201eboj alebo \u00fatek\u201c, sa m\u00f4\u017ee zasekn\u00fa\u0165 v pre\u0165a\u017een\u00ed, \u010do vedie k \u00fazkosti, \u00fanave a probl\u00e9mom so sp\u00e1nkom. Nemajte v\u0161ak obavy, existuj\u00fa rie\u0161enia, ktor\u00e9 m\u00f4\u017eete urobi\u0165, aby ste upokojili svoj nervov\u00fd syst\u00e9m a pre\u0161li do reakcie \u201eodpo\u010dinok [&hellip;]<\/p>\n","protected":false},"author":1,"featured_media":0,"parent":0,"menu_order":0,"comment_status":"closed","ping_status":"closed","template":"","meta":{"_et_pb_use_builder":"on","_et_pb_old_content":"","_et_gb_content_width":"","footnotes":""},"difl_page_category":[],"class_list":["post-52","page","type-page","status-publish","hentry"],"yoast_head":"<!-- This site is optimized with the Yoast SEO plugin v26.4 - https:\/\/yoast.com\/wordpress\/plugins\/seo\/ -->\n<title>\u010co pom\u00e1ha pri endometri\u00f3ze - Endometri\u00f3za | Praktick\u00e1 pr\u00edru\u010dka pre \u017eeny s endometri\u00f3zou alebo jej pr\u00edznakmi<\/title>\n<meta name=\"robots\" content=\"index, follow, max-snippet:-1, max-image-preview:large, max-video-preview:-1\" \/>\n<link rel=\"canonical\" href=\"https:\/\/endometriosis.sk\/verejnost\/co-pomaha-pri-endometrioze\/\" \/>\n<meta property=\"og:locale\" content=\"sk_SK\" \/>\n<meta property=\"og:type\" content=\"article\" \/>\n<meta property=\"og:title\" content=\"\u010co pom\u00e1ha pri endometri\u00f3ze - Endometri\u00f3za | Praktick\u00e1 pr\u00edru\u010dka pre \u017eeny s endometri\u00f3zou alebo jej pr\u00edznakmi\" \/>\n<meta property=\"og:description\" content=\"\u010co pom\u00e1ha pri endometri\u00f3zeC\u00edtite sa pre\u0165a\u017een\u00e1 stresom kv\u00f4li diagn\u00f3ze endimetri\u00f3zy? Nie je to nezvy\u010dajn\u00e9. Nervov\u00fd syst\u00e9m, zodpovedn\u00fd za reakciu \u201eboj alebo \u00fatek\u201c, sa m\u00f4\u017ee zasekn\u00fa\u0165 v pre\u0165a\u017een\u00ed, \u010do vedie k \u00fazkosti, \u00fanave a probl\u00e9mom so sp\u00e1nkom. Nemajte v\u0161ak obavy, existuj\u00fa rie\u0161enia, ktor\u00e9 m\u00f4\u017eete urobi\u0165, aby ste upokojili svoj nervov\u00fd syst\u00e9m a pre\u0161li do reakcie \u201eodpo\u010dinok [&hellip;]\" \/>\n<meta property=\"og:url\" content=\"https:\/\/endometriosis.sk\/verejnost\/co-pomaha-pri-endometrioze\/\" \/>\n<meta property=\"og:site_name\" content=\"Endometri\u00f3za | Praktick\u00e1 pr\u00edru\u010dka pre \u017eeny s endometri\u00f3zou alebo jej pr\u00edznakmi\" \/>\n<meta property=\"article:modified_time\" content=\"2024-11-27T12:05:39+00:00\" \/>\n<meta name=\"twitter:card\" content=\"summary_large_image\" \/>\n<meta name=\"twitter:label1\" content=\"Predpokladan\u00fd \u010das \u010d\u00edtania\" \/>\n\t<meta name=\"twitter:data1\" content=\"5 min\u00fat\" \/>\n<script type=\"application\/ld+json\" class=\"yoast-schema-graph\">{\"@context\":\"https:\/\/schema.org\",\"@graph\":[{\"@type\":\"WebPage\",\"@id\":\"https:\/\/endometriosis.sk\/verejnost\/co-pomaha-pri-endometrioze\/\",\"url\":\"https:\/\/endometriosis.sk\/verejnost\/co-pomaha-pri-endometrioze\/\",\"name\":\"\u010co pom\u00e1ha pri endometri\u00f3ze - Endometri\u00f3za | Praktick\u00e1 pr\u00edru\u010dka pre \u017eeny s endometri\u00f3zou alebo jej pr\u00edznakmi\",\"isPartOf\":{\"@id\":\"https:\/\/endometriosis.sk\/verejnost\/#website\"},\"datePublished\":\"2024-11-06T07:31:34+00:00\",\"dateModified\":\"2024-11-27T12:05:39+00:00\",\"breadcrumb\":{\"@id\":\"https:\/\/endometriosis.sk\/verejnost\/co-pomaha-pri-endometrioze\/#breadcrumb\"},\"inLanguage\":\"sk-SK\",\"potentialAction\":[{\"@type\":\"ReadAction\",\"target\":[\"https:\/\/endometriosis.sk\/verejnost\/co-pomaha-pri-endometrioze\/\"]}]},{\"@type\":\"BreadcrumbList\",\"@id\":\"https:\/\/endometriosis.sk\/verejnost\/co-pomaha-pri-endometrioze\/#breadcrumb\",\"itemListElement\":[{\"@type\":\"ListItem\",\"position\":1,\"name\":\"Domovsk\u00e1 str\u00e1nka\",\"item\":\"https:\/\/endometriosis.sk\/verejnost\/\"},{\"@type\":\"ListItem\",\"position\":2,\"name\":\"\u010co pom\u00e1ha pri endometri\u00f3ze\"}]},{\"@type\":\"WebSite\",\"@id\":\"https:\/\/endometriosis.sk\/verejnost\/#website\",\"url\":\"https:\/\/endometriosis.sk\/verejnost\/\",\"name\":\"Endometri\u00f3za | Praktick\u00e1 pr\u00edru\u010dka pre \u017eeny s endometri\u00f3zou alebo jej pr\u00edznakmi\",\"description\":\"\",\"potentialAction\":[{\"@type\":\"SearchAction\",\"target\":{\"@type\":\"EntryPoint\",\"urlTemplate\":\"https:\/\/endometriosis.sk\/verejnost\/?s={search_term_string}\"},\"query-input\":{\"@type\":\"PropertyValueSpecification\",\"valueRequired\":true,\"valueName\":\"search_term_string\"}}],\"inLanguage\":\"sk-SK\"}]}<\/script>\n<!-- \/ Yoast SEO plugin. -->","yoast_head_json":{"title":"\u010co pom\u00e1ha pri endometri\u00f3ze - Endometri\u00f3za | Praktick\u00e1 pr\u00edru\u010dka pre \u017eeny s endometri\u00f3zou alebo jej pr\u00edznakmi","robots":{"index":"index","follow":"follow","max-snippet":"max-snippet:-1","max-image-preview":"max-image-preview:large","max-video-preview":"max-video-preview:-1"},"canonical":"https:\/\/endometriosis.sk\/verejnost\/co-pomaha-pri-endometrioze\/","og_locale":"sk_SK","og_type":"article","og_title":"\u010co pom\u00e1ha pri endometri\u00f3ze - Endometri\u00f3za | Praktick\u00e1 pr\u00edru\u010dka pre \u017eeny s endometri\u00f3zou alebo jej pr\u00edznakmi","og_description":"\u010co pom\u00e1ha pri endometri\u00f3zeC\u00edtite sa pre\u0165a\u017een\u00e1 stresom kv\u00f4li diagn\u00f3ze endimetri\u00f3zy? Nie je to nezvy\u010dajn\u00e9. Nervov\u00fd syst\u00e9m, zodpovedn\u00fd za reakciu \u201eboj alebo \u00fatek\u201c, sa m\u00f4\u017ee zasekn\u00fa\u0165 v pre\u0165a\u017een\u00ed, \u010do vedie k \u00fazkosti, \u00fanave a probl\u00e9mom so sp\u00e1nkom. Nemajte v\u0161ak obavy, existuj\u00fa rie\u0161enia, ktor\u00e9 m\u00f4\u017eete urobi\u0165, aby ste upokojili svoj nervov\u00fd syst\u00e9m a pre\u0161li do reakcie \u201eodpo\u010dinok [&hellip;]","og_url":"https:\/\/endometriosis.sk\/verejnost\/co-pomaha-pri-endometrioze\/","og_site_name":"Endometri\u00f3za | Praktick\u00e1 pr\u00edru\u010dka pre \u017eeny s endometri\u00f3zou alebo jej pr\u00edznakmi","article_modified_time":"2024-11-27T12:05:39+00:00","twitter_card":"summary_large_image","twitter_misc":{"Predpokladan\u00fd \u010das \u010d\u00edtania":"5 min\u00fat"},"schema":{"@context":"https:\/\/schema.org","@graph":[{"@type":"WebPage","@id":"https:\/\/endometriosis.sk\/verejnost\/co-pomaha-pri-endometrioze\/","url":"https:\/\/endometriosis.sk\/verejnost\/co-pomaha-pri-endometrioze\/","name":"\u010co pom\u00e1ha pri endometri\u00f3ze - Endometri\u00f3za | Praktick\u00e1 pr\u00edru\u010dka pre \u017eeny s endometri\u00f3zou alebo jej pr\u00edznakmi","isPartOf":{"@id":"https:\/\/endometriosis.sk\/verejnost\/#website"},"datePublished":"2024-11-06T07:31:34+00:00","dateModified":"2024-11-27T12:05:39+00:00","breadcrumb":{"@id":"https:\/\/endometriosis.sk\/verejnost\/co-pomaha-pri-endometrioze\/#breadcrumb"},"inLanguage":"sk-SK","potentialAction":[{"@type":"ReadAction","target":["https:\/\/endometriosis.sk\/verejnost\/co-pomaha-pri-endometrioze\/"]}]},{"@type":"BreadcrumbList","@id":"https:\/\/endometriosis.sk\/verejnost\/co-pomaha-pri-endometrioze\/#breadcrumb","itemListElement":[{"@type":"ListItem","position":1,"name":"Domovsk\u00e1 str\u00e1nka","item":"https:\/\/endometriosis.sk\/verejnost\/"},{"@type":"ListItem","position":2,"name":"\u010co pom\u00e1ha pri endometri\u00f3ze"}]},{"@type":"WebSite","@id":"https:\/\/endometriosis.sk\/verejnost\/#website","url":"https:\/\/endometriosis.sk\/verejnost\/","name":"Endometri\u00f3za | Praktick\u00e1 pr\u00edru\u010dka pre \u017eeny s endometri\u00f3zou alebo jej pr\u00edznakmi","description":"","potentialAction":[{"@type":"SearchAction","target":{"@type":"EntryPoint","urlTemplate":"https:\/\/endometriosis.sk\/verejnost\/?s={search_term_string}"},"query-input":{"@type":"PropertyValueSpecification","valueRequired":true,"valueName":"search_term_string"}}],"inLanguage":"sk-SK"}]}},"_links":{"self":[{"href":"https:\/\/endometriosis.sk\/verejnost\/wp-json\/wp\/v2\/pages\/52","targetHints":{"allow":["GET"]}}],"collection":[{"href":"https:\/\/endometriosis.sk\/verejnost\/wp-json\/wp\/v2\/pages"}],"about":[{"href":"https:\/\/endometriosis.sk\/verejnost\/wp-json\/wp\/v2\/types\/page"}],"author":[{"embeddable":true,"href":"https:\/\/endometriosis.sk\/verejnost\/wp-json\/wp\/v2\/users\/1"}],"replies":[{"embeddable":true,"href":"https:\/\/endometriosis.sk\/verejnost\/wp-json\/wp\/v2\/comments?post=52"}],"version-history":[{"count":8,"href":"https:\/\/endometriosis.sk\/verejnost\/wp-json\/wp\/v2\/pages\/52\/revisions"}],"predecessor-version":[{"id":705,"href":"https:\/\/endometriosis.sk\/verejnost\/wp-json\/wp\/v2\/pages\/52\/revisions\/705"}],"wp:attachment":[{"href":"https:\/\/endometriosis.sk\/verejnost\/wp-json\/wp\/v2\/media?parent=52"}],"wp:term":[{"taxonomy":"difl_page_category","embeddable":true,"href":"https:\/\/endometriosis.sk\/verejnost\/wp-json\/wp\/v2\/difl_page_category?post=52"}],"curies":[{"name":"wp","href":"https:\/\/api.w.org\/{rel}","templated":true}]}}