{"id":35,"date":"2024-11-06T08:21:45","date_gmt":"2024-11-06T07:21:45","guid":{"rendered":"https:\/\/endometriosis.sk\/verejnost\/?page_id=35"},"modified":"2024-11-27T12:57:23","modified_gmt":"2024-11-27T11:57:23","slug":"ake-su-stadia-endometriozy","status":"publish","type":"page","link":"https:\/\/endometriosis.sk\/verejnost\/ake-su-stadia-endometriozy\/","title":{"rendered":"Ak\u00e9 s\u00fa \u0161t\u00e1di\u00e1 endometri\u00f3zy"},"content":{"rendered":"<p>[et_pb_section fb_built=&#8220;1&#8243; _builder_version=&#8220;4.27.2&#8243; _module_preset=&#8220;default&#8220; background_image=&#8220;https:\/\/endometriosis.sk\/verejnost\/wp-content\/uploads\/2024\/11\/pozadie1-1.png&#8220; global_colors_info=&#8220;{}&#8220;][et_pb_row _builder_version=&#8220;4.27.2&#8243; _module_preset=&#8220;default&#8220; global_colors_info=&#8220;{}&#8220;][et_pb_column type=&#8220;4_4&#8243; _builder_version=&#8220;4.27.2&#8243; _module_preset=&#8220;default&#8220; global_colors_info=&#8220;{}&#8220;][et_pb_text _builder_version=&#8220;4.27.2&#8243; _module_preset=&#8220;default&#8220; header_font=&#8220;&#8211;et_global_heading_font|700|||||||&#8220; header_text_align=&#8220;center&#8220; header_text_color=&#8220;#ffffff&#8220; header_font_size=&#8220;34px&#8220; global_colors_info=&#8220;{}&#8220;]<\/p>\n<h1>Ak\u00e9 s\u00fa \u0161t\u00e1di\u00e1 endometri\u00f3zy<\/h1>\n<p>[\/et_pb_text][\/et_pb_column][\/et_pb_row][\/et_pb_section][et_pb_section fb_built=&#8220;1&#8243; _builder_version=&#8220;4.27.3&#8243; _module_preset=&#8220;default&#8220; custom_padding=&#8220;3px|||5px|false|false&#8220; hover_enabled=&#8220;0&#8243; global_colors_info=&#8220;{}&#8220; custom_padding_last_edited=&#8220;on|phone&#8220; sticky_enabled=&#8220;0&#8243; custom_padding_phone=&#8220;|||15px|false|false&#8220; custom_padding_tablet=&#8220;3px|||5px|false|false&#8220;][et_pb_row column_structure=&#8220;1_5,3_5,1_5&#8243; use_custom_gutter=&#8220;on&#8220; gutter_width=&#8220;1&#8243; _builder_version=&#8220;4.27.2&#8243; _module_preset=&#8220;default&#8220; width=&#8220;100%&#8220; max_width=&#8220;1327px&#8220; custom_margin=&#8220;||||false|false&#8220; custom_padding=&#8220;||7px||false|false&#8220; global_colors_info=&#8220;{}&#8220;][et_pb_column type=&#8220;1_5&#8243; _builder_version=&#8220;4.27.2&#8243; _module_preset=&#8220;default&#8220; global_colors_info=&#8220;{}&#8220;][\/et_pb_column][et_pb_column type=&#8220;3_5&#8243; _builder_version=&#8220;4.27.2&#8243; _module_preset=&#8220;default&#8220; global_colors_info=&#8220;{}&#8220;][et_pb_text _builder_version=&#8220;4.27.3&#8243; _module_preset=&#8220;default&#8220; text_font=&#8220;&#8211;et_global_body_font||||||||&#8220; text_text_color=&#8220;#000000&#8243; text_font_size=&#8220;15px&#8220; custom_margin=&#8220;|10px||10px|false|false&#8220; hover_enabled=&#8220;0&#8243; global_colors_info=&#8220;{}&#8220; sticky_enabled=&#8220;0&#8243;]<\/p>\n<p>Pochopenie \u0161t\u00e1di\u00ed endometri\u00f3zy je <span style=\"color: #ffcc00;\"><a href=\"https:\/\/endometriosis.sk\/verejnost\/odborna-pomoc\/\" style=\"color: #ffcc00;\">k\u013e\u00fa\u010dov\u00e9 pre diagnostiku, lie\u010dbu a podporu<\/a><\/span>, ktor\u00e9 m\u00f4\u017eu \u017een\u00e1m pom\u00f4c\u0165 zlep\u0161i\u0165 kvalitu \u017eivota a zmierni\u0165 potenci\u00e1lne probl\u00e9my sp\u00f4soben\u00e9 t\u00fdmto ochoren\u00edm, ako s\u00fa probl\u00e9my s plodnos\u0165ou.<\/p>\n<p>Endometri\u00f3za sa prejavuje v r\u00f4znych form\u00e1ch, z ktor\u00fdch ka\u017ed\u00e1 m\u00e1 odli\u0161n\u00e9 charakteristiky.<\/p>\n<p>[\/et_pb_text][et_pb_text _builder_version=&#8220;4.27.2&#8243; _module_preset=&#8220;default&#8220; text_font=&#8220;&#8211;et_global_body_font||||||||&#8220; text_text_color=&#8220;#000000&#8243; text_font_size=&#8220;15px&#8220; custom_margin=&#8220;|10px||10px|false|false&#8220; custom_padding=&#8220;12px|||||&#8220; global_colors_info=&#8220;{}&#8220;]<\/p>\n<p><strong>Povrchov\u00e1 peritone\u00e1lna<\/strong>, najbe\u017enej\u0161\u00ed typ, ktor\u00fd je charakteristick\u00fd l\u00e9ziami v peritone\u00e1lnej dutine.<\/p>\n<p>[\/et_pb_text][et_pb_image src=&#8220;https:\/\/endometriosis.sk\/verejnost\/wp-content\/uploads\/2024\/11\/Obrazok2.png&#8220; alt=&#8220;Povrchov\u00e1 peritone\u00e1lna&#8220; title_text=&#8220;Povrchov\u00e1 peritone\u00e1lna&#8220; align=&#8220;center&#8220; _builder_version=&#8220;4.27.2&#8243; _module_preset=&#8220;default&#8220; global_colors_info=&#8220;{}&#8220;][\/et_pb_image][et_pb_text _builder_version=&#8220;4.27.2&#8243; _module_preset=&#8220;default&#8220; text_font=&#8220;&#8211;et_global_body_font||||||||&#8220; text_text_color=&#8220;#000000&#8243; text_font_size=&#8220;15px&#8220; custom_margin=&#8220;|10px||10px|false|false&#8220; custom_padding=&#8220;12px|||||&#8220; global_colors_info=&#8220;{}&#8220;]<\/p>\n<p><strong>Ovari\u00e1lny endometri\u00f3m<\/strong> sa vyskytuje, ke\u010f endometri\u00e1lne tkanivo tvor\u00ed cysty na vaje\u010dn\u00edkoch, \u010dasto naz\u00fdvan\u00e9 \u201e\u010dokol\u00e1dov\u00e9 cysty\u201c kv\u00f4li ich vzh\u013eadu. S\u00fa \u010dasto naplnen\u00e9 tekutinou.<\/p>\n<p>[\/et_pb_text][et_pb_image src=&#8220;https:\/\/endometriosis.sk\/verejnost\/wp-content\/uploads\/2024\/11\/Obrazok3.png&#8220; alt=&#8220;Hlbok\u00e1 infiltruj\u00faca endometri\u00f3za&#8220; title_text=&#8220;Hlbok\u00e1 infiltruj\u00faca endometri\u00f3za&#8220; align=&#8220;center&#8220; _builder_version=&#8220;4.27.2&#8243; _module_preset=&#8220;default&#8220; global_colors_info=&#8220;{}&#8220;][\/et_pb_image][et_pb_text _builder_version=&#8220;4.27.2&#8243; _module_preset=&#8220;default&#8220; text_font=&#8220;&#8211;et_global_body_font||||||||&#8220; text_text_color=&#8220;#000000&#8243; text_font_size=&#8220;15px&#8220; custom_margin=&#8220;|10px||10px|false|false&#8220; custom_padding=&#8220;12px|||||&#8220; global_colors_info=&#8220;{}&#8220;]<\/p>\n<p><strong>Hlbok\u00e1 infiltruj\u00faca endometri\u00f3za<\/strong> je najz\u00e1va\u017enej\u0161\u00ed typ, ktor\u00fd zah\u0155\u0148a prenikanie endometri\u00e1lneho tkaniva do hlb\u0161\u00edch panvov\u00fdch org\u00e1nov, ako s\u00fa \u010drev\u00e1 alebo mo\u010dov\u00fd mech\u00far, \u010do sp\u00f4sobuje boles\u0165 a potenci\u00e1lne komplik\u00e1cie.<\/p>\n<p>[\/et_pb_text][et_pb_image src=&#8220;https:\/\/endometriosis.sk\/verejnost\/wp-content\/uploads\/2024\/11\/Obrazok4.png&#8220; alt=&#8220;Ovari\u00e1lny endometri\u00f3m&#8220; title_text=&#8220;Ovari\u00e1lny endometri\u00f3m&#8220; align=&#8220;center&#8220; _builder_version=&#8220;4.27.2&#8243; _module_preset=&#8220;default&#8220; global_colors_info=&#8220;{}&#8220;][\/et_pb_image][et_pb_text _builder_version=&#8220;4.27.2&#8243; _module_preset=&#8220;default&#8220; text_font=&#8220;&#8211;et_global_body_font||||||||&#8220; text_font_size=&#8220;15px&#8220; header_font=&#8220;&#8211;et_global_heading_font||||||||&#8220; header_text_align=&#8220;center&#8220; header_text_color=&#8220;#e9b323&#8243; custom_margin=&#8220;|4px||6px|false|false&#8220; custom_padding=&#8220;||21px||false|false&#8220; locked=&#8220;off&#8220; global_colors_info=&#8220;{}&#8220;]<\/p>\n<h1>Z h\u013eadiska priebehu rozozn\u00e1vame \u0161tyri \u0161t\u00e1di\u00e1 endometri\u00f3zy<\/h1>\n<p>[\/et_pb_text][et_pb_text _builder_version=&#8220;4.27.2&#8243; _module_preset=&#8220;default&#8220; text_font=&#8220;&#8211;et_global_body_font||||||||&#8220; text_text_color=&#8220;#000000&#8243; text_font_size=&#8220;15px&#8220; custom_margin=&#8220;|10px||10px|false|false&#8220; custom_padding=&#8220;||||false|false&#8220; global_colors_info=&#8220;{}&#8220;]<\/p>\n<p><strong>\u0160t\u00e1dium endometri\u00f3zy 1<\/strong>, zn\u00e1me aj ako <strong>minim\u00e1lna endometri\u00f3za<\/strong>, je najskor\u0161ia a najmiernej\u0161ia forma ochorenia.<\/p>\n<p>V tomto \u0161t\u00e1diu sa v panvovej dutine nach\u00e1dzaj\u00fa mal\u00e9, izolovan\u00e9 l\u00e9zie alebo implant\u00e1ty endometri\u00e1lneho tkaniva. Pr\u00edznaky m\u00f4\u017eu by\u0165 jemn\u00e9, ako mierna panvov\u00e1 boles\u0165, nepohodlie po\u010das men\u0161tru\u00e1cie alebo ob\u010dasn\u00e1 boles\u0165 po\u010das pohlavn\u00e9ho styku. Diagnostikovanie \u0161t\u00e1dia 1 m\u00f4\u017ee by\u0165 n\u00e1ro\u010dn\u00e9, preto\u017ee tieto pr\u00edznaky \u010dasto napodob\u0148uj\u00fa in\u00e9 be\u017en\u00e9 panvov\u00e9 probl\u00e9my. Najdefinit\u00edvnej\u0161ou met\u00f3dou diagnostiky je laparoskopia.<\/p>\n<p>Mo\u017enosti lie\u010dby zah\u0155\u0148aj\u00fa mana\u017ement bolesti pomocou vo\u013enopredajn\u00fdch liekov proti bolesti, hormon\u00e1lnu terapiu a \u00fapravu \u017eivotn\u00e9ho \u0161t\u00fdlu.<\/p>\n<p>[\/et_pb_text][et_pb_text _builder_version=&#8220;4.27.2&#8243; _module_preset=&#8220;default&#8220; text_font=&#8220;&#8211;et_global_body_font||||||||&#8220; text_text_color=&#8220;#000000&#8243; text_font_size=&#8220;15px&#8220; background_color=&#8220;rgba(244,195,238,0.71)&#8220; custom_margin=&#8220;21px|10px||10px|false|false&#8220; custom_padding=&#8220;||||false|false&#8220; global_colors_info=&#8220;{}&#8220;]<\/p>\n<p><strong>\u0160t\u00e1dium endometri\u00f3zy 2<\/strong>, klasifikovan\u00e9 ako <strong>mierna endometri\u00f3za<\/strong>, znamen\u00e1 progresiu predch\u00e1dzaj\u00faceho \u0161t\u00e1dia s rozsiahlej\u0161\u00edm zapojen\u00edm tkaniva. V tomto \u0161t\u00e1diu sa zvy\u010dajne nach\u00e1dza pribli\u017ene 1 a\u017e 3 centimetre endometri\u00e1lneho tkaniva na panvov\u00fdch org\u00e1noch a peritoneu. Pr\u00edznaky sa zvy\u010dajne zintenz\u00edv\u0148uj\u00fa, sp\u00f4sobuj\u00fa miernu panvov\u00fa boles\u0165, bolestiv\u00e9 men\u0161tru\u00e1cie a potenci\u00e1lne probl\u00e9my s plodnos\u0165ou. Diagnostikovanie miernej endometri\u00f3zy \u010dasto vy\u017eaduje laparoskopiu na definit\u00edvne potvrdenie, preto\u017ee pr\u00edznaky sa m\u00f4\u017eu st\u00e1le prekr\u00fdva\u0165 s in\u00fdmi stavmi. V tomto \u0161t\u00e1diu mo\u017enosti lie\u010dby zah\u0155\u0148aj\u00fa hormon\u00e1lnu terapiu na mana\u017ement bolesti a z\u00e1palu, spolu so zmenami \u017eivotn\u00e9ho \u0161t\u00fdlu, ako s\u00fa \u00faprava stravy a cvi\u010denie na zmiernenie pr\u00edznakov.<\/p>\n<p>[\/et_pb_text][et_pb_text _builder_version=&#8220;4.27.2&#8243; _module_preset=&#8220;default&#8220; text_font=&#8220;&#8211;et_global_body_font||||||||&#8220; text_text_color=&#8220;#000000&#8243; text_font_size=&#8220;15px&#8220; custom_margin=&#8220;12px|10px||10px|false|false&#8220; custom_padding=&#8220;10px||||false|false&#8220; global_colors_info=&#8220;{}&#8220;]<\/p>\n<p><strong>\u0160t\u00e1dium endometri\u00f3zy 3.<\/strong> <strong>Stredne z\u00e1va\u017en\u00e1 endometri\u00f3za<\/strong> predstavuje \u010fal\u0161ie \u0161t\u00e1dium progresie ochorenia. Zah\u0155\u0148a pr\u00edtomnos\u0165 rozsiahlej\u0161\u00edch a hlb\u0161\u00edch implant\u00e1tov endometri\u00e1lneho tkaniva v celej panvovej oblasti, potenci\u00e1lne ovplyv\u0148uj\u00fac org\u00e1ny ako vaje\u010dn\u00edky a vaj\u00ed\u010dkovody. V niektor\u00fdch pr\u00edpadoch sa pr\u00edznaky st\u00e1vaj\u00fa v\u00fdrazne z\u00e1va\u017en\u00fdmi, vr\u00e1tane intenz\u00edvnej panvovej bolesti,<br \/>siln\u00e9ho men\u0161trua\u010dn\u00e9ho krv\u00e1cania a zv\u00fd\u0161en\u00e9ho rizika probl\u00e9mov s plodnos\u0165ou. Diagnostika zvy\u010dajne vy\u017eaduje laparoskopiu na podrobn\u00fa anal\u00fdzu.<\/p>\n<p>Ak neposta\u010duj\u00fa lek\u00e1rske o\u0161etrenia, ako s\u00fa hormon\u00e1lna terapia vo forme antikoncepcie \u010di gestag\u00e9nov, nasleduj\u00fa agonisti GnRH, antagonisti GnRH s add back terapiou pre zvl\u00e1dnutie bolesti a kontrolu progresu stavu, ktor\u00e9 sa st\u00e1vaj\u00fa be\u017enej\u0161\u00edmi.<\/p>\n<p>Chirurgick\u00e9 mo\u017enosti, ako je laparoskopick\u00e1 exc\u00edzia alebo abl\u00e1cia, m\u00f4\u017eu by\u0165 odpor\u00fa\u010dan\u00e9 na odstr\u00e1nenie tkaniva a zmiernenie pr\u00edznakov, \u010do m\u00f4\u017ee poskytn\u00fa\u0165 \u00fa\u013eavu a zlep\u0161enie kvality \u017eivota \u017eien so stredne z\u00e1va\u017enou endometri\u00f3zou.<\/p>\n<p>[\/et_pb_text][et_pb_text _builder_version=&#8220;4.27.2&#8243; _module_preset=&#8220;default&#8220; text_font=&#8220;&#8211;et_global_body_font||||||||&#8220; text_text_color=&#8220;#000000&#8243; text_font_size=&#8220;15px&#8220; background_color=&#8220;rgba(244,195,238,0.71)&#8220; custom_margin=&#8220;21px|10px||10px|false|false&#8220; custom_padding=&#8220;||||false|false&#8220; global_colors_info=&#8220;{}&#8220;]<\/p>\n<p><strong>\u0160t\u00e1dium endometri\u00f3zy 4. Z\u00e1va\u017en\u00e1 endometri\u00f3za<\/strong> je najpokro\u010dilej\u0161ie \u0161t\u00e1dium ochorenia, s rozsiahlym a hlbok\u00fdm prenikan\u00edm endometri\u00e1lneho tkaniva do panvov\u00fdch org\u00e1nov a potenci\u00e1lne aj mimo nich. Dopad na fyzick\u00fa a emocion\u00e1lnu pohodu m\u00f4\u017ee by\u0165 v\u00fdrazn\u00fd, pri\u010dom niektor\u00e9 \u017eeny za\u017e\u00edvaj\u00fa neznesite\u013en\u00fa boles\u0165, vy\u010derp\u00e1vaj\u00facu \u00fanavu a z\u00e1va\u017en\u00e9 men\u0161trua\u010dn\u00e9 pr\u00edznaky, ktor\u00e9 nar\u00fa\u0161aj\u00fa<br \/>ka\u017edodenn\u00fd \u017eivot.<\/p>\n<p>Diagnostikovanie z\u00e1va\u017enej endometri\u00f3zy m\u00f4\u017ee by\u0165 n\u00e1ro\u010dn\u00e9 kv\u00f4li jej zlo\u017eitosti a potenci\u00e1lnej podobnosti s in\u00fdmi ochoreniami. Pokro\u010dil\u00e9 lek\u00e1rske o\u0161etrenia, ako je dlhodob\u00e1 hormon\u00e1lna terapia alebo \u0161pecializovan\u00e1 lie\u010dba bolesti, s\u00fa k\u013e\u00fa\u010dov\u00e9. Zva\u017euj\u00fa sa aj chirurgick\u00e9 z\u00e1kroky, ako je exc\u00edzia alebo hysterekt\u00f3mia.<\/p>\n<p>Okrem toho m\u00f4\u017ee z\u00e1va\u017en\u00e1 endometri\u00f3za v\u00fdrazne ovplyvni\u0165 plodnos\u0165, \u010do si vy\u017eaduje pokro\u010dil\u00e9 lie\u010dby plodnosti a \u00fazku spolupr\u00e1cu s reproduk\u010dn\u00fdmi \u0161pecialistami na rie\u0161enie vzniknut\u00fdch probl\u00e9mov.<\/p>\n<p>[\/et_pb_text][\/et_pb_column][et_pb_column type=&#8220;1_5&#8243; _builder_version=&#8220;4.27.2&#8243; _module_preset=&#8220;default&#8220; global_colors_info=&#8220;{}&#8220;][\/et_pb_column][\/et_pb_row][\/et_pb_section]<\/p>\n","protected":false},"excerpt":{"rendered":"<p>Ak\u00e9 s\u00fa \u0161t\u00e1di\u00e1 endometri\u00f3zyPochopenie \u0161t\u00e1di\u00ed endometri\u00f3zy je k\u013e\u00fa\u010dov\u00e9 pre diagnostiku, lie\u010dbu a podporu, ktor\u00e9 m\u00f4\u017eu \u017een\u00e1m pom\u00f4c\u0165 zlep\u0161i\u0165 kvalitu \u017eivota a zmierni\u0165 potenci\u00e1lne probl\u00e9my sp\u00f4soben\u00e9 t\u00fdmto ochoren\u00edm, ako s\u00fa probl\u00e9my s plodnos\u0165ou. Endometri\u00f3za sa prejavuje v r\u00f4znych form\u00e1ch, z ktor\u00fdch ka\u017ed\u00e1 m\u00e1 odli\u0161n\u00e9 charakteristiky.Povrchov\u00e1 peritone\u00e1lna, najbe\u017enej\u0161\u00ed typ, ktor\u00fd je charakteristick\u00fd l\u00e9ziami v peritone\u00e1lnej dutine.Ovari\u00e1lny endometri\u00f3m [&hellip;]<\/p>\n","protected":false},"author":1,"featured_media":0,"parent":0,"menu_order":0,"comment_status":"closed","ping_status":"closed","template":"","meta":{"_et_pb_use_builder":"on","_et_pb_old_content":"","_et_gb_content_width":"","footnotes":""},"difl_page_category":[],"class_list":["post-35","page","type-page","status-publish","hentry"],"yoast_head":"<!-- This site is optimized with the Yoast SEO plugin v26.4 - https:\/\/yoast.com\/wordpress\/plugins\/seo\/ -->\n<title>Ak\u00e9 s\u00fa \u0161t\u00e1di\u00e1 endometri\u00f3zy - Endometri\u00f3za | Praktick\u00e1 pr\u00edru\u010dka pre \u017eeny s endometri\u00f3zou alebo jej pr\u00edznakmi<\/title>\n<meta name=\"description\" content=\"Pochopenie \u0161t\u00e1di\u00ed endometri\u00f3zy je k\u013e\u00fa\u010dov\u00e9 pre diagnostiku, lie\u010dbu a podporu, ktor\u00e9 m\u00f4\u017eu \u017een\u00e1m pom\u00f4c\u0165 zlep\u0161i\u0165 kvalitu \u017eivota.\" \/>\n<meta name=\"robots\" content=\"index, follow, max-snippet:-1, max-image-preview:large, max-video-preview:-1\" \/>\n<link rel=\"canonical\" href=\"https:\/\/endometriosis.sk\/verejnost\/ake-su-stadia-endometriozy\/\" \/>\n<meta property=\"og:locale\" content=\"sk_SK\" \/>\n<meta property=\"og:type\" content=\"article\" \/>\n<meta property=\"og:title\" content=\"Ak\u00e9 s\u00fa \u0161t\u00e1di\u00e1 endometri\u00f3zy - Endometri\u00f3za | Praktick\u00e1 pr\u00edru\u010dka pre \u017eeny s endometri\u00f3zou alebo jej pr\u00edznakmi\" \/>\n<meta property=\"og:description\" content=\"Pochopenie \u0161t\u00e1di\u00ed endometri\u00f3zy je k\u013e\u00fa\u010dov\u00e9 pre diagnostiku, lie\u010dbu a podporu, ktor\u00e9 m\u00f4\u017eu \u017een\u00e1m pom\u00f4c\u0165 zlep\u0161i\u0165 kvalitu \u017eivota.\" \/>\n<meta property=\"og:url\" content=\"https:\/\/endometriosis.sk\/verejnost\/ake-su-stadia-endometriozy\/\" \/>\n<meta property=\"og:site_name\" content=\"Endometri\u00f3za | Praktick\u00e1 pr\u00edru\u010dka pre \u017eeny s endometri\u00f3zou alebo jej pr\u00edznakmi\" \/>\n<meta property=\"article:modified_time\" content=\"2024-11-27T11:57:23+00:00\" \/>\n<meta name=\"twitter:card\" content=\"summary_large_image\" \/>\n<meta name=\"twitter:label1\" content=\"Predpokladan\u00fd \u010das \u010d\u00edtania\" \/>\n\t<meta name=\"twitter:data1\" content=\"4 min\u00faty\" \/>\n<script type=\"application\/ld+json\" class=\"yoast-schema-graph\">{\"@context\":\"https:\/\/schema.org\",\"@graph\":[{\"@type\":\"WebPage\",\"@id\":\"https:\/\/endometriosis.sk\/verejnost\/ake-su-stadia-endometriozy\/\",\"url\":\"https:\/\/endometriosis.sk\/verejnost\/ake-su-stadia-endometriozy\/\",\"name\":\"Ak\u00e9 s\u00fa \u0161t\u00e1di\u00e1 endometri\u00f3zy - Endometri\u00f3za | Praktick\u00e1 pr\u00edru\u010dka pre \u017eeny s endometri\u00f3zou alebo jej pr\u00edznakmi\",\"isPartOf\":{\"@id\":\"https:\/\/endometriosis.sk\/verejnost\/#website\"},\"datePublished\":\"2024-11-06T07:21:45+00:00\",\"dateModified\":\"2024-11-27T11:57:23+00:00\",\"description\":\"Pochopenie \u0161t\u00e1di\u00ed endometri\u00f3zy je k\u013e\u00fa\u010dov\u00e9 pre diagnostiku, lie\u010dbu a podporu, ktor\u00e9 m\u00f4\u017eu \u017een\u00e1m pom\u00f4c\u0165 zlep\u0161i\u0165 kvalitu \u017eivota.\",\"breadcrumb\":{\"@id\":\"https:\/\/endometriosis.sk\/verejnost\/ake-su-stadia-endometriozy\/#breadcrumb\"},\"inLanguage\":\"sk-SK\",\"potentialAction\":[{\"@type\":\"ReadAction\",\"target\":[\"https:\/\/endometriosis.sk\/verejnost\/ake-su-stadia-endometriozy\/\"]}]},{\"@type\":\"BreadcrumbList\",\"@id\":\"https:\/\/endometriosis.sk\/verejnost\/ake-su-stadia-endometriozy\/#breadcrumb\",\"itemListElement\":[{\"@type\":\"ListItem\",\"position\":1,\"name\":\"Domovsk\u00e1 str\u00e1nka\",\"item\":\"https:\/\/endometriosis.sk\/verejnost\/\"},{\"@type\":\"ListItem\",\"position\":2,\"name\":\"Ak\u00e9 s\u00fa \u0161t\u00e1di\u00e1 endometri\u00f3zy\"}]},{\"@type\":\"WebSite\",\"@id\":\"https:\/\/endometriosis.sk\/verejnost\/#website\",\"url\":\"https:\/\/endometriosis.sk\/verejnost\/\",\"name\":\"Endometri\u00f3za | Praktick\u00e1 pr\u00edru\u010dka pre \u017eeny s endometri\u00f3zou alebo jej pr\u00edznakmi\",\"description\":\"\",\"potentialAction\":[{\"@type\":\"SearchAction\",\"target\":{\"@type\":\"EntryPoint\",\"urlTemplate\":\"https:\/\/endometriosis.sk\/verejnost\/?s={search_term_string}\"},\"query-input\":{\"@type\":\"PropertyValueSpecification\",\"valueRequired\":true,\"valueName\":\"search_term_string\"}}],\"inLanguage\":\"sk-SK\"}]}<\/script>\n<!-- \/ Yoast SEO plugin. -->","yoast_head_json":{"title":"Ak\u00e9 s\u00fa \u0161t\u00e1di\u00e1 endometri\u00f3zy - Endometri\u00f3za | Praktick\u00e1 pr\u00edru\u010dka pre \u017eeny s endometri\u00f3zou alebo jej pr\u00edznakmi","description":"Pochopenie \u0161t\u00e1di\u00ed endometri\u00f3zy je k\u013e\u00fa\u010dov\u00e9 pre diagnostiku, lie\u010dbu a podporu, ktor\u00e9 m\u00f4\u017eu \u017een\u00e1m pom\u00f4c\u0165 zlep\u0161i\u0165 kvalitu \u017eivota.","robots":{"index":"index","follow":"follow","max-snippet":"max-snippet:-1","max-image-preview":"max-image-preview:large","max-video-preview":"max-video-preview:-1"},"canonical":"https:\/\/endometriosis.sk\/verejnost\/ake-su-stadia-endometriozy\/","og_locale":"sk_SK","og_type":"article","og_title":"Ak\u00e9 s\u00fa \u0161t\u00e1di\u00e1 endometri\u00f3zy - Endometri\u00f3za | Praktick\u00e1 pr\u00edru\u010dka pre \u017eeny s endometri\u00f3zou alebo jej pr\u00edznakmi","og_description":"Pochopenie \u0161t\u00e1di\u00ed endometri\u00f3zy je k\u013e\u00fa\u010dov\u00e9 pre diagnostiku, lie\u010dbu a podporu, ktor\u00e9 m\u00f4\u017eu \u017een\u00e1m pom\u00f4c\u0165 zlep\u0161i\u0165 kvalitu \u017eivota.","og_url":"https:\/\/endometriosis.sk\/verejnost\/ake-su-stadia-endometriozy\/","og_site_name":"Endometri\u00f3za | Praktick\u00e1 pr\u00edru\u010dka pre \u017eeny s endometri\u00f3zou alebo jej pr\u00edznakmi","article_modified_time":"2024-11-27T11:57:23+00:00","twitter_card":"summary_large_image","twitter_misc":{"Predpokladan\u00fd \u010das \u010d\u00edtania":"4 min\u00faty"},"schema":{"@context":"https:\/\/schema.org","@graph":[{"@type":"WebPage","@id":"https:\/\/endometriosis.sk\/verejnost\/ake-su-stadia-endometriozy\/","url":"https:\/\/endometriosis.sk\/verejnost\/ake-su-stadia-endometriozy\/","name":"Ak\u00e9 s\u00fa \u0161t\u00e1di\u00e1 endometri\u00f3zy - Endometri\u00f3za | Praktick\u00e1 pr\u00edru\u010dka pre \u017eeny s endometri\u00f3zou alebo jej pr\u00edznakmi","isPartOf":{"@id":"https:\/\/endometriosis.sk\/verejnost\/#website"},"datePublished":"2024-11-06T07:21:45+00:00","dateModified":"2024-11-27T11:57:23+00:00","description":"Pochopenie \u0161t\u00e1di\u00ed endometri\u00f3zy je k\u013e\u00fa\u010dov\u00e9 pre diagnostiku, lie\u010dbu a podporu, ktor\u00e9 m\u00f4\u017eu \u017een\u00e1m pom\u00f4c\u0165 zlep\u0161i\u0165 kvalitu \u017eivota.","breadcrumb":{"@id":"https:\/\/endometriosis.sk\/verejnost\/ake-su-stadia-endometriozy\/#breadcrumb"},"inLanguage":"sk-SK","potentialAction":[{"@type":"ReadAction","target":["https:\/\/endometriosis.sk\/verejnost\/ake-su-stadia-endometriozy\/"]}]},{"@type":"BreadcrumbList","@id":"https:\/\/endometriosis.sk\/verejnost\/ake-su-stadia-endometriozy\/#breadcrumb","itemListElement":[{"@type":"ListItem","position":1,"name":"Domovsk\u00e1 str\u00e1nka","item":"https:\/\/endometriosis.sk\/verejnost\/"},{"@type":"ListItem","position":2,"name":"Ak\u00e9 s\u00fa \u0161t\u00e1di\u00e1 endometri\u00f3zy"}]},{"@type":"WebSite","@id":"https:\/\/endometriosis.sk\/verejnost\/#website","url":"https:\/\/endometriosis.sk\/verejnost\/","name":"Endometri\u00f3za | Praktick\u00e1 pr\u00edru\u010dka pre \u017eeny s endometri\u00f3zou alebo jej pr\u00edznakmi","description":"","potentialAction":[{"@type":"SearchAction","target":{"@type":"EntryPoint","urlTemplate":"https:\/\/endometriosis.sk\/verejnost\/?s={search_term_string}"},"query-input":{"@type":"PropertyValueSpecification","valueRequired":true,"valueName":"search_term_string"}}],"inLanguage":"sk-SK"}]}},"_links":{"self":[{"href":"https:\/\/endometriosis.sk\/verejnost\/wp-json\/wp\/v2\/pages\/35","targetHints":{"allow":["GET"]}}],"collection":[{"href":"https:\/\/endometriosis.sk\/verejnost\/wp-json\/wp\/v2\/pages"}],"about":[{"href":"https:\/\/endometriosis.sk\/verejnost\/wp-json\/wp\/v2\/types\/page"}],"author":[{"embeddable":true,"href":"https:\/\/endometriosis.sk\/verejnost\/wp-json\/wp\/v2\/users\/1"}],"replies":[{"embeddable":true,"href":"https:\/\/endometriosis.sk\/verejnost\/wp-json\/wp\/v2\/comments?post=35"}],"version-history":[{"count":14,"href":"https:\/\/endometriosis.sk\/verejnost\/wp-json\/wp\/v2\/pages\/35\/revisions"}],"predecessor-version":[{"id":699,"href":"https:\/\/endometriosis.sk\/verejnost\/wp-json\/wp\/v2\/pages\/35\/revisions\/699"}],"wp:attachment":[{"href":"https:\/\/endometriosis.sk\/verejnost\/wp-json\/wp\/v2\/media?parent=35"}],"wp:term":[{"taxonomy":"difl_page_category","embeddable":true,"href":"https:\/\/endometriosis.sk\/verejnost\/wp-json\/wp\/v2\/difl_page_category?post=35"}],"curies":[{"name":"wp","href":"https:\/\/api.w.org\/{rel}","templated":true}]}}