{"id":33,"date":"2024-11-06T08:21:33","date_gmt":"2024-11-06T07:21:33","guid":{"rendered":"https:\/\/endometriosis.sk\/verejnost\/?page_id=33"},"modified":"2024-11-27T12:53:12","modified_gmt":"2024-11-27T11:53:12","slug":"existuju-preventivne-opatrenia-ako-zabranit-endometrioze","status":"publish","type":"page","link":"https:\/\/endometriosis.sk\/verejnost\/existuju-preventivne-opatrenia-ako-zabranit-endometrioze\/","title":{"rendered":"Existuj\u00fa prevent\u00edvne opatrenia ako zabr\u00e1ni\u0165 endometri\u00f3ze?"},"content":{"rendered":"<p>[et_pb_section fb_built=&#8220;1&#8243; _builder_version=&#8220;4.27.2&#8243; _module_preset=&#8220;default&#8220; background_image=&#8220;https:\/\/endometriosis.sk\/verejnost\/wp-content\/uploads\/2024\/11\/pozadie1-1.png&#8220; global_colors_info=&#8220;{}&#8220;][et_pb_row _builder_version=&#8220;4.27.2&#8243; _module_preset=&#8220;default&#8220; global_colors_info=&#8220;{}&#8220;][et_pb_column type=&#8220;4_4&#8243; _builder_version=&#8220;4.27.2&#8243; _module_preset=&#8220;default&#8220; global_colors_info=&#8220;{}&#8220;][et_pb_text _builder_version=&#8220;4.27.2&#8243; _module_preset=&#8220;default&#8220; header_font=&#8220;&#8211;et_global_heading_font|700|||||||&#8220; header_text_align=&#8220;center&#8220; header_text_color=&#8220;#ffffff&#8220; header_font_size=&#8220;34px&#8220; global_colors_info=&#8220;{}&#8220;]<\/p>\n<h1>Existuj\u00fa prevent\u00edvne opatrenia ako zabr\u00e1ni\u0165 endometri\u00f3ze?<\/h1>\n<p>[\/et_pb_text][\/et_pb_column][\/et_pb_row][\/et_pb_section][et_pb_section fb_built=&#8220;1&#8243; _builder_version=&#8220;4.27.3&#8243; _module_preset=&#8220;default&#8220; custom_padding=&#8220;3px|||5px|false|false&#8220; hover_enabled=&#8220;0&#8243; global_colors_info=&#8220;{}&#8220; custom_padding_last_edited=&#8220;on|phone&#8220; sticky_enabled=&#8220;0&#8243; custom_padding_phone=&#8220;|||15px|false|false&#8220; custom_padding_tablet=&#8220;3px|||5px|false|false&#8220;][et_pb_row column_structure=&#8220;1_5,3_5,1_5&#8243; use_custom_gutter=&#8220;on&#8220; gutter_width=&#8220;1&#8243; _builder_version=&#8220;4.27.2&#8243; _module_preset=&#8220;default&#8220; width=&#8220;100%&#8220; max_width=&#8220;1327px&#8220; custom_margin=&#8220;||||false|false&#8220; custom_padding=&#8220;||||false|false&#8220; global_colors_info=&#8220;{}&#8220;][et_pb_column type=&#8220;1_5&#8243; _builder_version=&#8220;4.27.2&#8243; _module_preset=&#8220;default&#8220; global_colors_info=&#8220;{}&#8220;][\/et_pb_column][et_pb_column type=&#8220;3_5&#8243; _builder_version=&#8220;4.27.2&#8243; _module_preset=&#8220;default&#8220; global_colors_info=&#8220;{}&#8220;][et_pb_text _builder_version=&#8220;4.27.3&#8243; _module_preset=&#8220;default&#8220; text_font=&#8220;&#8211;et_global_body_font||||||||&#8220; text_text_color=&#8220;#000000&#8243; text_font_size=&#8220;15px&#8220; custom_margin=&#8220;|10px||10px|false|false&#8220; global_colors_info=&#8220;{}&#8220;]<\/p>\n<p>Moment\u00e1lne neexistuje \u017eiadny zn\u00e1my sp\u00f4sob, ako \u00faplne zabr\u00e1ni\u0165 endometri\u00f3ze. Av\u0161ak zv\u00fd\u0161en\u00e9 povedomie,<span style=\"color: #ffcc00;\"><a href=\"https:\/\/endometriosis.sk\/verejnost\/diagnostika\/\" style=\"color: #ffcc00;\"> v\u010dasn\u00e1 diagnostika a spr\u00e1vne mana\u017eovanie<\/a><\/span> m\u00f4\u017eu spomali\u0165 alebo zastavi\u0165 prirodzen\u00fd priebeh ochorenia a zn\u00ed\u017ei\u0165 dlhodob\u00e9 za\u0165a\u017eenie jeho pr\u00edznakmi.<sup>1<\/sup><\/p>\n<p><sup><\/sup><\/p>\n<p><strong>Niektor\u00e9 odpor\u00fa\u010dania na zn\u00ed\u017eenie rizika zah\u0155\u0148aj\u00fa:<\/strong><\/p>\n<ol>\n<li><strong>Hormon\u00e1lna antikoncepcia:<\/strong> Hormon\u00e1lna antikoncepcia: Prediskutujte so svoj\u00edm lek\u00e1rom mo\u017enosti hormon\u00e1lnej<br \/>antikoncepcie, ako s\u00fa tablety, n\u00e1plasti, kr\u00fa\u017eky alebo intrauterinn\u00fd syst\u00e9m s obsahom horm\u00f3nov.<\/li>\n<li><strong>Pravideln\u00e9 cvi\u010denie:<\/strong> Viac ako 4 hodiny t\u00fd\u017edenne m\u00f4\u017ee pom\u00f4c\u0165 zn\u00ed\u017ei\u0165 riziko.<\/li>\n<li><strong>Obmedzenie alkoholu:<\/strong> Alkohol zvy\u0161uje hladiny estrog\u00e9nu, preto je dobr\u00e9 vyhn\u00fa\u0165 sa ve\u013ek\u00fdm mno\u017estv\u00e1m.<\/li>\n<li><strong>Obmedzenie kofe\u00ednu:<\/strong> Vyhnite sa ve\u013ek\u00fdm d\u00e1vkam n\u00e1pojov s kofe\u00ednom. Tieto opatrenia m\u00f4\u017eu pom\u00f4c\u0165 zn\u00ed\u017ei\u0165 riziko, ale nie s\u00fa z\u00e1rukou prevencie endometri\u00f3zy.<\/li>\n<\/ol>\n<p>Ak m\u00e1te \u010fal\u0161ie ot\u00e1zky alebo obavy, <span style=\"color: #ffcc00;\"><a href=\"https:\/\/endometriosis.sk\/verejnost\/odborna-pomoc\/\" style=\"color: #ffcc00;\">je najlep\u0161ie poradi\u0165 sa so svoj\u00edm lek\u00e1rom<\/a><\/span>.<\/p>\n<p>&#8212;&#8212;&#8212;&#8212;&#8212;-<\/p>\n<p><sup>1<\/sup><a href=\"https:\/\/www.who.int\/news-room\/fact-sheets\/detail\/endometriosis\">https:\/\/www.who.int\/news-room\/fact-sheets\/detail\/endometriosis\u00a0<\/a><\/p>\n<p>[\/et_pb_text][\/et_pb_column][et_pb_column type=&#8220;1_5&#8243; _builder_version=&#8220;4.27.2&#8243; _module_preset=&#8220;default&#8220; global_colors_info=&#8220;{}&#8220;][\/et_pb_column][\/et_pb_row][\/et_pb_section]<\/p>\n","protected":false},"excerpt":{"rendered":"<p>Existuj\u00fa prevent\u00edvne opatrenia ako zabr\u00e1ni\u0165 endometri\u00f3ze?Moment\u00e1lne neexistuje \u017eiadny zn\u00e1my sp\u00f4sob, ako \u00faplne zabr\u00e1ni\u0165 endometri\u00f3ze. Av\u0161ak zv\u00fd\u0161en\u00e9 povedomie, v\u010dasn\u00e1 diagnostika a spr\u00e1vne mana\u017eovanie m\u00f4\u017eu spomali\u0165 alebo zastavi\u0165 prirodzen\u00fd priebeh ochorenia a zn\u00ed\u017ei\u0165 dlhodob\u00e9 za\u0165a\u017eenie jeho pr\u00edznakmi.1 Niektor\u00e9 odpor\u00fa\u010dania na zn\u00ed\u017eenie rizika zah\u0155\u0148aj\u00fa: Hormon\u00e1lna antikoncepcia: Hormon\u00e1lna antikoncepcia: Prediskutujte so svoj\u00edm lek\u00e1rom mo\u017enosti hormon\u00e1lnejantikoncepcie, ako s\u00fa tablety, n\u00e1plasti, [&hellip;]<\/p>\n","protected":false},"author":1,"featured_media":0,"parent":0,"menu_order":0,"comment_status":"closed","ping_status":"closed","template":"","meta":{"_et_pb_use_builder":"on","_et_pb_old_content":"","_et_gb_content_width":"","footnotes":""},"difl_page_category":[],"class_list":["post-33","page","type-page","status-publish","hentry"],"yoast_head":"<!-- This site is optimized with the Yoast SEO plugin v26.4 - https:\/\/yoast.com\/wordpress\/plugins\/seo\/ -->\n<title>Existuj\u00fa prevent\u00edvne opatrenia ako zabr\u00e1ni\u0165 endometri\u00f3ze? - Endometri\u00f3za | Praktick\u00e1 pr\u00edru\u010dka pre \u017eeny s endometri\u00f3zou alebo jej pr\u00edznakmi<\/title>\n<meta name=\"robots\" content=\"index, follow, max-snippet:-1, max-image-preview:large, max-video-preview:-1\" \/>\n<link rel=\"canonical\" href=\"https:\/\/endometriosis.sk\/verejnost\/existuju-preventivne-opatrenia-ako-zabranit-endometrioze\/\" \/>\n<meta property=\"og:locale\" content=\"sk_SK\" \/>\n<meta property=\"og:type\" content=\"article\" \/>\n<meta property=\"og:title\" content=\"Existuj\u00fa prevent\u00edvne opatrenia ako zabr\u00e1ni\u0165 endometri\u00f3ze? - Endometri\u00f3za | Praktick\u00e1 pr\u00edru\u010dka pre \u017eeny s endometri\u00f3zou alebo jej pr\u00edznakmi\" \/>\n<meta property=\"og:description\" content=\"Existuj\u00fa prevent\u00edvne opatrenia ako zabr\u00e1ni\u0165 endometri\u00f3ze?Moment\u00e1lne neexistuje \u017eiadny zn\u00e1my sp\u00f4sob, ako \u00faplne zabr\u00e1ni\u0165 endometri\u00f3ze. Av\u0161ak zv\u00fd\u0161en\u00e9 povedomie, v\u010dasn\u00e1 diagnostika a spr\u00e1vne mana\u017eovanie m\u00f4\u017eu spomali\u0165 alebo zastavi\u0165 prirodzen\u00fd priebeh ochorenia a zn\u00ed\u017ei\u0165 dlhodob\u00e9 za\u0165a\u017eenie jeho pr\u00edznakmi.1 Niektor\u00e9 odpor\u00fa\u010dania na zn\u00ed\u017eenie rizika zah\u0155\u0148aj\u00fa: Hormon\u00e1lna antikoncepcia: Hormon\u00e1lna antikoncepcia: Prediskutujte so svoj\u00edm lek\u00e1rom mo\u017enosti hormon\u00e1lnejantikoncepcie, ako s\u00fa tablety, n\u00e1plasti, [&hellip;]\" \/>\n<meta property=\"og:url\" content=\"https:\/\/endometriosis.sk\/verejnost\/existuju-preventivne-opatrenia-ako-zabranit-endometrioze\/\" \/>\n<meta property=\"og:site_name\" content=\"Endometri\u00f3za | Praktick\u00e1 pr\u00edru\u010dka pre \u017eeny s endometri\u00f3zou alebo jej pr\u00edznakmi\" \/>\n<meta property=\"article:modified_time\" content=\"2024-11-27T11:53:12+00:00\" \/>\n<meta name=\"twitter:card\" content=\"summary_large_image\" \/>\n<meta name=\"twitter:label1\" content=\"Predpokladan\u00fd \u010das \u010d\u00edtania\" \/>\n\t<meta name=\"twitter:data1\" content=\"2 min\u00faty\" \/>\n<script type=\"application\/ld+json\" class=\"yoast-schema-graph\">{\"@context\":\"https:\/\/schema.org\",\"@graph\":[{\"@type\":\"WebPage\",\"@id\":\"https:\/\/endometriosis.sk\/verejnost\/existuju-preventivne-opatrenia-ako-zabranit-endometrioze\/\",\"url\":\"https:\/\/endometriosis.sk\/verejnost\/existuju-preventivne-opatrenia-ako-zabranit-endometrioze\/\",\"name\":\"Existuj\u00fa prevent\u00edvne opatrenia ako zabr\u00e1ni\u0165 endometri\u00f3ze? - Endometri\u00f3za | Praktick\u00e1 pr\u00edru\u010dka pre \u017eeny s endometri\u00f3zou alebo jej pr\u00edznakmi\",\"isPartOf\":{\"@id\":\"https:\/\/endometriosis.sk\/verejnost\/#website\"},\"datePublished\":\"2024-11-06T07:21:33+00:00\",\"dateModified\":\"2024-11-27T11:53:12+00:00\",\"breadcrumb\":{\"@id\":\"https:\/\/endometriosis.sk\/verejnost\/existuju-preventivne-opatrenia-ako-zabranit-endometrioze\/#breadcrumb\"},\"inLanguage\":\"sk-SK\",\"potentialAction\":[{\"@type\":\"ReadAction\",\"target\":[\"https:\/\/endometriosis.sk\/verejnost\/existuju-preventivne-opatrenia-ako-zabranit-endometrioze\/\"]}]},{\"@type\":\"BreadcrumbList\",\"@id\":\"https:\/\/endometriosis.sk\/verejnost\/existuju-preventivne-opatrenia-ako-zabranit-endometrioze\/#breadcrumb\",\"itemListElement\":[{\"@type\":\"ListItem\",\"position\":1,\"name\":\"Domovsk\u00e1 str\u00e1nka\",\"item\":\"https:\/\/endometriosis.sk\/verejnost\/\"},{\"@type\":\"ListItem\",\"position\":2,\"name\":\"Existuj\u00fa prevent\u00edvne opatrenia ako zabr\u00e1ni\u0165 endometri\u00f3ze?\"}]},{\"@type\":\"WebSite\",\"@id\":\"https:\/\/endometriosis.sk\/verejnost\/#website\",\"url\":\"https:\/\/endometriosis.sk\/verejnost\/\",\"name\":\"Endometri\u00f3za | Praktick\u00e1 pr\u00edru\u010dka pre \u017eeny s endometri\u00f3zou alebo jej pr\u00edznakmi\",\"description\":\"\",\"potentialAction\":[{\"@type\":\"SearchAction\",\"target\":{\"@type\":\"EntryPoint\",\"urlTemplate\":\"https:\/\/endometriosis.sk\/verejnost\/?s={search_term_string}\"},\"query-input\":{\"@type\":\"PropertyValueSpecification\",\"valueRequired\":true,\"valueName\":\"search_term_string\"}}],\"inLanguage\":\"sk-SK\"}]}<\/script>\n<!-- \/ Yoast SEO plugin. -->","yoast_head_json":{"title":"Existuj\u00fa prevent\u00edvne opatrenia ako zabr\u00e1ni\u0165 endometri\u00f3ze? - Endometri\u00f3za | Praktick\u00e1 pr\u00edru\u010dka pre \u017eeny s endometri\u00f3zou alebo jej pr\u00edznakmi","robots":{"index":"index","follow":"follow","max-snippet":"max-snippet:-1","max-image-preview":"max-image-preview:large","max-video-preview":"max-video-preview:-1"},"canonical":"https:\/\/endometriosis.sk\/verejnost\/existuju-preventivne-opatrenia-ako-zabranit-endometrioze\/","og_locale":"sk_SK","og_type":"article","og_title":"Existuj\u00fa prevent\u00edvne opatrenia ako zabr\u00e1ni\u0165 endometri\u00f3ze? - Endometri\u00f3za | Praktick\u00e1 pr\u00edru\u010dka pre \u017eeny s endometri\u00f3zou alebo jej pr\u00edznakmi","og_description":"Existuj\u00fa prevent\u00edvne opatrenia ako zabr\u00e1ni\u0165 endometri\u00f3ze?Moment\u00e1lne neexistuje \u017eiadny zn\u00e1my sp\u00f4sob, ako \u00faplne zabr\u00e1ni\u0165 endometri\u00f3ze. Av\u0161ak zv\u00fd\u0161en\u00e9 povedomie, v\u010dasn\u00e1 diagnostika a spr\u00e1vne mana\u017eovanie m\u00f4\u017eu spomali\u0165 alebo zastavi\u0165 prirodzen\u00fd priebeh ochorenia a zn\u00ed\u017ei\u0165 dlhodob\u00e9 za\u0165a\u017eenie jeho pr\u00edznakmi.1 Niektor\u00e9 odpor\u00fa\u010dania na zn\u00ed\u017eenie rizika zah\u0155\u0148aj\u00fa: Hormon\u00e1lna antikoncepcia: Hormon\u00e1lna antikoncepcia: Prediskutujte so svoj\u00edm lek\u00e1rom mo\u017enosti hormon\u00e1lnejantikoncepcie, ako s\u00fa tablety, n\u00e1plasti, [&hellip;]","og_url":"https:\/\/endometriosis.sk\/verejnost\/existuju-preventivne-opatrenia-ako-zabranit-endometrioze\/","og_site_name":"Endometri\u00f3za | Praktick\u00e1 pr\u00edru\u010dka pre \u017eeny s endometri\u00f3zou alebo jej pr\u00edznakmi","article_modified_time":"2024-11-27T11:53:12+00:00","twitter_card":"summary_large_image","twitter_misc":{"Predpokladan\u00fd \u010das \u010d\u00edtania":"2 min\u00faty"},"schema":{"@context":"https:\/\/schema.org","@graph":[{"@type":"WebPage","@id":"https:\/\/endometriosis.sk\/verejnost\/existuju-preventivne-opatrenia-ako-zabranit-endometrioze\/","url":"https:\/\/endometriosis.sk\/verejnost\/existuju-preventivne-opatrenia-ako-zabranit-endometrioze\/","name":"Existuj\u00fa prevent\u00edvne opatrenia ako zabr\u00e1ni\u0165 endometri\u00f3ze? - Endometri\u00f3za | Praktick\u00e1 pr\u00edru\u010dka pre \u017eeny s endometri\u00f3zou alebo jej pr\u00edznakmi","isPartOf":{"@id":"https:\/\/endometriosis.sk\/verejnost\/#website"},"datePublished":"2024-11-06T07:21:33+00:00","dateModified":"2024-11-27T11:53:12+00:00","breadcrumb":{"@id":"https:\/\/endometriosis.sk\/verejnost\/existuju-preventivne-opatrenia-ako-zabranit-endometrioze\/#breadcrumb"},"inLanguage":"sk-SK","potentialAction":[{"@type":"ReadAction","target":["https:\/\/endometriosis.sk\/verejnost\/existuju-preventivne-opatrenia-ako-zabranit-endometrioze\/"]}]},{"@type":"BreadcrumbList","@id":"https:\/\/endometriosis.sk\/verejnost\/existuju-preventivne-opatrenia-ako-zabranit-endometrioze\/#breadcrumb","itemListElement":[{"@type":"ListItem","position":1,"name":"Domovsk\u00e1 str\u00e1nka","item":"https:\/\/endometriosis.sk\/verejnost\/"},{"@type":"ListItem","position":2,"name":"Existuj\u00fa prevent\u00edvne opatrenia ako zabr\u00e1ni\u0165 endometri\u00f3ze?"}]},{"@type":"WebSite","@id":"https:\/\/endometriosis.sk\/verejnost\/#website","url":"https:\/\/endometriosis.sk\/verejnost\/","name":"Endometri\u00f3za | Praktick\u00e1 pr\u00edru\u010dka pre \u017eeny s endometri\u00f3zou alebo jej pr\u00edznakmi","description":"","potentialAction":[{"@type":"SearchAction","target":{"@type":"EntryPoint","urlTemplate":"https:\/\/endometriosis.sk\/verejnost\/?s={search_term_string}"},"query-input":{"@type":"PropertyValueSpecification","valueRequired":true,"valueName":"search_term_string"}}],"inLanguage":"sk-SK"}]}},"_links":{"self":[{"href":"https:\/\/endometriosis.sk\/verejnost\/wp-json\/wp\/v2\/pages\/33","targetHints":{"allow":["GET"]}}],"collection":[{"href":"https:\/\/endometriosis.sk\/verejnost\/wp-json\/wp\/v2\/pages"}],"about":[{"href":"https:\/\/endometriosis.sk\/verejnost\/wp-json\/wp\/v2\/types\/page"}],"author":[{"embeddable":true,"href":"https:\/\/endometriosis.sk\/verejnost\/wp-json\/wp\/v2\/users\/1"}],"replies":[{"embeddable":true,"href":"https:\/\/endometriosis.sk\/verejnost\/wp-json\/wp\/v2\/comments?post=33"}],"version-history":[{"count":13,"href":"https:\/\/endometriosis.sk\/verejnost\/wp-json\/wp\/v2\/pages\/33\/revisions"}],"predecessor-version":[{"id":697,"href":"https:\/\/endometriosis.sk\/verejnost\/wp-json\/wp\/v2\/pages\/33\/revisions\/697"}],"wp:attachment":[{"href":"https:\/\/endometriosis.sk\/verejnost\/wp-json\/wp\/v2\/media?parent=33"}],"wp:term":[{"taxonomy":"difl_page_category","embeddable":true,"href":"https:\/\/endometriosis.sk\/verejnost\/wp-json\/wp\/v2\/difl_page_category?post=33"}],"curies":[{"name":"wp","href":"https:\/\/api.w.org\/{rel}","templated":true}]}}