{"id":29,"date":"2024-11-06T08:21:07","date_gmt":"2024-11-06T07:21:07","guid":{"rendered":"https:\/\/endometriosis.sk\/verejnost\/?page_id=29"},"modified":"2024-11-27T12:49:50","modified_gmt":"2024-11-27T11:49:50","slug":"symptomy-endometriozy","status":"publish","type":"page","link":"https:\/\/endometriosis.sk\/verejnost\/symptomy-endometriozy\/","title":{"rendered":"Sympt\u00f3my endometri\u00f3zy"},"content":{"rendered":"<p>[et_pb_section fb_built=&#8220;1&#8243; _builder_version=&#8220;4.27.2&#8243; _module_preset=&#8220;default&#8220; background_image=&#8220;https:\/\/endometriosis.sk\/verejnost\/wp-content\/uploads\/2024\/11\/pozadie1-1.png&#8220; global_colors_info=&#8220;{}&#8220;][et_pb_row _builder_version=&#8220;4.27.2&#8243; _module_preset=&#8220;default&#8220; global_colors_info=&#8220;{}&#8220;][et_pb_column type=&#8220;4_4&#8243; _builder_version=&#8220;4.27.2&#8243; _module_preset=&#8220;default&#8220; global_colors_info=&#8220;{}&#8220;][et_pb_text _builder_version=&#8220;4.27.2&#8243; _module_preset=&#8220;default&#8220; header_font=&#8220;&#8211;et_global_heading_font|700|||||||&#8220; header_text_align=&#8220;center&#8220; header_text_color=&#8220;#ffffff&#8220; header_font_size=&#8220;34px&#8220; global_colors_info=&#8220;{}&#8220;]<\/p>\n<h1>Sympt\u00f3my endometri\u00f3zy<\/h1>\n<p>[\/et_pb_text][\/et_pb_column][\/et_pb_row][\/et_pb_section][et_pb_section fb_built=&#8220;1&#8243; _builder_version=&#8220;4.27.3&#8243; _module_preset=&#8220;default&#8220; custom_padding=&#8220;3px|||5px|false|false&#8220; hover_enabled=&#8220;0&#8243; global_colors_info=&#8220;{}&#8220; custom_padding_last_edited=&#8220;on|phone&#8220; sticky_enabled=&#8220;0&#8243; custom_padding_phone=&#8220;|||15px|false|false&#8220; custom_padding_tablet=&#8220;3px|||5px|false|false&#8220;][et_pb_row column_structure=&#8220;1_5,3_5,1_5&#8243; use_custom_gutter=&#8220;on&#8220; gutter_width=&#8220;1&#8243; _builder_version=&#8220;4.27.2&#8243; _module_preset=&#8220;default&#8220; width=&#8220;100%&#8220; max_width=&#8220;1327px&#8220; custom_margin=&#8220;||||false|false&#8220; custom_padding=&#8220;||||false|false&#8220; global_colors_info=&#8220;{}&#8220;][et_pb_column type=&#8220;1_5&#8243; _builder_version=&#8220;4.27.2&#8243; _module_preset=&#8220;default&#8220; global_colors_info=&#8220;{}&#8220;][\/et_pb_column][et_pb_column type=&#8220;3_5&#8243; _builder_version=&#8220;4.27.2&#8243; _module_preset=&#8220;default&#8220; global_colors_info=&#8220;{}&#8220;][et_pb_text _builder_version=&#8220;4.27.3&#8243; _module_preset=&#8220;default&#8220; text_font=&#8220;&#8211;et_global_body_font||||||||&#8220; text_text_color=&#8220;#000000&#8243; text_font_size=&#8220;15px&#8220; custom_margin=&#8220;|10px||10px|false|false&#8220; global_colors_info=&#8220;{}&#8220;]<\/p>\n<p>Endometri\u00f3za je stav, ktor\u00fd postihuje mili\u00f3ny \u017eien na celom svete, ale napriek tomu, ak\u00e1 je be\u017en\u00e1, mnoho \u017eien si nie je vedom\u00fdch jej typick\u00fdch pr\u00edznakov.<\/p>\n<blockquote>\n<p>Tento stav, pri ktorom tkanivo podobn\u00e9 v\u00fdstelke maternice rastie mimo maternice, m\u00f4\u017ee ovplyvni\u0165 v\u0161etko od po\u010datia a\u017e po ka\u017edodenn\u00e9 fungovanie. Verejn\u00e9 povedomie o sympt\u00f3moch \u010di\u017ee vonkaj\u0161\u00edch pr\u00edznakoch endometri\u00f3zy s\u00fa v\u0161ak st\u00e1le n\u00edzke.<\/p>\n<\/blockquote>\n<p>Pod\u013ea v\u00fdskumu viac ako 62 % \u017eien vo veku 16-24 rokov v Spojenom kr\u00e1\u013eovstve nevie, \u010do je endometri\u00f3za, a 45 % z nich nevie pomenova\u0165 \u017eiadne pr\u00edznaky tohto stavu.<\/p>\n<p><strong>Rozpoznanie pr\u00edznakov<\/strong> je k\u013e\u00fa\u010dov\u00e9 pre v\u010dasn\u00fa diagnostiku a efekt\u00edvne zvl\u00e1danie tohto stavu. <span style=\"color: #ffcc00;\"><a href=\"https:\/\/endometriosis.sk\/verejnost\/5-hlavnych-priznakov-endometriozy-ktore-by-ste-nemali-ignorovat\/\" style=\"color: #ffcc00;\">Ak poci\u0165ujete niektor\u00e9 z t\u00fdchto pr\u00edznakov<\/a><\/span>, obr\u00e1\u0165te sa na svojho gynekol\u00f3ga.<\/p>\n<p>Endometri\u00f3za nie je len men\u0161ia nepr\u00edjemnos\u0165; m\u00f4\u017ee v\u00fdrazne ovplyvni\u0165 kvalitu \u017eivota a fyzick\u00fa pohodu \u017eeny. Skor\u00e9 rozpoznanie jej pr\u00edznakov je prv\u00fdm krokom k vyh\u013eadaniu lek\u00e1rskej pomoci a n\u00e1jdeniu \u00fa\u013eavy.<\/p>\n<blockquote>\n<p>Bohu\u017eia\u013e, \u017eeny s endometri\u00f3zou m\u00f4\u017eu pretrpie\u0165 mnoho rokov (7-11), k\u00fdm sa stanov\u00ed spr\u00e1vna diagn\u00f3za, \u010do oneskoruje za\u010diatok lie\u010dby a m\u00f4\u017ee vies\u0165 k \u010fal\u0161\u00edm komplik\u00e1ci\u00e1m.<\/p>\n<\/blockquote>\n<p>V\u010dasn\u00fdm rozpoznan\u00edm pr\u00edznakov m\u00f4\u017eu \u017eeny za\u010da\u0165 zvl\u00e1da\u0165 tento stav a minimalizova\u0165 jeho \u00fa\u010dinky a dlhodob\u00e9 dopady, vr\u00e1tane plodnosti.<\/p>\n<p>[\/et_pb_text][et_pb_text _builder_version=&#8220;4.27.2&#8243; _module_preset=&#8220;default&#8220; text_font=&#8220;&#8211;et_global_body_font||||||||&#8220; text_font_size=&#8220;15px&#8220; header_font=&#8220;&#8211;et_global_heading_font||||||||&#8220; header_text_align=&#8220;center&#8220; header_text_color=&#8220;#e9b323&#8243; custom_margin=&#8220;|4px||6px|false|false&#8220; custom_padding=&#8220;18px||10px|||&#8220; locked=&#8220;off&#8220; global_colors_info=&#8220;{}&#8220;]<\/p>\n<h1><strong>Be\u017en\u00e9 pr\u00edznaky endometri\u00f3zy<\/strong><\/h1>\n<p>[\/et_pb_text][et_pb_text _builder_version=&#8220;4.27.3&#8243; _module_preset=&#8220;default&#8220; text_font=&#8220;&#8211;et_global_body_font||||||||&#8220; text_text_color=&#8220;#000000&#8243; text_font_size=&#8220;15px&#8220; custom_margin=&#8220;|10px||10px|false|false&#8220; locked=&#8220;off&#8220; global_colors_info=&#8220;{}&#8220;]<\/p>\n<p><strong>Boles\u0165 panvy<\/strong><\/p>\n<p>Jedn\u00fdm <span style=\"color: #ffcc00;\"><a href=\"https:\/\/endometriosis.sk\/verejnost\/symptomy-endometriozy\/\" style=\"color: #ffcc00;\">z hlavn\u00fdch pr\u00edznakov endometri\u00f3zy<\/a><\/span> je boles\u0165 panvy. Boles\u0165 m\u00f4\u017ee ma\u0165 r\u00f4znu intenzitu, m\u00f4\u017ee by\u0165 st\u00e1la alebo preru\u0161ovan\u00e1 a m\u00f4\u017ee sa vyskytova\u0165 v r\u00f4znych obdobiach men\u0161trua\u010dn\u00e9ho cyklu. Tie\u017e m\u00f4\u017ee by\u0165 intenz\u00edvnej\u0161ia po\u010das men\u0161tru\u00e1cie, \u010do je stav zn\u00e1my ako <span style=\"text-decoration: underline;\"><em>dysmenorea<\/em><\/span>.<\/p>\n<p>Okrem toho m\u00f4\u017ee by\u0165 pr\u00edtomn\u00e1 aj boles\u0165 panvy mimo men\u0161tru\u00e1cie, zn\u00e1ma ako<em><span style=\"text-decoration: underline;\"> nemen\u0161trua\u010dn\u00e1 panvov\u00e1 boles\u0165<\/span><\/em>, ktor\u00e1 sp\u00f4sobuje nepohodu po\u010das cel\u00e9ho mesiaca.<\/p>\n<p><strong>Men\u0161trua\u010dn\u00e9 nepravidelnosti<\/strong><\/p>\n<p>Men\u0161trua\u010dn\u00e9 nepravidelnosti s\u00fa \u010fal\u0161\u00edm indik\u00e1torom endometri\u00f3zy. Siln\u00e9 alebo pred\u013a\u017een\u00e9 men\u0161tru\u00e1cie, zn\u00e1me ako menor\u00e1gia, s\u00fa pri tomto stave be\u017en\u00e9. Nepravideln\u00e9 men\u0161trua\u010dn\u00e9 cykly so zmenami d\u013a\u017eky medzi men\u0161tru\u00e1ciami m\u00f4\u017eu by\u0165 tie\u017e znakom endometri\u00f3zy.<\/p>\n<p><strong>Gastrointestin\u00e1lne \u0165a\u017ekosti<\/strong><\/p>\n<p>Endometri\u00f3za neovplyv\u0148uje len reproduk\u010dn\u00fd syst\u00e9m; m\u00f4\u017ee tie\u017e ovplyvni\u0165 gastrointestin\u00e1lny trakt. Ve\u013ek\u00e9 mno\u017estvo \u017eien s endometri\u00f3zou uv\u00e1dza, \u017ee za\u017e\u00edva nad\u00favanie, z\u00e1pchu, hna\u010dku a bolestiv\u00e9 pohyby \u010driev. Uveden\u00e9 prejavy m\u00f4\u017eu by\u0165 zamie\u0148an\u00e9 s in\u00fdmi gastrointestin\u00e1lnymi probl\u00e9mami, av\u0161ak v kombin\u00e1cii s \u010fal\u0161\u00edmi pr\u00edznakmi m\u00f4\u017eu by\u0165 varovn\u00fdm sign\u00e1lom pre endometri\u00f3zu.<\/p>\n<p><strong>Probl\u00e9my s plodnos\u0165ou<\/strong><\/p>\n<p>Pre \u013eud\u00ed, ktor\u00ed si chc\u00fa zalo\u017ei\u0165 rodinu, m\u00f4\u017eu by\u0165 probl\u00e9my s plodnos\u0165ou sp\u00f4soben\u00e9 endometri\u00f3zou obzvl\u00e1\u0161\u0165 sk\u013eu\u010duj\u00face. Je v\u0161ak d\u00f4le\u017eit\u00e9 poznamena\u0165, \u017ee nie v\u0161etky \u017eeny s endometri\u00f3zou, bud\u00fa ma\u0165 probl\u00e9my so zalo\u017een\u00edm rodiny.<\/p>\n<p>Endometri\u00f3za m\u00f4\u017ee vies\u0165 k zmen\u00e1m, ktor\u00e9 nar\u00fa\u0161aj\u00fa norm\u00e1lne fungovanie reproduk\u010dn\u00fdch org\u00e1nov, \u010do m\u00f4\u017ee s\u0165a\u017ei\u0165 po\u010datie a donosenie plodu.<\/p>\n<p><strong>Emocion\u00e1lny dopad a \u00fanava<\/strong><\/p>\n<p>\u00da\u010dinky endometri\u00f3zy presahuj\u00fa fyzick\u00e9 nepohodlie. Chronick\u00e1 boles\u0165 a v\u00fdzvy, ktor\u00e9 prin\u00e1\u0161a, m\u00f4\u017eu ma\u0165 vplyv aj na du\u0161evn\u00e9 zdravie. Kv\u00f4li neust\u00e1lemu boju s boles\u0165ou a jej vplyvom na ka\u017edodenn\u00fd \u017eivot sa \u010dasto k endomeztri\u00f3ze pridru\u017euj\u00fa \u00fazkos\u0165 a depresia. \u010casto sa dostav\u00ed aj chronick\u00e1 \u00fanava.<\/p>\n<p>[\/et_pb_text][\/et_pb_column][et_pb_column type=&#8220;1_5&#8243; _builder_version=&#8220;4.27.2&#8243; _module_preset=&#8220;default&#8220; global_colors_info=&#8220;{}&#8220;][\/et_pb_column][\/et_pb_row][\/et_pb_section]<\/p>\n","protected":false},"excerpt":{"rendered":"<p>Sympt\u00f3my endometri\u00f3zyEndometri\u00f3za je stav, ktor\u00fd postihuje mili\u00f3ny \u017eien na celom svete, ale napriek tomu, ak\u00e1 je be\u017en\u00e1, mnoho \u017eien si nie je vedom\u00fdch jej typick\u00fdch pr\u00edznakov. Tento stav, pri ktorom tkanivo podobn\u00e9 v\u00fdstelke maternice rastie mimo maternice, m\u00f4\u017ee ovplyvni\u0165 v\u0161etko od po\u010datia a\u017e po ka\u017edodenn\u00e9 fungovanie. Verejn\u00e9 povedomie o sympt\u00f3moch \u010di\u017ee vonkaj\u0161\u00edch pr\u00edznakoch endometri\u00f3zy s\u00fa [&hellip;]<\/p>\n","protected":false},"author":1,"featured_media":0,"parent":0,"menu_order":0,"comment_status":"closed","ping_status":"closed","template":"","meta":{"_et_pb_use_builder":"on","_et_pb_old_content":"","_et_gb_content_width":"","footnotes":""},"difl_page_category":[],"class_list":["post-29","page","type-page","status-publish","hentry"],"yoast_head":"<!-- This site is optimized with the Yoast SEO plugin v26.4 - https:\/\/yoast.com\/wordpress\/plugins\/seo\/ -->\n<title>Sympt\u00f3my endometri\u00f3zy - Endometri\u00f3za | Praktick\u00e1 pr\u00edru\u010dka pre \u017eeny s endometri\u00f3zou alebo jej pr\u00edznakmi<\/title>\n<meta name=\"robots\" content=\"index, follow, max-snippet:-1, max-image-preview:large, max-video-preview:-1\" \/>\n<link rel=\"canonical\" href=\"https:\/\/endometriosis.sk\/verejnost\/symptomy-endometriozy\/\" \/>\n<meta property=\"og:locale\" content=\"sk_SK\" \/>\n<meta property=\"og:type\" content=\"article\" \/>\n<meta property=\"og:title\" content=\"Sympt\u00f3my endometri\u00f3zy - Endometri\u00f3za | Praktick\u00e1 pr\u00edru\u010dka pre \u017eeny s endometri\u00f3zou alebo jej pr\u00edznakmi\" \/>\n<meta property=\"og:description\" content=\"Sympt\u00f3my endometri\u00f3zyEndometri\u00f3za je stav, ktor\u00fd postihuje mili\u00f3ny \u017eien na celom svete, ale napriek tomu, ak\u00e1 je be\u017en\u00e1, mnoho \u017eien si nie je vedom\u00fdch jej typick\u00fdch pr\u00edznakov. Tento stav, pri ktorom tkanivo podobn\u00e9 v\u00fdstelke maternice rastie mimo maternice, m\u00f4\u017ee ovplyvni\u0165 v\u0161etko od po\u010datia a\u017e po ka\u017edodenn\u00e9 fungovanie. Verejn\u00e9 povedomie o sympt\u00f3moch \u010di\u017ee vonkaj\u0161\u00edch pr\u00edznakoch endometri\u00f3zy s\u00fa [&hellip;]\" \/>\n<meta property=\"og:url\" content=\"https:\/\/endometriosis.sk\/verejnost\/symptomy-endometriozy\/\" \/>\n<meta property=\"og:site_name\" content=\"Endometri\u00f3za | Praktick\u00e1 pr\u00edru\u010dka pre \u017eeny s endometri\u00f3zou alebo jej pr\u00edznakmi\" \/>\n<meta property=\"article:modified_time\" content=\"2024-11-27T11:49:50+00:00\" \/>\n<meta name=\"twitter:card\" content=\"summary_large_image\" \/>\n<meta name=\"twitter:label1\" content=\"Predpokladan\u00fd \u010das \u010d\u00edtania\" \/>\n\t<meta name=\"twitter:data1\" content=\"5 min\u00fat\" \/>\n<script type=\"application\/ld+json\" class=\"yoast-schema-graph\">{\"@context\":\"https:\/\/schema.org\",\"@graph\":[{\"@type\":\"WebPage\",\"@id\":\"https:\/\/endometriosis.sk\/verejnost\/symptomy-endometriozy\/\",\"url\":\"https:\/\/endometriosis.sk\/verejnost\/symptomy-endometriozy\/\",\"name\":\"Sympt\u00f3my endometri\u00f3zy - Endometri\u00f3za | Praktick\u00e1 pr\u00edru\u010dka pre \u017eeny s endometri\u00f3zou alebo jej pr\u00edznakmi\",\"isPartOf\":{\"@id\":\"https:\/\/endometriosis.sk\/verejnost\/#website\"},\"datePublished\":\"2024-11-06T07:21:07+00:00\",\"dateModified\":\"2024-11-27T11:49:50+00:00\",\"breadcrumb\":{\"@id\":\"https:\/\/endometriosis.sk\/verejnost\/symptomy-endometriozy\/#breadcrumb\"},\"inLanguage\":\"sk-SK\",\"potentialAction\":[{\"@type\":\"ReadAction\",\"target\":[\"https:\/\/endometriosis.sk\/verejnost\/symptomy-endometriozy\/\"]}]},{\"@type\":\"BreadcrumbList\",\"@id\":\"https:\/\/endometriosis.sk\/verejnost\/symptomy-endometriozy\/#breadcrumb\",\"itemListElement\":[{\"@type\":\"ListItem\",\"position\":1,\"name\":\"Domovsk\u00e1 str\u00e1nka\",\"item\":\"https:\/\/endometriosis.sk\/verejnost\/\"},{\"@type\":\"ListItem\",\"position\":2,\"name\":\"Sympt\u00f3my endometri\u00f3zy\"}]},{\"@type\":\"WebSite\",\"@id\":\"https:\/\/endometriosis.sk\/verejnost\/#website\",\"url\":\"https:\/\/endometriosis.sk\/verejnost\/\",\"name\":\"Endometri\u00f3za | Praktick\u00e1 pr\u00edru\u010dka pre \u017eeny s endometri\u00f3zou alebo jej pr\u00edznakmi\",\"description\":\"\",\"potentialAction\":[{\"@type\":\"SearchAction\",\"target\":{\"@type\":\"EntryPoint\",\"urlTemplate\":\"https:\/\/endometriosis.sk\/verejnost\/?s={search_term_string}\"},\"query-input\":{\"@type\":\"PropertyValueSpecification\",\"valueRequired\":true,\"valueName\":\"search_term_string\"}}],\"inLanguage\":\"sk-SK\"}]}<\/script>\n<!-- \/ Yoast SEO plugin. -->","yoast_head_json":{"title":"Sympt\u00f3my endometri\u00f3zy - Endometri\u00f3za | Praktick\u00e1 pr\u00edru\u010dka pre \u017eeny s endometri\u00f3zou alebo jej pr\u00edznakmi","robots":{"index":"index","follow":"follow","max-snippet":"max-snippet:-1","max-image-preview":"max-image-preview:large","max-video-preview":"max-video-preview:-1"},"canonical":"https:\/\/endometriosis.sk\/verejnost\/symptomy-endometriozy\/","og_locale":"sk_SK","og_type":"article","og_title":"Sympt\u00f3my endometri\u00f3zy - Endometri\u00f3za | Praktick\u00e1 pr\u00edru\u010dka pre \u017eeny s endometri\u00f3zou alebo jej pr\u00edznakmi","og_description":"Sympt\u00f3my endometri\u00f3zyEndometri\u00f3za je stav, ktor\u00fd postihuje mili\u00f3ny \u017eien na celom svete, ale napriek tomu, ak\u00e1 je be\u017en\u00e1, mnoho \u017eien si nie je vedom\u00fdch jej typick\u00fdch pr\u00edznakov. Tento stav, pri ktorom tkanivo podobn\u00e9 v\u00fdstelke maternice rastie mimo maternice, m\u00f4\u017ee ovplyvni\u0165 v\u0161etko od po\u010datia a\u017e po ka\u017edodenn\u00e9 fungovanie. Verejn\u00e9 povedomie o sympt\u00f3moch \u010di\u017ee vonkaj\u0161\u00edch pr\u00edznakoch endometri\u00f3zy s\u00fa [&hellip;]","og_url":"https:\/\/endometriosis.sk\/verejnost\/symptomy-endometriozy\/","og_site_name":"Endometri\u00f3za | Praktick\u00e1 pr\u00edru\u010dka pre \u017eeny s endometri\u00f3zou alebo jej pr\u00edznakmi","article_modified_time":"2024-11-27T11:49:50+00:00","twitter_card":"summary_large_image","twitter_misc":{"Predpokladan\u00fd \u010das \u010d\u00edtania":"5 min\u00fat"},"schema":{"@context":"https:\/\/schema.org","@graph":[{"@type":"WebPage","@id":"https:\/\/endometriosis.sk\/verejnost\/symptomy-endometriozy\/","url":"https:\/\/endometriosis.sk\/verejnost\/symptomy-endometriozy\/","name":"Sympt\u00f3my endometri\u00f3zy - Endometri\u00f3za | Praktick\u00e1 pr\u00edru\u010dka pre \u017eeny s endometri\u00f3zou alebo jej pr\u00edznakmi","isPartOf":{"@id":"https:\/\/endometriosis.sk\/verejnost\/#website"},"datePublished":"2024-11-06T07:21:07+00:00","dateModified":"2024-11-27T11:49:50+00:00","breadcrumb":{"@id":"https:\/\/endometriosis.sk\/verejnost\/symptomy-endometriozy\/#breadcrumb"},"inLanguage":"sk-SK","potentialAction":[{"@type":"ReadAction","target":["https:\/\/endometriosis.sk\/verejnost\/symptomy-endometriozy\/"]}]},{"@type":"BreadcrumbList","@id":"https:\/\/endometriosis.sk\/verejnost\/symptomy-endometriozy\/#breadcrumb","itemListElement":[{"@type":"ListItem","position":1,"name":"Domovsk\u00e1 str\u00e1nka","item":"https:\/\/endometriosis.sk\/verejnost\/"},{"@type":"ListItem","position":2,"name":"Sympt\u00f3my endometri\u00f3zy"}]},{"@type":"WebSite","@id":"https:\/\/endometriosis.sk\/verejnost\/#website","url":"https:\/\/endometriosis.sk\/verejnost\/","name":"Endometri\u00f3za | Praktick\u00e1 pr\u00edru\u010dka pre \u017eeny s endometri\u00f3zou alebo jej pr\u00edznakmi","description":"","potentialAction":[{"@type":"SearchAction","target":{"@type":"EntryPoint","urlTemplate":"https:\/\/endometriosis.sk\/verejnost\/?s={search_term_string}"},"query-input":{"@type":"PropertyValueSpecification","valueRequired":true,"valueName":"search_term_string"}}],"inLanguage":"sk-SK"}]}},"_links":{"self":[{"href":"https:\/\/endometriosis.sk\/verejnost\/wp-json\/wp\/v2\/pages\/29","targetHints":{"allow":["GET"]}}],"collection":[{"href":"https:\/\/endometriosis.sk\/verejnost\/wp-json\/wp\/v2\/pages"}],"about":[{"href":"https:\/\/endometriosis.sk\/verejnost\/wp-json\/wp\/v2\/types\/page"}],"author":[{"embeddable":true,"href":"https:\/\/endometriosis.sk\/verejnost\/wp-json\/wp\/v2\/users\/1"}],"replies":[{"embeddable":true,"href":"https:\/\/endometriosis.sk\/verejnost\/wp-json\/wp\/v2\/comments?post=29"}],"version-history":[{"count":14,"href":"https:\/\/endometriosis.sk\/verejnost\/wp-json\/wp\/v2\/pages\/29\/revisions"}],"predecessor-version":[{"id":695,"href":"https:\/\/endometriosis.sk\/verejnost\/wp-json\/wp\/v2\/pages\/29\/revisions\/695"}],"wp:attachment":[{"href":"https:\/\/endometriosis.sk\/verejnost\/wp-json\/wp\/v2\/media?parent=29"}],"wp:term":[{"taxonomy":"difl_page_category","embeddable":true,"href":"https:\/\/endometriosis.sk\/verejnost\/wp-json\/wp\/v2\/difl_page_category?post=29"}],"curies":[{"name":"wp","href":"https:\/\/api.w.org\/{rel}","templated":true}]}}