{"id":25,"date":"2024-11-06T08:20:29","date_gmt":"2024-11-06T07:20:29","guid":{"rendered":"https:\/\/endometriosis.sk\/verejnost\/?page_id=25"},"modified":"2024-11-27T12:46:42","modified_gmt":"2024-11-27T11:46:42","slug":"co-je-endometrioza","status":"publish","type":"page","link":"https:\/\/endometriosis.sk\/verejnost\/co-je-endometrioza\/","title":{"rendered":"\u010co je endometri\u00f3za"},"content":{"rendered":"<p>[et_pb_section fb_built=&#8220;1&#8243; _builder_version=&#8220;4.27.2&#8243; _module_preset=&#8220;default&#8220; background_image=&#8220;https:\/\/endometriosis.sk\/verejnost\/wp-content\/uploads\/2024\/11\/pozadie1-1.png&#8220; global_colors_info=&#8220;{}&#8220;][et_pb_row _builder_version=&#8220;4.27.2&#8243; _module_preset=&#8220;default&#8220; global_colors_info=&#8220;{}&#8220;][et_pb_column type=&#8220;4_4&#8243; _builder_version=&#8220;4.27.2&#8243; _module_preset=&#8220;default&#8220; global_colors_info=&#8220;{}&#8220;][et_pb_text _builder_version=&#8220;4.27.2&#8243; _module_preset=&#8220;default&#8220; header_font=&#8220;&#8211;et_global_heading_font|700|||||||&#8220; header_text_align=&#8220;center&#8220; header_text_color=&#8220;#ffffff&#8220; header_font_size=&#8220;34px&#8220; global_colors_info=&#8220;{}&#8220;]<\/p>\n<h1>\u010co je endometri\u00f3za?<\/h1>\n<p>[\/et_pb_text][\/et_pb_column][\/et_pb_row][\/et_pb_section][et_pb_section fb_built=&#8220;1&#8243; _builder_version=&#8220;4.27.3&#8243; _module_preset=&#8220;default&#8220; custom_padding=&#8220;3px|||5px|false|false&#8220; hover_enabled=&#8220;0&#8243; global_colors_info=&#8220;{}&#8220; custom_padding_last_edited=&#8220;on|phone&#8220; sticky_enabled=&#8220;0&#8243; custom_padding_phone=&#8220;|||15px|false|false&#8220; custom_padding_tablet=&#8220;3px|||5px|false|false&#8220;][et_pb_row column_structure=&#8220;1_5,3_5,1_5&#8243; use_custom_gutter=&#8220;on&#8220; gutter_width=&#8220;1&#8243; _builder_version=&#8220;4.27.2&#8243; _module_preset=&#8220;default&#8220; width=&#8220;100%&#8220; max_width=&#8220;1327px&#8220; custom_margin=&#8220;||||false|false&#8220; custom_padding=&#8220;||||false|false&#8220; global_colors_info=&#8220;{}&#8220;][et_pb_column type=&#8220;1_5&#8243; _builder_version=&#8220;4.27.2&#8243; _module_preset=&#8220;default&#8220; global_colors_info=&#8220;{}&#8220;][\/et_pb_column][et_pb_column type=&#8220;3_5&#8243; _builder_version=&#8220;4.27.2&#8243; _module_preset=&#8220;default&#8220; global_colors_info=&#8220;{}&#8220;][et_pb_text _builder_version=&#8220;4.27.3&#8243; _module_preset=&#8220;default&#8220; text_font=&#8220;&#8211;et_global_body_font||||||||&#8220; text_font_size=&#8220;15px&#8220; custom_margin=&#8220;|10px||10px|false|false&#8220; global_colors_info=&#8220;{}&#8220;]<\/p>\n<p>Endometri\u00f3za, <strong>chronick\u00fd zdravotn\u00fd stav charakterizovan\u00fd abnorm\u00e1lnym rastom endometri\u00e1lneho tkaniva mimo maternice<\/strong>, postihuje mili\u00f3ny \u017eien na celom svete.<\/p>\n<p><span style=\"color: #ffcc00;\"><a href=\"https:\/\/endometriosis.sk\/verejnost\/symptomy-endometriozy\/\" style=\"color: #ffcc00;\">Jej pr\u00edznaky, vr\u00e1tane miernej a\u017e silnej bolesti panvy<\/a><\/span>, bolestiv\u00fdch men\u0161tru\u00e1ci\u00ed a probl\u00e9mov s plodnos\u0165ou, m\u00f4\u017eu v\u00e1\u017ene ovplyvni\u0165 fyzick\u00fa a emocion\u00e1lnu kvalitu \u017eivota. Uveden\u00e9 pr\u00edznaky \u010dasto ved\u00fa \u017eeny k vyh\u013eadaniu lek\u00e1ra, ktor\u00fd im stanov\u00ed diagn\u00f3zu.<\/p>\n<p>Dobrou spr\u00e1vou je, \u017ee existuje mno\u017estvo <span style=\"color: #ffcc00;\"><a href=\"https:\/\/endometriosis.sk\/verejnost\/odborna-pomoc\/\" style=\"color: #ffcc00;\">\u00fa\u010dinn\u00fdch lie\u010debn\u00fdch strat\u00e9gi\u00ed<\/a><\/span>, ktor\u00e9 pom\u00e1haj\u00fa zmierni\u0165 vplyv pr\u00edznakov a zlep\u0161i\u0165 kvalitu \u017eivota \u017eien s endometri\u00f3zou.<\/p>\n<p>[\/et_pb_text][\/et_pb_column][et_pb_column type=&#8220;1_5&#8243; _builder_version=&#8220;4.27.2&#8243; _module_preset=&#8220;default&#8220; global_colors_info=&#8220;{}&#8220;][\/et_pb_column][\/et_pb_row][\/et_pb_section]<\/p>\n","protected":false},"excerpt":{"rendered":"<p>\u010co je endometri\u00f3za?Endometri\u00f3za, chronick\u00fd zdravotn\u00fd stav charakterizovan\u00fd abnorm\u00e1lnym rastom endometri\u00e1lneho tkaniva mimo maternice, postihuje mili\u00f3ny \u017eien na celom svete. Jej pr\u00edznaky, vr\u00e1tane miernej a\u017e silnej bolesti panvy, bolestiv\u00fdch men\u0161tru\u00e1ci\u00ed a probl\u00e9mov s plodnos\u0165ou, m\u00f4\u017eu v\u00e1\u017ene ovplyvni\u0165 fyzick\u00fa a emocion\u00e1lnu kvalitu \u017eivota. Uveden\u00e9 pr\u00edznaky \u010dasto ved\u00fa \u017eeny k vyh\u013eadaniu lek\u00e1ra, ktor\u00fd im stanov\u00ed diagn\u00f3zu. Dobrou spr\u00e1vou [&hellip;]<\/p>\n","protected":false},"author":1,"featured_media":0,"parent":0,"menu_order":0,"comment_status":"closed","ping_status":"closed","template":"","meta":{"_et_pb_use_builder":"on","_et_pb_old_content":"","_et_gb_content_width":"","footnotes":""},"difl_page_category":[],"class_list":["post-25","page","type-page","status-publish","hentry"],"yoast_head":"<!-- This site is optimized with the Yoast SEO plugin v26.4 - https:\/\/yoast.com\/wordpress\/plugins\/seo\/ -->\n<title>\u010co je endometri\u00f3za - Endometri\u00f3za | Praktick\u00e1 pr\u00edru\u010dka pre \u017eeny s endometri\u00f3zou alebo jej pr\u00edznakmi<\/title>\n<meta name=\"robots\" content=\"index, follow, max-snippet:-1, max-image-preview:large, max-video-preview:-1\" \/>\n<link rel=\"canonical\" href=\"https:\/\/endometriosis.sk\/verejnost\/co-je-endometrioza\/\" \/>\n<meta property=\"og:locale\" content=\"sk_SK\" \/>\n<meta property=\"og:type\" content=\"article\" \/>\n<meta property=\"og:title\" content=\"\u010co je endometri\u00f3za - Endometri\u00f3za | Praktick\u00e1 pr\u00edru\u010dka pre \u017eeny s endometri\u00f3zou alebo jej pr\u00edznakmi\" \/>\n<meta property=\"og:description\" content=\"\u010co je endometri\u00f3za?Endometri\u00f3za, chronick\u00fd zdravotn\u00fd stav charakterizovan\u00fd abnorm\u00e1lnym rastom endometri\u00e1lneho tkaniva mimo maternice, postihuje mili\u00f3ny \u017eien na celom svete. Jej pr\u00edznaky, vr\u00e1tane miernej a\u017e silnej bolesti panvy, bolestiv\u00fdch men\u0161tru\u00e1ci\u00ed a probl\u00e9mov s plodnos\u0165ou, m\u00f4\u017eu v\u00e1\u017ene ovplyvni\u0165 fyzick\u00fa a emocion\u00e1lnu kvalitu \u017eivota. Uveden\u00e9 pr\u00edznaky \u010dasto ved\u00fa \u017eeny k vyh\u013eadaniu lek\u00e1ra, ktor\u00fd im stanov\u00ed diagn\u00f3zu. Dobrou spr\u00e1vou [&hellip;]\" \/>\n<meta property=\"og:url\" content=\"https:\/\/endometriosis.sk\/verejnost\/co-je-endometrioza\/\" \/>\n<meta property=\"og:site_name\" content=\"Endometri\u00f3za | Praktick\u00e1 pr\u00edru\u010dka pre \u017eeny s endometri\u00f3zou alebo jej pr\u00edznakmi\" \/>\n<meta property=\"article:modified_time\" content=\"2024-11-27T11:46:42+00:00\" \/>\n<meta name=\"twitter:card\" content=\"summary_large_image\" \/>\n<meta name=\"twitter:label1\" content=\"Predpokladan\u00fd \u010das \u010d\u00edtania\" \/>\n\t<meta name=\"twitter:data1\" content=\"2 min\u00faty\" \/>\n<script type=\"application\/ld+json\" class=\"yoast-schema-graph\">{\"@context\":\"https:\/\/schema.org\",\"@graph\":[{\"@type\":\"WebPage\",\"@id\":\"https:\/\/endometriosis.sk\/verejnost\/co-je-endometrioza\/\",\"url\":\"https:\/\/endometriosis.sk\/verejnost\/co-je-endometrioza\/\",\"name\":\"\u010co je endometri\u00f3za - Endometri\u00f3za | Praktick\u00e1 pr\u00edru\u010dka pre \u017eeny s endometri\u00f3zou alebo jej pr\u00edznakmi\",\"isPartOf\":{\"@id\":\"https:\/\/endometriosis.sk\/verejnost\/#website\"},\"datePublished\":\"2024-11-06T07:20:29+00:00\",\"dateModified\":\"2024-11-27T11:46:42+00:00\",\"breadcrumb\":{\"@id\":\"https:\/\/endometriosis.sk\/verejnost\/co-je-endometrioza\/#breadcrumb\"},\"inLanguage\":\"sk-SK\",\"potentialAction\":[{\"@type\":\"ReadAction\",\"target\":[\"https:\/\/endometriosis.sk\/verejnost\/co-je-endometrioza\/\"]}]},{\"@type\":\"BreadcrumbList\",\"@id\":\"https:\/\/endometriosis.sk\/verejnost\/co-je-endometrioza\/#breadcrumb\",\"itemListElement\":[{\"@type\":\"ListItem\",\"position\":1,\"name\":\"Domovsk\u00e1 str\u00e1nka\",\"item\":\"https:\/\/endometriosis.sk\/verejnost\/\"},{\"@type\":\"ListItem\",\"position\":2,\"name\":\"\u010co je endometri\u00f3za\"}]},{\"@type\":\"WebSite\",\"@id\":\"https:\/\/endometriosis.sk\/verejnost\/#website\",\"url\":\"https:\/\/endometriosis.sk\/verejnost\/\",\"name\":\"Endometri\u00f3za | Praktick\u00e1 pr\u00edru\u010dka pre \u017eeny s endometri\u00f3zou alebo jej pr\u00edznakmi\",\"description\":\"\",\"potentialAction\":[{\"@type\":\"SearchAction\",\"target\":{\"@type\":\"EntryPoint\",\"urlTemplate\":\"https:\/\/endometriosis.sk\/verejnost\/?s={search_term_string}\"},\"query-input\":{\"@type\":\"PropertyValueSpecification\",\"valueRequired\":true,\"valueName\":\"search_term_string\"}}],\"inLanguage\":\"sk-SK\"}]}<\/script>\n<!-- \/ Yoast SEO plugin. -->","yoast_head_json":{"title":"\u010co je endometri\u00f3za - Endometri\u00f3za | Praktick\u00e1 pr\u00edru\u010dka pre \u017eeny s endometri\u00f3zou alebo jej pr\u00edznakmi","robots":{"index":"index","follow":"follow","max-snippet":"max-snippet:-1","max-image-preview":"max-image-preview:large","max-video-preview":"max-video-preview:-1"},"canonical":"https:\/\/endometriosis.sk\/verejnost\/co-je-endometrioza\/","og_locale":"sk_SK","og_type":"article","og_title":"\u010co je endometri\u00f3za - Endometri\u00f3za | Praktick\u00e1 pr\u00edru\u010dka pre \u017eeny s endometri\u00f3zou alebo jej pr\u00edznakmi","og_description":"\u010co je endometri\u00f3za?Endometri\u00f3za, chronick\u00fd zdravotn\u00fd stav charakterizovan\u00fd abnorm\u00e1lnym rastom endometri\u00e1lneho tkaniva mimo maternice, postihuje mili\u00f3ny \u017eien na celom svete. Jej pr\u00edznaky, vr\u00e1tane miernej a\u017e silnej bolesti panvy, bolestiv\u00fdch men\u0161tru\u00e1ci\u00ed a probl\u00e9mov s plodnos\u0165ou, m\u00f4\u017eu v\u00e1\u017ene ovplyvni\u0165 fyzick\u00fa a emocion\u00e1lnu kvalitu \u017eivota. Uveden\u00e9 pr\u00edznaky \u010dasto ved\u00fa \u017eeny k vyh\u013eadaniu lek\u00e1ra, ktor\u00fd im stanov\u00ed diagn\u00f3zu. Dobrou spr\u00e1vou [&hellip;]","og_url":"https:\/\/endometriosis.sk\/verejnost\/co-je-endometrioza\/","og_site_name":"Endometri\u00f3za | Praktick\u00e1 pr\u00edru\u010dka pre \u017eeny s endometri\u00f3zou alebo jej pr\u00edznakmi","article_modified_time":"2024-11-27T11:46:42+00:00","twitter_card":"summary_large_image","twitter_misc":{"Predpokladan\u00fd \u010das \u010d\u00edtania":"2 min\u00faty"},"schema":{"@context":"https:\/\/schema.org","@graph":[{"@type":"WebPage","@id":"https:\/\/endometriosis.sk\/verejnost\/co-je-endometrioza\/","url":"https:\/\/endometriosis.sk\/verejnost\/co-je-endometrioza\/","name":"\u010co je endometri\u00f3za - Endometri\u00f3za | Praktick\u00e1 pr\u00edru\u010dka pre \u017eeny s endometri\u00f3zou alebo jej pr\u00edznakmi","isPartOf":{"@id":"https:\/\/endometriosis.sk\/verejnost\/#website"},"datePublished":"2024-11-06T07:20:29+00:00","dateModified":"2024-11-27T11:46:42+00:00","breadcrumb":{"@id":"https:\/\/endometriosis.sk\/verejnost\/co-je-endometrioza\/#breadcrumb"},"inLanguage":"sk-SK","potentialAction":[{"@type":"ReadAction","target":["https:\/\/endometriosis.sk\/verejnost\/co-je-endometrioza\/"]}]},{"@type":"BreadcrumbList","@id":"https:\/\/endometriosis.sk\/verejnost\/co-je-endometrioza\/#breadcrumb","itemListElement":[{"@type":"ListItem","position":1,"name":"Domovsk\u00e1 str\u00e1nka","item":"https:\/\/endometriosis.sk\/verejnost\/"},{"@type":"ListItem","position":2,"name":"\u010co je endometri\u00f3za"}]},{"@type":"WebSite","@id":"https:\/\/endometriosis.sk\/verejnost\/#website","url":"https:\/\/endometriosis.sk\/verejnost\/","name":"Endometri\u00f3za | Praktick\u00e1 pr\u00edru\u010dka pre \u017eeny s endometri\u00f3zou alebo jej pr\u00edznakmi","description":"","potentialAction":[{"@type":"SearchAction","target":{"@type":"EntryPoint","urlTemplate":"https:\/\/endometriosis.sk\/verejnost\/?s={search_term_string}"},"query-input":{"@type":"PropertyValueSpecification","valueRequired":true,"valueName":"search_term_string"}}],"inLanguage":"sk-SK"}]}},"_links":{"self":[{"href":"https:\/\/endometriosis.sk\/verejnost\/wp-json\/wp\/v2\/pages\/25","targetHints":{"allow":["GET"]}}],"collection":[{"href":"https:\/\/endometriosis.sk\/verejnost\/wp-json\/wp\/v2\/pages"}],"about":[{"href":"https:\/\/endometriosis.sk\/verejnost\/wp-json\/wp\/v2\/types\/page"}],"author":[{"embeddable":true,"href":"https:\/\/endometriosis.sk\/verejnost\/wp-json\/wp\/v2\/users\/1"}],"replies":[{"embeddable":true,"href":"https:\/\/endometriosis.sk\/verejnost\/wp-json\/wp\/v2\/comments?post=25"}],"version-history":[{"count":12,"href":"https:\/\/endometriosis.sk\/verejnost\/wp-json\/wp\/v2\/pages\/25\/revisions"}],"predecessor-version":[{"id":693,"href":"https:\/\/endometriosis.sk\/verejnost\/wp-json\/wp\/v2\/pages\/25\/revisions\/693"}],"wp:attachment":[{"href":"https:\/\/endometriosis.sk\/verejnost\/wp-json\/wp\/v2\/media?parent=25"}],"wp:term":[{"taxonomy":"difl_page_category","embeddable":true,"href":"https:\/\/endometriosis.sk\/verejnost\/wp-json\/wp\/v2\/difl_page_category?post=25"}],"curies":[{"name":"wp","href":"https:\/\/api.w.org\/{rel}","templated":true}]}}