{"id":246,"date":"2024-11-08T15:16:35","date_gmt":"2024-11-08T14:16:35","guid":{"rendered":"https:\/\/endometriosis.sk\/verejnost\/?page_id=246"},"modified":"2024-12-04T08:25:31","modified_gmt":"2024-12-04T07:25:31","slug":"endometrioza","status":"publish","type":"page","link":"https:\/\/endometriosis.sk\/verejnost\/","title":{"rendered":"Endometri\u00f3za"},"content":{"rendered":"<p>[et_pb_section fb_built=&#8220;1&#8243; _builder_version=&#8220;4.27.2&#8243; _module_preset=&#8220;default&#8220; custom_padding=&#8220;2px||3px|||&#8220; global_colors_info=&#8220;{}&#8220;][et_pb_row disabled_on=&#8220;on|on|off&#8220; _builder_version=&#8220;4.27.2&#8243; _module_preset=&#8220;default&#8220; custom_margin=&#8220;-25px||-25px||false|false&#8220; global_colors_info=&#8220;{}&#8220;][et_pb_column type=&#8220;4_4&#8243; _builder_version=&#8220;4.27.2&#8243; _module_preset=&#8220;default&#8220; global_colors_info=&#8220;{}&#8220;][et_pb_text _builder_version=&#8220;4.27.2&#8243; _module_preset=&#8220;default&#8220; max_height=&#8220;500px&#8220; global_colors_info=&#8220;{}&#8220;]<\/p>\n\n<p>[\/et_pb_text][\/et_pb_column][\/et_pb_row][et_pb_row disabled_on=&#8220;off|off|on&#8220; _builder_version=&#8220;4.27.2&#8243; _module_preset=&#8220;default&#8220; custom_margin=&#8220;-25px||-25px||false|false&#8220; global_colors_info=&#8220;{}&#8220;][et_pb_column type=&#8220;4_4&#8243; _builder_version=&#8220;4.27.2&#8243; _module_preset=&#8220;default&#8220; global_colors_info=&#8220;{}&#8220;][et_pb_text _builder_version=&#8220;4.27.2&#8243; _module_preset=&#8220;default&#8220; max_height=&#8220;500px&#8220; global_colors_info=&#8220;{}&#8220;]<\/p>\n\n<p>[\/et_pb_text][\/et_pb_column][\/et_pb_row][\/et_pb_section][et_pb_section fb_built=&#8220;1&#8243; _builder_version=&#8220;4.27.2&#8243; _module_preset=&#8220;default&#8220; custom_padding=&#8220;3px|||||&#8220; global_colors_info=&#8220;{}&#8220;][et_pb_row column_structure=&#8220;1_5,3_5,1_5&#8243; use_custom_gutter=&#8220;on&#8220; gutter_width=&#8220;1&#8243; _builder_version=&#8220;4.27.2&#8243; _module_preset=&#8220;default&#8220; width=&#8220;100%&#8220; max_width=&#8220;1327px&#8220; custom_margin=&#8220;||||false|false&#8220; custom_padding=&#8220;10px||7px||false|false&#8220; global_colors_info=&#8220;{}&#8220;][et_pb_column type=&#8220;1_5&#8243; _builder_version=&#8220;4.27.2&#8243; _module_preset=&#8220;default&#8220; global_colors_info=&#8220;{}&#8220;][\/et_pb_column][et_pb_column type=&#8220;3_5&#8243; _builder_version=&#8220;4.27.2&#8243; _module_preset=&#8220;default&#8220; global_colors_info=&#8220;{}&#8220;][et_pb_text disabled_on=&#8220;off|off|off&#8220; _builder_version=&#8220;4.27.3&#8243; _module_preset=&#8220;default&#8220; text_font=&#8220;&#8211;et_global_body_font||||||||&#8220; text_text_color=&#8220;#000000&#8243; text_font_size=&#8220;15px&#8220; custom_margin=&#8220;|17px||17px|false|false&#8220; global_colors_info=&#8220;{}&#8220;]<\/p>\n<p style=\"text-align: center;\"><span style=\"color: #e9b323;\">Endometri\u00f3za je <strong>gynekologick\u00e9 ochorenie<\/strong>, pri ktorom bunky podobn\u00e9 endometriu (v\u00fdstelke dutiny maternice) rast\u00fa mimo maternice. Lo\u017eisk\u00e1 sa m\u00f4\u017eu nach\u00e1dza\u0165 vo vaje\u010dn\u00edkoch, vaj\u00ed\u010dkovodoch, tkanive okolo maternice a vaje\u010dn\u00edkov (pobru\u0161nica), \u010drev\u00e1ch, mo\u010dovom mech\u00fare a br\u00e1nici, ale m\u00f4\u017eu sa vyskytova\u0165 aj v in\u00fdch \u010dastiach tela.<\/span><\/p>\n<p style=\"text-align: center;\"><img loading=\"lazy\" decoding=\"async\" src=\"https:\/\/endometriosis.sk\/verejnost\/wp-content\/uploads\/2024\/11\/endoo-300x180.png\" width=\"300\" height=\"180\" alt=\"endometrioza\" class=\"wp-image-188 alignnone size-medium\" \/><\/p>\n<p style=\"text-align: center;\"><span style=\"color: #e9b323;\"><strong>Po\u010das men\u0161trua\u010dn\u00e9ho cyklu endometrium<\/strong> (t. j. oblasti endometri\u00f3zy) podlieha vplyvu \u017eensk\u00fdch pohlavn\u00fdch horm\u00f3nov. V miestach endometri\u00f3zy potom doch\u00e1dza k cyklick\u00e9mu krv\u00e1caniu a vzniku chronick\u00e9ho z\u00e1palu a zjazvenia. typick\u00fdmi prejavmi endometri\u00f3zy s\u00fa panvov\u00e9 bolesti r\u00f4znej intenzity a sterilita (neplodnos\u0165). <strong>\u010fal\u0161\u00edmi d\u00f4sledkami m\u00f4\u017eu by\u0165 zrasty<\/strong> alebo in\u00e9 komplik\u00e1cie.<\/span><\/p>\n<p>&nbsp;<\/p>\n<p>[\/et_pb_text][\/et_pb_column][et_pb_column type=&#8220;1_5&#8243; _builder_version=&#8220;4.27.2&#8243; _module_preset=&#8220;default&#8220; global_colors_info=&#8220;{}&#8220;][\/et_pb_column][\/et_pb_row][et_pb_row column_structure=&#8220;1_2,1_2&#8243; _builder_version=&#8220;4.27.2&#8243; _module_preset=&#8220;default&#8220; global_colors_info=&#8220;{}&#8220;][et_pb_column type=&#8220;1_2&#8243; _builder_version=&#8220;4.27.2&#8243; _module_preset=&#8220;default&#8220; global_colors_info=&#8220;{}&#8220;][difl_tiltcard title=&#8220;\u010co je vlastne endometri\u00f3za?\ud83d\udc69&#8220; image_image=&#8220;https:\/\/endometriosis.sk\/verejnost\/wp-content\/uploads\/2024\/11\/Foto2.png&#8220; tc_btn_button_url_new_window=&#8220;1&#8243; tc_button_background_bgcolor=&#8220;#f4c3ee&#8220; tc_max=&#8220;1&#8243; tc_perspective=&#8220;2000&#8243; wrapper_margin=&#8220;0px||||false|false&#8220; content_wrapper_margin=&#8220;5px||||false|false&#8220; _builder_version=&#8220;4.27.2&#8243; _module_preset=&#8220;default&#8220; title_font=&#8220;&#8211;et_global_heading_font|600|||||||&#8220; title_text_color=&#8220;#e9b323&#8243; title_font_size=&#8220;26px&#8220; title_line_height=&#8220;1.4em&#8220; button_font=&#8220;&#8211;et_global_body_font|700|||||||&#8220; button_text_color=&#8220;#000000&#8243; custom_margin=&#8220;0px||||false|false&#8220; link_option_url=&#8220;https:\/\/endometriosis.sk\/verejnost\/co-je-endometrioza\/&#8220; title_text_align_tablet=&#8220;&#8220; title_text_align_phone=&#8220;center&#8220; title_text_align_last_edited=&#8220;on|phone&#8220; border_radii_button=&#8220;on|5px|5px|5px|5px&#8220; border_width_all_button=&#8220;9px&#8220; border_color_all_button=&#8220;#f4c3ee&#8220; box_shadow_style_image=&#8220;preset2&#8243; global_colors_info=&#8220;{}&#8220;]<\/p>\n<p><b>Endometri\u00f3za<\/b><span>\u00a0je ochorenie \u017eensk\u00fdch pohlavn\u00fdch org\u00e1nov. Pri tejto chorobe sa mimo maternice tvoria \u0161trukt\u00fary s bunkami podobn\u00fdmi endometriu. Endometrium je sliznica maternice, ktor\u00e1 sa po\u010das \u017eensk\u00e9ho cyklu obnovuje a po\u010das men\u0161tru\u00e1cie sa odlupuje a vylu\u010duje. <\/span>Dobrou spr\u00e1vou je, \u017ee existuje mno\u017estvo \u00fa\u010dinn\u00fdch lie\u010debn\u00fdch strat\u00e9gi\u00ed, ktor\u00e9 pom\u00e1haj\u00fa zmierni\u0165 vplyv pr\u00edznakov a zlep\u0161i\u0165 kvalitu \u017eivota \u017eien s endometri\u00f3zou.<\/p>\n<p>[\/difl_tiltcard][\/et_pb_column][et_pb_column type=&#8220;1_2&#8243; _builder_version=&#8220;4.27.2&#8243; _module_preset=&#8220;default&#8220; global_colors_info=&#8220;{}&#8220;][difl_tiltcard title=&#8220;Diagn\u00f3za\ud83e\udd7c&#8220; image_image=&#8220;https:\/\/endometriosis.sk\/verejnost\/wp-content\/uploads\/2024\/11\/4.png&#8220; tc_btn_button_url_new_window=&#8220;1&#8243; tc_button_background_bgcolor=&#8220;#f4c3ee&#8220; tc_max=&#8220;1&#8243; tc_perspective=&#8220;2000&#8243; wrapper_margin=&#8220;0px||||false|false&#8220; content_wrapper_margin=&#8220;5px||||false|false&#8220; _builder_version=&#8220;4.27.3&#8243; _module_preset=&#8220;default&#8220; title_font=&#8220;&#8211;et_global_heading_font|600|||||||&#8220; title_text_color=&#8220;#e9b323&#8243; title_font_size=&#8220;26px&#8220; title_line_height=&#8220;1.4em&#8220; button_font=&#8220;&#8211;et_global_body_font|700|||||||&#8220; button_text_color=&#8220;#000000&#8243; custom_margin=&#8220;0px||||false|false&#8220; link_option_url=&#8220;https:\/\/endometriosis.sk\/verejnost\/diagnostika\/&#8220; hover_enabled=&#8220;0&#8243; title_text_align_tablet=&#8220;&#8220; title_text_align_phone=&#8220;center&#8220; title_text_align_last_edited=&#8220;on|phone&#8220; border_radii_button=&#8220;on|5px|5px|5px|5px&#8220; border_width_all_button=&#8220;9px&#8220; border_color_all_button=&#8220;#f4c3ee&#8220; box_shadow_style_image=&#8220;preset2&#8243; global_colors_info=&#8220;{}&#8220; sticky_enabled=&#8220;0&#8243;]<\/p>\n<p>Pre mnoh\u00e9 \u017eeny je cesta k <strong>diagn\u00f3ze endometri\u00f3zy dlh\u00e1<\/strong>, pln\u00e1 prek\u00e1\u017eok a nespr\u00e1vnych diagn\u00f3z. \u010co bohu\u017eia\u013e prispieva k v\u0161eobecne zn\u00e1memu oneskoreniu ur\u010denia spr\u00e1vnej diagn\u00f3zy v priemere o 4 a\u017e 11 rokov od prv\u00e9ho v\u00fdskytu sympt\u00f3mov. Na odstr\u00e1nenie diagnostick\u00e9ho oneskorenia je potrebn\u00e9 zv\u00fd\u0161i\u0165 vzdel\u00e1vanie pacientiek, v\u010dasn\u00e1 n\u00e1v\u0161teva vhodn\u00e9ho lek\u00e1ra pri prv\u00fdch pr\u00edznakoch, ale aj zmenu pr\u00edstupu lek\u00e1rov k tomuto ochoreniu.<\/p>\n<p>[\/difl_tiltcard][\/et_pb_column][\/et_pb_row][et_pb_row column_structure=&#8220;1_2,1_2&#8243; _builder_version=&#8220;4.27.2&#8243; _module_preset=&#8220;default&#8220; global_colors_info=&#8220;{}&#8220;][et_pb_column type=&#8220;1_2&#8243; _builder_version=&#8220;4.27.2&#8243; _module_preset=&#8220;default&#8220; global_colors_info=&#8220;{}&#8220;][difl_tiltcard title=&#8220;Ako sa \u017eije s endometri\u00f3zou?\ud83e\udd38\u200d\u2640\ufe0f&#8220; image_image=&#8220;https:\/\/endometriosis.sk\/verejnost\/wp-content\/uploads\/2024\/11\/Foto5.png&#8220; tc_btn_button_url_new_window=&#8220;1&#8243; tc_button_background_bgcolor=&#8220;#f4c3ee&#8220; tc_max=&#8220;1&#8243; tc_perspective=&#8220;2000&#8243; wrapper_margin=&#8220;0px||||false|false&#8220; content_wrapper_margin=&#8220;5px||||false|false&#8220; _builder_version=&#8220;4.27.2&#8243; _module_preset=&#8220;default&#8220; title_font=&#8220;&#8211;et_global_heading_font|600|||||||&#8220; title_text_color=&#8220;#e9b323&#8243; title_font_size=&#8220;26px&#8220; title_line_height=&#8220;1.4em&#8220; button_font=&#8220;&#8211;et_global_body_font|700|||||||&#8220; button_text_color=&#8220;#000000&#8243; custom_margin=&#8220;0px||||false|false&#8220; link_option_url=&#8220;https:\/\/endometriosis.sk\/verejnost\/co-pomaha-pri-endometrioze\/&#8220; title_text_align_tablet=&#8220;&#8220; title_text_align_phone=&#8220;center&#8220; title_text_align_last_edited=&#8220;on|phone&#8220; border_radii_button=&#8220;on|5px|5px|5px|5px&#8220; border_width_all_button=&#8220;9px&#8220; border_color_all_button=&#8220;#f4c3ee&#8220; box_shadow_style_image=&#8220;preset2&#8243; global_colors_info=&#8220;{}&#8220;]<\/p>\n<p>Endometri\u00f3za je v ka\u017edodennom \u017eivote do <strong>ve\u013ekej miery nevidite\u013en\u00e1<\/strong>, \u010do s\u0165a\u017euje pribl\u00ed\u017eenie jeho vplyvu na fyzick\u00fd \u017eivot a du\u0161evn\u00e9 rozpolo\u017eenie. Pre <strong>u\u013eah\u010denie je pre \u017eenu k\u013e\u00fa\u010dov\u00e9<\/strong>, aby mala podporu svojich najbli\u017e\u0161\u00edch vr\u00e1tane partnera, priate\u013eov, rodiny a v neposlednom rade aj kolegov a nadriaden\u00fdch v pr\u00e1ci. \u010c\u00edm zrozumite\u013enej\u0161ie im bude vedie\u0165 vysvetli\u0165 svoj zdravotn\u00fd stav, o to viac jej bud\u00fa schopn\u00ed pom\u00f4c\u0165 ho zvl\u00e1dnu\u0165.<\/p>\n<p>[\/difl_tiltcard][\/et_pb_column][et_pb_column type=&#8220;1_2&#8243; _builder_version=&#8220;4.27.2&#8243; _module_preset=&#8220;default&#8220; global_colors_info=&#8220;{}&#8220;][difl_tiltcard title=&#8220;Vyh\u013eadajte odborn\u00fa pomoc \ud83c\udfe5&#8220; image_image=&#8220;https:\/\/endometriosis.sk\/verejnost\/wp-content\/uploads\/2024\/11\/2.png&#8220; tc_btn_button_url_new_window=&#8220;1&#8243; tc_button_background_bgcolor=&#8220;#f4c3ee&#8220; tc_max=&#8220;1&#8243; tc_perspective=&#8220;2000&#8243; wrapper_margin=&#8220;0px||||false|false&#8220; content_wrapper_margin=&#8220;5px||||false|false&#8220; _builder_version=&#8220;4.27.2&#8243; _module_preset=&#8220;default&#8220; title_font=&#8220;&#8211;et_global_heading_font|600|||||||&#8220; title_text_color=&#8220;#e9b323&#8243; title_font_size=&#8220;26px&#8220; title_line_height=&#8220;1.4em&#8220; button_font=&#8220;&#8211;et_global_body_font|700|||||||&#8220; button_text_color=&#8220;#000000&#8243; custom_margin=&#8220;0px||||false|false&#8220; link_option_url=&#8220;https:\/\/endometriosis.sk\/verejnost\/odborna-pomoc\/&#8220; title_text_align_tablet=&#8220;&#8220; title_text_align_phone=&#8220;center&#8220; title_text_align_last_edited=&#8220;on|phone&#8220; border_radii_button=&#8220;on|5px|5px|5px|5px&#8220; border_width_all_button=&#8220;9px&#8220; border_color_all_button=&#8220;#f4c3ee&#8220; box_shadow_style_image=&#8220;preset2&#8243; global_colors_info=&#8220;{}&#8220;]<\/p>\n<p>Sympt\u00f3my endometri\u00f3zy sa \u010dasto prekr\u00fdvaj\u00fa s prejavmi in\u00fdch ochoren\u00ed a ke\u010f\u017ee ich nie je mo\u017en\u00e9 overi\u0165 ani krvn\u00fdmi testami, diagnostika endometri\u00f3zy je n\u00e1ro\u010dn\u00e1. \u010casto <strong>trv\u00e1 aj nieko\u013eko rokov<\/strong>, ne\u017e sa ujasn\u00ed, \u017ee za subjekt\u00edvnymi \u0165a\u017ekos\u0165ami pacientky je endometri\u00f3za. Je d\u00f4le\u017eit\u00e9, aby to pacientku n<strong>eodradilo a nezmierila sa s boles\u0165ami<\/strong>, ktor\u00e9 sa daj\u00fa vhodnou lie\u010dbou zmier\u0148ova\u0165.<\/p>\n<p>[\/difl_tiltcard][\/et_pb_column][\/et_pb_row][et_pb_row _builder_version=&#8220;4.27.2&#8243; _module_preset=&#8220;default&#8220; global_colors_info=&#8220;{}&#8220;][et_pb_column type=&#8220;4_4&#8243; _builder_version=&#8220;4.27.2&#8243; _module_preset=&#8220;default&#8220; global_colors_info=&#8220;{}&#8220;][et_pb_text _builder_version=&#8220;4.27.2&#8243; _module_preset=&#8220;default&#8220; header_font=&#8220;&#8211;et_global_heading_font||||||||&#8220; header_text_align=&#8220;center&#8220; header_text_color=&#8220;#000000&#8243; header_font_size=&#8220;33px&#8220; custom_margin=&#8220;||20px|||&#8220; global_colors_info=&#8220;{}&#8220;]<\/p>\n<h1>Blog o endometri\u00f3ze<\/h1>\n<p>[\/et_pb_text][difl_postgrid posts_number=&#8220;3&#8243; disabled_on=&#8220;on|off|off&#8220; _builder_version=&#8220;4.27.2&#8243; _module_preset=&#8220;default&#8220; locked=&#8220;off&#8220; global_colors_info=&#8220;{}&#8220;][difl_postitem type=&#8220;title&#8220; title_tag=&#8220;h1&#8243; _builder_version=&#8220;4.27.2&#8243; _module_preset=&#8220;default&#8220; post_font_style_font=&#8220;&#8211;et_global_heading_font||||||||&#8220; post_font_style_text_color=&#8220;#e7b324&#8243; post_font_style_font_size=&#8220;24px&#8220; global_colors_info=&#8220;{}&#8220;][\/difl_postitem][difl_postitem type=&#8220;image&#8220; _builder_version=&#8220;4.27.2&#8243; _module_preset=&#8220;default&#8220; global_colors_info=&#8220;{}&#8220;][\/difl_postitem][\/difl_postgrid][\/et_pb_column][\/et_pb_row][et_pb_row _builder_version=&#8220;4.27.2&#8243; _module_preset=&#8220;default&#8220; custom_padding=&#8220;4px|||||&#8220; global_colors_info=&#8220;{}&#8220;][et_pb_column type=&#8220;4_4&#8243; _builder_version=&#8220;4.27.2&#8243; _module_preset=&#8220;default&#8220; global_colors_info=&#8220;{}&#8220;][difl_postgrid posts_number=&#8220;3&#8243; column=&#8220;1&#8243; wrapper_padding=&#8220;|10px||10px|false|false&#8220; disabled_on=&#8220;off|on|on&#8220; _builder_version=&#8220;4.27.2&#8243; _module_preset=&#8220;default&#8220; custom_margin=&#8220;-17px|||||&#8220; locked=&#8220;off&#8220; global_colors_info=&#8220;{}&#8220;][difl_postitem type=&#8220;title&#8220; title_tag=&#8220;h1&#8243; _builder_version=&#8220;4.27.2&#8243; _module_preset=&#8220;default&#8220; post_font_style_font=&#8220;&#8211;et_global_heading_font||||||||&#8220; post_font_style_text_color=&#8220;#e7b324&#8243; post_font_style_font_size=&#8220;24px&#8220; global_colors_info=&#8220;{}&#8220;][\/difl_postitem][difl_postitem type=&#8220;image&#8220; _builder_version=&#8220;4.27.2&#8243; _module_preset=&#8220;default&#8220; global_colors_info=&#8220;{}&#8220;][\/difl_postitem][\/difl_postgrid][et_pb_button button_url=&#8220;https:\/\/endometriosis.sk\/verejnost\/blog\/&#8220; button_text=&#8220;\u010eal\u0161ie \u010dl\u00e1nky&#8220; button_alignment=&#8220;left&#8220; disabled_on=&#8220;off|on|on&#8220; _builder_version=&#8220;4.27.2&#8243; _module_preset=&#8220;default&#8220; custom_button=&#8220;on&#8220; button_text_color=&#8220;#000000&#8243; button_bg_color=&#8220;#e9b323&#8243; button_border_width=&#8220;0px&#8220; button_border_radius=&#8220;5px&#8220; button_font=&#8220;&#8211;et_global_body_font||||||||&#8220; global_colors_info=&#8220;{}&#8220;][\/et_pb_button][\/et_pb_column][\/et_pb_row][\/et_pb_section]<\/p>\n","protected":false},"excerpt":{"rendered":"<p>Endometri\u00f3za je gynekologick\u00e9 ochorenie, pri ktorom bunky podobn\u00e9 endometriu (v\u00fdstelke dutiny maternice) rast\u00fa mimo maternice. Lo\u017eisk\u00e1 sa m\u00f4\u017eu nach\u00e1dza\u0165 vo vaje\u010dn\u00edkoch, vaj\u00ed\u010dkovodoch, tkanive okolo maternice a vaje\u010dn\u00edkov (pobru\u0161nica), \u010drev\u00e1ch, mo\u010dovom mech\u00fare a br\u00e1nici, ale m\u00f4\u017eu sa vyskytova\u0165 aj v in\u00fdch \u010dastiach tela. Po\u010das men\u0161trua\u010dn\u00e9ho cyklu endometrium (t. j. oblasti endometri\u00f3zy) podlieha vplyvu \u017eensk\u00fdch [&hellip;]<\/p>\n","protected":false},"author":1,"featured_media":0,"parent":0,"menu_order":0,"comment_status":"closed","ping_status":"closed","template":"","meta":{"_et_pb_use_builder":"on","_et_pb_old_content":"","_et_gb_content_width":"","footnotes":""},"difl_page_category":[],"class_list":["post-246","page","type-page","status-publish","hentry"],"yoast_head":"<!-- This site is optimized with the Yoast SEO plugin v26.4 - https:\/\/yoast.com\/wordpress\/plugins\/seo\/ -->\n<title>Endometri\u00f3za - Endometri\u00f3za | Praktick\u00e1 pr\u00edru\u010dka pre \u017eeny s endometri\u00f3zou alebo jej pr\u00edznakmi<\/title>\n<meta name=\"robots\" content=\"index, follow, max-snippet:-1, max-image-preview:large, max-video-preview:-1\" \/>\n<link rel=\"canonical\" href=\"https:\/\/endometriosis.sk\/verejnost\/\" \/>\n<meta property=\"og:locale\" content=\"sk_SK\" \/>\n<meta property=\"og:type\" content=\"article\" \/>\n<meta property=\"og:title\" content=\"Endometri\u00f3za - Endometri\u00f3za | Praktick\u00e1 pr\u00edru\u010dka pre \u017eeny s endometri\u00f3zou alebo jej pr\u00edznakmi\" \/>\n<meta property=\"og:description\" content=\"Endometri\u00f3za je gynekologick\u00e9 ochorenie, pri ktorom bunky podobn\u00e9 endometriu (v\u00fdstelke dutiny maternice) rast\u00fa mimo maternice. Lo\u017eisk\u00e1 sa m\u00f4\u017eu nach\u00e1dza\u0165 vo vaje\u010dn\u00edkoch, vaj\u00ed\u010dkovodoch, tkanive okolo maternice a vaje\u010dn\u00edkov (pobru\u0161nica), \u010drev\u00e1ch, mo\u010dovom mech\u00fare a br\u00e1nici, ale m\u00f4\u017eu sa vyskytova\u0165 aj v in\u00fdch \u010dastiach tela. Po\u010das men\u0161trua\u010dn\u00e9ho cyklu endometrium (t. j. oblasti endometri\u00f3zy) podlieha vplyvu \u017eensk\u00fdch [&hellip;]\" \/>\n<meta property=\"og:url\" content=\"https:\/\/endometriosis.sk\/verejnost\/\" \/>\n<meta property=\"og:site_name\" content=\"Endometri\u00f3za | Praktick\u00e1 pr\u00edru\u010dka pre \u017eeny s endometri\u00f3zou alebo jej pr\u00edznakmi\" \/>\n<meta property=\"article:modified_time\" content=\"2024-12-04T07:25:31+00:00\" \/>\n<meta property=\"og:image\" content=\"https:\/\/endometriosis.sk\/verejnost\/wp-content\/uploads\/2024\/11\/endoo.png\" \/>\n\t<meta property=\"og:image:width\" content=\"619\" \/>\n\t<meta property=\"og:image:height\" content=\"372\" \/>\n\t<meta property=\"og:image:type\" content=\"image\/png\" \/>\n<meta name=\"twitter:card\" content=\"summary_large_image\" \/>\n<meta name=\"twitter:label1\" content=\"Predpokladan\u00fd \u010das \u010d\u00edtania\" \/>\n\t<meta name=\"twitter:data1\" content=\"8 min\u00fat\" \/>\n<script type=\"application\/ld+json\" class=\"yoast-schema-graph\">{\"@context\":\"https:\/\/schema.org\",\"@graph\":[{\"@type\":\"WebPage\",\"@id\":\"https:\/\/endometriosis.sk\/verejnost\/\",\"url\":\"https:\/\/endometriosis.sk\/verejnost\/\",\"name\":\"Endometri\u00f3za - Endometri\u00f3za | Praktick\u00e1 pr\u00edru\u010dka pre \u017eeny s endometri\u00f3zou alebo jej pr\u00edznakmi\",\"isPartOf\":{\"@id\":\"https:\/\/endometriosis.sk\/verejnost\/#website\"},\"primaryImageOfPage\":{\"@id\":\"https:\/\/endometriosis.sk\/verejnost\/#primaryimage\"},\"image\":{\"@id\":\"https:\/\/endometriosis.sk\/verejnost\/#primaryimage\"},\"thumbnailUrl\":\"https:\/\/endometriosis.sk\/verejnost\/wp-content\/uploads\/2024\/11\/endoo-300x180.png\",\"datePublished\":\"2024-11-08T14:16:35+00:00\",\"dateModified\":\"2024-12-04T07:25:31+00:00\",\"breadcrumb\":{\"@id\":\"https:\/\/endometriosis.sk\/verejnost\/#breadcrumb\"},\"inLanguage\":\"sk-SK\",\"potentialAction\":[{\"@type\":\"ReadAction\",\"target\":[\"https:\/\/endometriosis.sk\/verejnost\/\"]}]},{\"@type\":\"ImageObject\",\"inLanguage\":\"sk-SK\",\"@id\":\"https:\/\/endometriosis.sk\/verejnost\/#primaryimage\",\"url\":\"https:\/\/endometriosis.sk\/verejnost\/wp-content\/uploads\/2024\/11\/endoo.png\",\"contentUrl\":\"https:\/\/endometriosis.sk\/verejnost\/wp-content\/uploads\/2024\/11\/endoo.png\",\"width\":619,\"height\":372,\"caption\":\"endometrioza\"},{\"@type\":\"BreadcrumbList\",\"@id\":\"https:\/\/endometriosis.sk\/verejnost\/#breadcrumb\",\"itemListElement\":[{\"@type\":\"ListItem\",\"position\":1,\"name\":\"Domovsk\u00e1 str\u00e1nka\",\"item\":\"https:\/\/endometriosis.sk\/verejnost\/\"},{\"@type\":\"ListItem\",\"position\":2,\"name\":\"Endometri\u00f3za\"}]},{\"@type\":\"WebSite\",\"@id\":\"https:\/\/endometriosis.sk\/verejnost\/#website\",\"url\":\"https:\/\/endometriosis.sk\/verejnost\/\",\"name\":\"Endometri\u00f3za | Praktick\u00e1 pr\u00edru\u010dka pre \u017eeny s endometri\u00f3zou alebo jej pr\u00edznakmi\",\"description\":\"\",\"potentialAction\":[{\"@type\":\"SearchAction\",\"target\":{\"@type\":\"EntryPoint\",\"urlTemplate\":\"https:\/\/endometriosis.sk\/verejnost\/?s={search_term_string}\"},\"query-input\":{\"@type\":\"PropertyValueSpecification\",\"valueRequired\":true,\"valueName\":\"search_term_string\"}}],\"inLanguage\":\"sk-SK\"}]}<\/script>\n<!-- \/ Yoast SEO plugin. -->","yoast_head_json":{"title":"Endometri\u00f3za - Endometri\u00f3za | Praktick\u00e1 pr\u00edru\u010dka pre \u017eeny s endometri\u00f3zou alebo jej pr\u00edznakmi","robots":{"index":"index","follow":"follow","max-snippet":"max-snippet:-1","max-image-preview":"max-image-preview:large","max-video-preview":"max-video-preview:-1"},"canonical":"https:\/\/endometriosis.sk\/verejnost\/","og_locale":"sk_SK","og_type":"article","og_title":"Endometri\u00f3za - Endometri\u00f3za | Praktick\u00e1 pr\u00edru\u010dka pre \u017eeny s endometri\u00f3zou alebo jej pr\u00edznakmi","og_description":"Endometri\u00f3za je gynekologick\u00e9 ochorenie, pri ktorom bunky podobn\u00e9 endometriu (v\u00fdstelke dutiny maternice) rast\u00fa mimo maternice. Lo\u017eisk\u00e1 sa m\u00f4\u017eu nach\u00e1dza\u0165 vo vaje\u010dn\u00edkoch, vaj\u00ed\u010dkovodoch, tkanive okolo maternice a vaje\u010dn\u00edkov (pobru\u0161nica), \u010drev\u00e1ch, mo\u010dovom mech\u00fare a br\u00e1nici, ale m\u00f4\u017eu sa vyskytova\u0165 aj v in\u00fdch \u010dastiach tela. Po\u010das men\u0161trua\u010dn\u00e9ho cyklu endometrium (t. j. oblasti endometri\u00f3zy) podlieha vplyvu \u017eensk\u00fdch [&hellip;]","og_url":"https:\/\/endometriosis.sk\/verejnost\/","og_site_name":"Endometri\u00f3za | Praktick\u00e1 pr\u00edru\u010dka pre \u017eeny s endometri\u00f3zou alebo jej pr\u00edznakmi","article_modified_time":"2024-12-04T07:25:31+00:00","og_image":[{"width":619,"height":372,"url":"https:\/\/endometriosis.sk\/verejnost\/wp-content\/uploads\/2024\/11\/endoo.png","type":"image\/png"}],"twitter_card":"summary_large_image","twitter_misc":{"Predpokladan\u00fd \u010das \u010d\u00edtania":"8 min\u00fat"},"schema":{"@context":"https:\/\/schema.org","@graph":[{"@type":"WebPage","@id":"https:\/\/endometriosis.sk\/verejnost\/","url":"https:\/\/endometriosis.sk\/verejnost\/","name":"Endometri\u00f3za - Endometri\u00f3za | Praktick\u00e1 pr\u00edru\u010dka pre \u017eeny s endometri\u00f3zou alebo jej pr\u00edznakmi","isPartOf":{"@id":"https:\/\/endometriosis.sk\/verejnost\/#website"},"primaryImageOfPage":{"@id":"https:\/\/endometriosis.sk\/verejnost\/#primaryimage"},"image":{"@id":"https:\/\/endometriosis.sk\/verejnost\/#primaryimage"},"thumbnailUrl":"https:\/\/endometriosis.sk\/verejnost\/wp-content\/uploads\/2024\/11\/endoo-300x180.png","datePublished":"2024-11-08T14:16:35+00:00","dateModified":"2024-12-04T07:25:31+00:00","breadcrumb":{"@id":"https:\/\/endometriosis.sk\/verejnost\/#breadcrumb"},"inLanguage":"sk-SK","potentialAction":[{"@type":"ReadAction","target":["https:\/\/endometriosis.sk\/verejnost\/"]}]},{"@type":"ImageObject","inLanguage":"sk-SK","@id":"https:\/\/endometriosis.sk\/verejnost\/#primaryimage","url":"https:\/\/endometriosis.sk\/verejnost\/wp-content\/uploads\/2024\/11\/endoo.png","contentUrl":"https:\/\/endometriosis.sk\/verejnost\/wp-content\/uploads\/2024\/11\/endoo.png","width":619,"height":372,"caption":"endometrioza"},{"@type":"BreadcrumbList","@id":"https:\/\/endometriosis.sk\/verejnost\/#breadcrumb","itemListElement":[{"@type":"ListItem","position":1,"name":"Domovsk\u00e1 str\u00e1nka","item":"https:\/\/endometriosis.sk\/verejnost\/"},{"@type":"ListItem","position":2,"name":"Endometri\u00f3za"}]},{"@type":"WebSite","@id":"https:\/\/endometriosis.sk\/verejnost\/#website","url":"https:\/\/endometriosis.sk\/verejnost\/","name":"Endometri\u00f3za | Praktick\u00e1 pr\u00edru\u010dka pre \u017eeny s endometri\u00f3zou alebo jej pr\u00edznakmi","description":"","potentialAction":[{"@type":"SearchAction","target":{"@type":"EntryPoint","urlTemplate":"https:\/\/endometriosis.sk\/verejnost\/?s={search_term_string}"},"query-input":{"@type":"PropertyValueSpecification","valueRequired":true,"valueName":"search_term_string"}}],"inLanguage":"sk-SK"}]}},"_links":{"self":[{"href":"https:\/\/endometriosis.sk\/verejnost\/wp-json\/wp\/v2\/pages\/246","targetHints":{"allow":["GET"]}}],"collection":[{"href":"https:\/\/endometriosis.sk\/verejnost\/wp-json\/wp\/v2\/pages"}],"about":[{"href":"https:\/\/endometriosis.sk\/verejnost\/wp-json\/wp\/v2\/types\/page"}],"author":[{"embeddable":true,"href":"https:\/\/endometriosis.sk\/verejnost\/wp-json\/wp\/v2\/users\/1"}],"replies":[{"embeddable":true,"href":"https:\/\/endometriosis.sk\/verejnost\/wp-json\/wp\/v2\/comments?post=246"}],"version-history":[{"count":79,"href":"https:\/\/endometriosis.sk\/verejnost\/wp-json\/wp\/v2\/pages\/246\/revisions"}],"predecessor-version":[{"id":723,"href":"https:\/\/endometriosis.sk\/verejnost\/wp-json\/wp\/v2\/pages\/246\/revisions\/723"}],"wp:attachment":[{"href":"https:\/\/endometriosis.sk\/verejnost\/wp-json\/wp\/v2\/media?parent=246"}],"wp:term":[{"taxonomy":"difl_page_category","embeddable":true,"href":"https:\/\/endometriosis.sk\/verejnost\/wp-json\/wp\/v2\/difl_page_category?post=246"}],"curies":[{"name":"wp","href":"https:\/\/api.w.org\/{rel}","templated":true}]}}