{"id":17,"date":"2024-11-06T08:09:06","date_gmt":"2024-11-06T07:09:06","guid":{"rendered":"https:\/\/endometriosis.sk\/verejnost\/?page_id=17"},"modified":"2024-11-27T11:30:37","modified_gmt":"2024-11-27T10:30:37","slug":"blog","status":"publish","type":"page","link":"https:\/\/endometriosis.sk\/verejnost\/blog\/","title":{"rendered":"Blog"},"content":{"rendered":"<p>[et_pb_section fb_built=&#8220;1&#8243; _builder_version=&#8220;4.27.2&#8243; _module_preset=&#8220;default&#8220; background_image=&#8220;https:\/\/endometriosis.sk\/verejnost\/wp-content\/uploads\/2024\/11\/pozadie1-1.png&#8220; global_colors_info=&#8220;{}&#8220;][et_pb_row _builder_version=&#8220;4.27.2&#8243; _module_preset=&#8220;default&#8220; global_colors_info=&#8220;{}&#8220;][et_pb_column type=&#8220;4_4&#8243; _builder_version=&#8220;4.27.2&#8243; _module_preset=&#8220;default&#8220; global_colors_info=&#8220;{}&#8220;][et_pb_text _builder_version=&#8220;4.27.2&#8243; _module_preset=&#8220;default&#8220; header_font=&#8220;&#8211;et_global_heading_font|700|||||||&#8220; header_text_align=&#8220;center&#8220; header_text_color=&#8220;#ffffff&#8220; header_font_size=&#8220;34px&#8220; global_colors_info=&#8220;{}&#8220;]<\/p>\n<h1>Blog o endometri\u00f3ze<\/h1>\n<p>[\/et_pb_text][\/et_pb_column][\/et_pb_row][\/et_pb_section][et_pb_section fb_built=&#8220;1&#8243; _builder_version=&#8220;4.27.3&#8243; _module_preset=&#8220;default&#8220; custom_padding=&#8220;3px|||5px|false|false&#8220; hover_enabled=&#8220;0&#8243; global_colors_info=&#8220;{}&#8220; sticky_enabled=&#8220;0&#8243;][et_pb_row use_custom_gutter=&#8220;on&#8220; gutter_width=&#8220;1&#8243; _builder_version=&#8220;4.27.2&#8243; _module_preset=&#8220;default&#8220; width=&#8220;100%&#8220; max_width=&#8220;1327px&#8220; custom_margin=&#8220;||||false|false&#8220; custom_padding=&#8220;||||false|false&#8220; global_colors_info=&#8220;{}&#8220;][et_pb_column type=&#8220;4_4&#8243; _builder_version=&#8220;4.27.2&#8243; _module_preset=&#8220;default&#8220; global_colors_info=&#8220;{}&#8220;][difl_postgrid posts_number=&#8220;20&#8243; disabled_on=&#8220;on|on|off&#8220; _builder_version=&#8220;4.27.2&#8243; _module_preset=&#8220;default&#8220; global_colors_info=&#8220;{}&#8220;][difl_postitem type=&#8220;title&#8220; title_tag=&#8220;h1&#8243; _builder_version=&#8220;4.27.2&#8243; _module_preset=&#8220;default&#8220; post_font_style_font=&#8220;&#8211;et_global_heading_font||||||||&#8220; post_font_style_text_color=&#8220;#e7b324&#8243; post_font_style_font_size=&#8220;24px&#8220; global_colors_info=&#8220;{}&#8220;][\/difl_postitem][difl_postitem type=&#8220;image&#8220; _builder_version=&#8220;4.27.2&#8243; _module_preset=&#8220;default&#8220; global_colors_info=&#8220;{}&#8220;][\/difl_postitem][difl_postitem type=&#8220;content&#8220; _builder_version=&#8220;4.27.2&#8243; _module_preset=&#8220;default&#8220; global_colors_info=&#8220;{}&#8220;][\/difl_postitem][\/difl_postgrid][difl_postgrid posts_number=&#8220;20&#8243; column=&#8220;1&#8243; wrapper_padding=&#8220;|10px||10px|false|false&#8220; disabled_on=&#8220;off|on|on&#8220; _builder_version=&#8220;4.27.2&#8243; _module_preset=&#8220;default&#8220; global_colors_info=&#8220;{}&#8220;][difl_postitem type=&#8220;title&#8220; title_tag=&#8220;h1&#8243; _builder_version=&#8220;4.27.2&#8243; _module_preset=&#8220;default&#8220; post_font_style_font=&#8220;&#8211;et_global_heading_font||||||||&#8220; post_font_style_text_color=&#8220;#e7b324&#8243; post_font_style_font_size=&#8220;24px&#8220; global_colors_info=&#8220;{}&#8220;][\/difl_postitem][difl_postitem type=&#8220;image&#8220; _builder_version=&#8220;4.27.2&#8243; _module_preset=&#8220;default&#8220; global_colors_info=&#8220;{}&#8220;][\/difl_postitem][difl_postitem type=&#8220;content&#8220; _builder_version=&#8220;4.27.2&#8243; _module_preset=&#8220;default&#8220; global_colors_info=&#8220;{}&#8220;][\/difl_postitem][\/difl_postgrid][\/et_pb_column][\/et_pb_row][\/et_pb_section]<\/p>\n","protected":false},"excerpt":{"rendered":"<p>Blog o endometri\u00f3ze<div class=\"et_pb_module difl_postgrid difl_postgrid_0\">\n\t\t\t\t\n\t\t\t\t\n\t\t\t\t\n\t\t\t\t\n\t\t\t\t\n\t\t\t\t\n\t\t\t\t<div class=\"et_pb_module_inner\">\n\t\t\t\t\t<div class=\"df_postgrid_container et_pb_ajax_pagination_container\" data-settings='{\"layout\":\"grid\"}'><div class=\"df-posts-wrap layout-grid\">                <article id=\"post-326\" class=\"df-post-item v2 post-326 post type-post status-publish format-standard has-post-thumbnail hentry category-nezaradene tag-endometrioza\">\r\n                    <div class=\"df-post-outer-wrap df-hover-trigger\" >\r\n                                                <div class=\"df-post-inner-wrap\">\r\n                            <div class=\"df-item-wrap df-post-title-wrap difl_postitem_0 \">\r\n            \r\n            <h1 class=\"df-post-title\">\r\n                <a href=\"https:\/\/endometriosis.sk\/verejnost\/10-veci-ktore-by-ste-mali-vediet-o-endometrioze-prirucka-pre-kazdu-zenu\/\">\r\n                    10 d\u00f4le\u017eit\u00fdch vec\u00ed o endometri\u00f3ze: Pr\u00edru\u010dka pre ka\u017ed\u00fa \u017eenu\r\n                <\/a>\r\n            <\/h1>     \r\n        <\/div><div class=\"df-item-wrap df-post-image-wrap difl_postitem_1 \">\r\n                    <a class=\"df-hover-effect no-image-scale\" href=\"https:\/\/endometriosis.sk\/verejnost\/10-veci-ktore-by-ste-mali-vediet-o-endometrioze-prirucka-pre-kazdu-zenu\/\"><img loading=\"lazy\" decoding=\"async\" src=\"https:\/\/endometriosis.sk\/verejnost\/wp-content\/uploads\/2024\/11\/2-1-400x250.png\" alt=\"10 d\u00f4le\u017eit\u00fdch vec\u00ed o endometri\u00f3ze: Pr\u00edru\u010dka pre ka\u017ed\u00fa \u017eenu\" class=\"\" width=\"400\" height=\"250\" \/><\/a>\r\n                <\/div><div class=\"df-item-wrap df-post-content-wrap difl_postitem_2 \"><p>10 vec\u00ed, ktor\u00e9 by ste mali vedie\u0165 o endometri\u00f3ze: Pr\u00edru\u010dka pre ka\u017ed\u00fa \u017eenuEndometri\u00f3za je ochorenie, ktor\u00e9 ovplyv\u0148uje \u017eivoty mili\u00f3nov \u017eien po celom svete, no st\u00e1le je obklopen\u00e1 mnoh\u00fdmi m\u00fdtmi a nedostatkom inform\u00e1ci\u00ed. Ak chcete lep\u0161ie porozumie\u0165 tejto chorobe alebo...<\/p>\n<\/div>                        <\/div>\r\n                    <\/div>\r\n                <\/article>\r\n                                <article id=\"post-319\" class=\"df-post-item v2 post-319 post type-post status-publish format-standard has-post-thumbnail hentry category-nezaradene tag-endometrioza\">\r\n                    <div class=\"df-post-outer-wrap df-hover-trigger\" >\r\n                                                <div class=\"df-post-inner-wrap\">\r\n                            <div class=\"df-item-wrap df-post-title-wrap difl_postitem_0 \">\r\n            \r\n            <h1 class=\"df-post-title\">\r\n                <a href=\"https:\/\/endometriosis.sk\/verejnost\/endometrioza-pribeh-jany-ktora-bojovala-o-svoje-zdravie-a-stastie\/\">\r\n                    Endometri\u00f3za: Pr\u00edbeh Jany, ktor\u00e1 bojovala o svoje zdravie a \u0161\u0165astie\r\n                <\/a>\r\n            <\/h1>     \r\n        <\/div><div class=\"df-item-wrap df-post-image-wrap difl_postitem_1 \">\r\n                    <a class=\"df-hover-effect no-image-scale\" href=\"https:\/\/endometriosis.sk\/verejnost\/endometrioza-pribeh-jany-ktora-bojovala-o-svoje-zdravie-a-stastie\/\"><img loading=\"lazy\" decoding=\"async\" src=\"https:\/\/endometriosis.sk\/verejnost\/wp-content\/uploads\/2024\/11\/3-1-400x250.png\" alt=\"Endometri\u00f3za: Pr\u00edbeh Jany, ktor\u00e1 bojovala o svoje zdravie a \u0161\u0165astie\" class=\"\" width=\"400\" height=\"250\" \/><\/a>\r\n                <\/div><div class=\"df-item-wrap df-post-content-wrap difl_postitem_2 \"><p>Endometri\u00f3za: Pr\u00edbeh Jany, ktor\u00e1 bojovala o svoje zdravie a \u0161\u0165astie.Ke\u010f Jane bolesti zmenili ka\u017edodenn\u00fd \u017eivot na boj, netu\u0161ila, \u017ee sa ocitla v zajat\u00ed endometri\u00f3zy. \u010c\u00edtajte o tom, ako sa mlad\u00e1 \u017eena vyrovnala s diagn\u00f3zou, ktor\u00e1 jej od z\u00e1kladu zmenila \u017eivot, a ako na\u0161la...<\/p>\n<\/div>                        <\/div>\r\n                    <\/div>\r\n                <\/article>\r\n                                <article id=\"post-310\" class=\"df-post-item v2 post-310 post type-post status-publish format-standard has-post-thumbnail hentry category-nezaradene tag-endometrioza\">\r\n                    <div class=\"df-post-outer-wrap df-hover-trigger\" >\r\n                                                <div class=\"df-post-inner-wrap\">\r\n                            <div class=\"df-item-wrap df-post-title-wrap difl_postitem_0 \">\r\n            \r\n            <h1 class=\"df-post-title\">\r\n                <a href=\"https:\/\/endometriosis.sk\/verejnost\/5-hlavnych-priznakov-endometriozy-ktore-by-ste-nemali-ignorovat\/\">\r\n                    5 hlavn\u00fdch pr\u00edznakov endometri\u00f3zy, ktor\u00e9 by ste nemali ignorova\u0165\r\n                <\/a>\r\n            <\/h1>     \r\n        <\/div><div class=\"df-item-wrap df-post-image-wrap difl_postitem_1 \">\r\n                    <a class=\"df-hover-effect no-image-scale\" href=\"https:\/\/endometriosis.sk\/verejnost\/5-hlavnych-priznakov-endometriozy-ktore-by-ste-nemali-ignorovat\/\"><img loading=\"lazy\" decoding=\"async\" src=\"https:\/\/endometriosis.sk\/verejnost\/wp-content\/uploads\/2024\/11\/5-1-400x250.png\" alt=\"5 hlavn\u00fdch pr\u00edznakov endometri\u00f3zy, ktor\u00e9 by ste nemali ignorova\u0165\" class=\"\" width=\"400\" height=\"250\" \/><\/a>\r\n                <\/div><div class=\"df-item-wrap df-post-content-wrap difl_postitem_2 \"><p>5 hlavn\u00fdch pr\u00edznakov endometri\u00f3zy, ktor\u00e9 by ste nemali ignorova\u0165Endometri\u00f3za je gynekologick\u00e9 ochorenie, ktor\u00e9 m\u00f4\u017ee ma\u0165 z\u00e1va\u017en\u00fd vplyv na kvalitu \u017eivota \u017eeny. Pr\u00edznaky endometri\u00f3zy s\u00fa \u010dasto zamenite\u013en\u00e9 s be\u017en\u00fdmi gynekologick\u00fdmi \u0165a\u017ekos\u0165ami, \u010do m\u00f4\u017ee vies\u0165 k neskor\u00e9mu...<\/p>\n<\/div>                        <\/div>\r\n                    <\/div>\r\n                <\/article>\r\n                <\/div><\/div>\n\t\t\t\t<\/div>\n\t\t\t<\/div><div class=\"et_pb_module difl_postgrid difl_postgrid_1\">\n\t\t\t\t\n\t\t\t\t\n\t\t\t\t\n\t\t\t\t\n\t\t\t\t\n\t\t\t\t\n\t\t\t\t<div class=\"et_pb_module_inner\">\n\t\t\t\t\t<div class=\"df_postgrid_container et_pb_ajax_pagination_container\" data-settings='{\"layout\":\"grid\"}'><div class=\"df-posts-wrap layout-grid\">                <article id=\"post-326\" class=\"df-post-item v2 post-326 post type-post status-publish format-standard has-post-thumbnail hentry category-nezaradene tag-endometrioza\">\r\n                    <div class=\"df-post-outer-wrap df-hover-trigger\" >\r\n                                                <div class=\"df-post-inner-wrap\">\r\n                            <div class=\"df-item-wrap df-post-title-wrap difl_postitem_3 \">\r\n            \r\n            <h1 class=\"df-post-title\">\r\n                <a href=\"https:\/\/endometriosis.sk\/verejnost\/10-veci-ktore-by-ste-mali-vediet-o-endometrioze-prirucka-pre-kazdu-zenu\/\">\r\n                    10 d\u00f4le\u017eit\u00fdch vec\u00ed o endometri\u00f3ze: Pr\u00edru\u010dka pre ka\u017ed\u00fa \u017eenu\r\n                <\/a>\r\n            <\/h1>     \r\n        <\/div><div class=\"df-item-wrap df-post-image-wrap difl_postitem_4 \">\r\n                    <a class=\"df-hover-effect no-image-scale\" href=\"https:\/\/endometriosis.sk\/verejnost\/10-veci-ktore-by-ste-mali-vediet-o-endometrioze-prirucka-pre-kazdu-zenu\/\"><img loading=\"lazy\" decoding=\"async\" src=\"https:\/\/endometriosis.sk\/verejnost\/wp-content\/uploads\/2024\/11\/2-1-400x250.png\" alt=\"10 d\u00f4le\u017eit\u00fdch vec\u00ed o endometri\u00f3ze: Pr\u00edru\u010dka pre ka\u017ed\u00fa \u017eenu\" class=\"\" width=\"400\" height=\"250\" \/><\/a>\r\n                <\/div><div class=\"df-item-wrap df-post-content-wrap difl_postitem_5 \"><p>10 vec\u00ed, ktor\u00e9 by ste mali vedie\u0165 o endometri\u00f3ze: Pr\u00edru\u010dka pre ka\u017ed\u00fa \u017eenuEndometri\u00f3za je ochorenie, ktor\u00e9 ovplyv\u0148uje \u017eivoty mili\u00f3nov \u017eien po celom svete, no st\u00e1le je obklopen\u00e1 mnoh\u00fdmi m\u00fdtmi a nedostatkom inform\u00e1ci\u00ed. Ak chcete lep\u0161ie porozumie\u0165 tejto chorobe alebo...<\/p>\n<\/div>                        <\/div>\r\n                    <\/div>\r\n                <\/article>\r\n                                <article id=\"post-319\" class=\"df-post-item v2 post-319 post type-post status-publish format-standard has-post-thumbnail hentry category-nezaradene tag-endometrioza\">\r\n                    <div class=\"df-post-outer-wrap df-hover-trigger\" >\r\n                                                <div class=\"df-post-inner-wrap\">\r\n                            <div class=\"df-item-wrap df-post-title-wrap difl_postitem_3 \">\r\n            \r\n            <h1 class=\"df-post-title\">\r\n                <a href=\"https:\/\/endometriosis.sk\/verejnost\/endometrioza-pribeh-jany-ktora-bojovala-o-svoje-zdravie-a-stastie\/\">\r\n                    Endometri\u00f3za: Pr\u00edbeh Jany, ktor\u00e1 bojovala o svoje zdravie a \u0161\u0165astie\r\n                <\/a>\r\n            <\/h1>     \r\n        <\/div><div class=\"df-item-wrap df-post-image-wrap difl_postitem_4 \">\r\n                    <a class=\"df-hover-effect no-image-scale\" href=\"https:\/\/endometriosis.sk\/verejnost\/endometrioza-pribeh-jany-ktora-bojovala-o-svoje-zdravie-a-stastie\/\"><img loading=\"lazy\" decoding=\"async\" src=\"https:\/\/endometriosis.sk\/verejnost\/wp-content\/uploads\/2024\/11\/3-1-400x250.png\" alt=\"Endometri\u00f3za: Pr\u00edbeh Jany, ktor\u00e1 bojovala o svoje zdravie a \u0161\u0165astie\" class=\"\" width=\"400\" height=\"250\" \/><\/a>\r\n                <\/div><div class=\"df-item-wrap df-post-content-wrap difl_postitem_5 \"><p>Endometri\u00f3za: Pr\u00edbeh Jany, ktor\u00e1 bojovala o svoje zdravie a \u0161\u0165astie.Ke\u010f Jane bolesti zmenili ka\u017edodenn\u00fd \u017eivot na boj, netu\u0161ila, \u017ee sa ocitla v zajat\u00ed endometri\u00f3zy. \u010c\u00edtajte o tom, ako sa mlad\u00e1 \u017eena vyrovnala s diagn\u00f3zou, ktor\u00e1 jej od z\u00e1kladu zmenila \u017eivot, a ako na\u0161la...<\/p>\n<\/div>                        <\/div>\r\n                    <\/div>\r\n                <\/article>\r\n                                <article id=\"post-310\" class=\"df-post-item v2 post-310 post type-post status-publish format-standard has-post-thumbnail hentry category-nezaradene tag-endometrioza\">\r\n                    <div class=\"df-post-outer-wrap df-hover-trigger\" >\r\n                                                <div class=\"df-post-inner-wrap\">\r\n                            <div class=\"df-item-wrap df-post-title-wrap difl_postitem_3 \">\r\n            \r\n            <h1 class=\"df-post-title\">\r\n                <a href=\"https:\/\/endometriosis.sk\/verejnost\/5-hlavnych-priznakov-endometriozy-ktore-by-ste-nemali-ignorovat\/\">\r\n                    5 hlavn\u00fdch pr\u00edznakov endometri\u00f3zy, ktor\u00e9 by ste nemali ignorova\u0165\r\n                <\/a>\r\n            <\/h1>     \r\n        <\/div><div class=\"df-item-wrap df-post-image-wrap difl_postitem_4 \">\r\n                    <a class=\"df-hover-effect no-image-scale\" href=\"https:\/\/endometriosis.sk\/verejnost\/5-hlavnych-priznakov-endometriozy-ktore-by-ste-nemali-ignorovat\/\"><img loading=\"lazy\" decoding=\"async\" src=\"https:\/\/endometriosis.sk\/verejnost\/wp-content\/uploads\/2024\/11\/5-1-400x250.png\" alt=\"5 hlavn\u00fdch pr\u00edznakov endometri\u00f3zy, ktor\u00e9 by ste nemali ignorova\u0165\" class=\"\" width=\"400\" height=\"250\" \/><\/a>\r\n                <\/div><div class=\"df-item-wrap df-post-content-wrap difl_postitem_5 \"><p>5 hlavn\u00fdch pr\u00edznakov endometri\u00f3zy, ktor\u00e9 by ste nemali ignorova\u0165Endometri\u00f3za je gynekologick\u00e9 ochorenie, ktor\u00e9 m\u00f4\u017ee ma\u0165 z\u00e1va\u017en\u00fd vplyv na kvalitu \u017eivota \u017eeny. Pr\u00edznaky endometri\u00f3zy s\u00fa \u010dasto zamenite\u013en\u00e9 s be\u017en\u00fdmi gynekologick\u00fdmi \u0165a\u017ekos\u0165ami, \u010do m\u00f4\u017ee vies\u0165 k neskor\u00e9mu...<\/p>\n<\/div>                        <\/div>\r\n                    <\/div>\r\n                <\/article>\r\n                <\/div><\/div>\n\t\t\t\t<\/div>\n\t\t\t<\/div><\/p>\n","protected":false},"author":1,"featured_media":0,"parent":0,"menu_order":0,"comment_status":"closed","ping_status":"closed","template":"","meta":{"_et_pb_use_builder":"on","_et_pb_old_content":"","_et_gb_content_width":"","footnotes":""},"difl_page_category":[],"class_list":["post-17","page","type-page","status-publish","hentry"],"yoast_head":"<!-- This site is optimized with the Yoast SEO plugin v26.4 - https:\/\/yoast.com\/wordpress\/plugins\/seo\/ -->\n<title>Blog - Endometri\u00f3za | Praktick\u00e1 pr\u00edru\u010dka pre \u017eeny s endometri\u00f3zou alebo jej pr\u00edznakmi<\/title>\n<meta name=\"robots\" content=\"index, follow, max-snippet:-1, max-image-preview:large, max-video-preview:-1\" \/>\n<link rel=\"canonical\" href=\"https:\/\/endometriosis.sk\/verejnost\/blog\/\" \/>\n<meta property=\"og:locale\" content=\"sk_SK\" \/>\n<meta property=\"og:type\" content=\"article\" \/>\n<meta property=\"og:title\" content=\"Blog - Endometri\u00f3za | Praktick\u00e1 pr\u00edru\u010dka pre \u017eeny s endometri\u00f3zou alebo jej pr\u00edznakmi\" \/>\n<meta property=\"og:description\" content=\"Blog o endometri\u00f3ze\" \/>\n<meta property=\"og:url\" content=\"https:\/\/endometriosis.sk\/verejnost\/blog\/\" \/>\n<meta property=\"og:site_name\" content=\"Endometri\u00f3za | Praktick\u00e1 pr\u00edru\u010dka pre \u017eeny s endometri\u00f3zou alebo jej pr\u00edznakmi\" \/>\n<meta property=\"article:modified_time\" content=\"2024-11-27T10:30:37+00:00\" \/>\n<meta name=\"twitter:card\" content=\"summary_large_image\" \/>\n<meta name=\"twitter:label1\" content=\"Predpokladan\u00fd \u010das \u010d\u00edtania\" \/>\n\t<meta name=\"twitter:data1\" content=\"2 min\u00faty\" \/>\n<script type=\"application\/ld+json\" class=\"yoast-schema-graph\">{\"@context\":\"https:\/\/schema.org\",\"@graph\":[{\"@type\":\"WebPage\",\"@id\":\"https:\/\/endometriosis.sk\/verejnost\/blog\/\",\"url\":\"https:\/\/endometriosis.sk\/verejnost\/blog\/\",\"name\":\"Blog - Endometri\u00f3za | Praktick\u00e1 pr\u00edru\u010dka pre \u017eeny s endometri\u00f3zou alebo jej pr\u00edznakmi\",\"isPartOf\":{\"@id\":\"https:\/\/endometriosis.sk\/verejnost\/#website\"},\"datePublished\":\"2024-11-06T07:09:06+00:00\",\"dateModified\":\"2024-11-27T10:30:37+00:00\",\"breadcrumb\":{\"@id\":\"https:\/\/endometriosis.sk\/verejnost\/blog\/#breadcrumb\"},\"inLanguage\":\"sk-SK\",\"potentialAction\":[{\"@type\":\"ReadAction\",\"target\":[\"https:\/\/endometriosis.sk\/verejnost\/blog\/\"]}]},{\"@type\":\"BreadcrumbList\",\"@id\":\"https:\/\/endometriosis.sk\/verejnost\/blog\/#breadcrumb\",\"itemListElement\":[{\"@type\":\"ListItem\",\"position\":1,\"name\":\"Domovsk\u00e1 str\u00e1nka\",\"item\":\"https:\/\/endometriosis.sk\/verejnost\/\"},{\"@type\":\"ListItem\",\"position\":2,\"name\":\"Blog\"}]},{\"@type\":\"WebSite\",\"@id\":\"https:\/\/endometriosis.sk\/verejnost\/#website\",\"url\":\"https:\/\/endometriosis.sk\/verejnost\/\",\"name\":\"Endometri\u00f3za | Praktick\u00e1 pr\u00edru\u010dka pre \u017eeny s endometri\u00f3zou alebo jej pr\u00edznakmi\",\"description\":\"\",\"potentialAction\":[{\"@type\":\"SearchAction\",\"target\":{\"@type\":\"EntryPoint\",\"urlTemplate\":\"https:\/\/endometriosis.sk\/verejnost\/?s={search_term_string}\"},\"query-input\":{\"@type\":\"PropertyValueSpecification\",\"valueRequired\":true,\"valueName\":\"search_term_string\"}}],\"inLanguage\":\"sk-SK\"}]}<\/script>\n<!-- \/ Yoast SEO plugin. -->","yoast_head_json":{"title":"Blog - Endometri\u00f3za | Praktick\u00e1 pr\u00edru\u010dka pre \u017eeny s endometri\u00f3zou alebo jej pr\u00edznakmi","robots":{"index":"index","follow":"follow","max-snippet":"max-snippet:-1","max-image-preview":"max-image-preview:large","max-video-preview":"max-video-preview:-1"},"canonical":"https:\/\/endometriosis.sk\/verejnost\/blog\/","og_locale":"sk_SK","og_type":"article","og_title":"Blog - Endometri\u00f3za | Praktick\u00e1 pr\u00edru\u010dka pre \u017eeny s endometri\u00f3zou alebo jej pr\u00edznakmi","og_description":"Blog o endometri\u00f3ze","og_url":"https:\/\/endometriosis.sk\/verejnost\/blog\/","og_site_name":"Endometri\u00f3za | Praktick\u00e1 pr\u00edru\u010dka pre \u017eeny s endometri\u00f3zou alebo jej pr\u00edznakmi","article_modified_time":"2024-11-27T10:30:37+00:00","twitter_card":"summary_large_image","twitter_misc":{"Predpokladan\u00fd \u010das \u010d\u00edtania":"2 min\u00faty"},"schema":{"@context":"https:\/\/schema.org","@graph":[{"@type":"WebPage","@id":"https:\/\/endometriosis.sk\/verejnost\/blog\/","url":"https:\/\/endometriosis.sk\/verejnost\/blog\/","name":"Blog - Endometri\u00f3za | Praktick\u00e1 pr\u00edru\u010dka pre \u017eeny s endometri\u00f3zou alebo jej pr\u00edznakmi","isPartOf":{"@id":"https:\/\/endometriosis.sk\/verejnost\/#website"},"datePublished":"2024-11-06T07:09:06+00:00","dateModified":"2024-11-27T10:30:37+00:00","breadcrumb":{"@id":"https:\/\/endometriosis.sk\/verejnost\/blog\/#breadcrumb"},"inLanguage":"sk-SK","potentialAction":[{"@type":"ReadAction","target":["https:\/\/endometriosis.sk\/verejnost\/blog\/"]}]},{"@type":"BreadcrumbList","@id":"https:\/\/endometriosis.sk\/verejnost\/blog\/#breadcrumb","itemListElement":[{"@type":"ListItem","position":1,"name":"Domovsk\u00e1 str\u00e1nka","item":"https:\/\/endometriosis.sk\/verejnost\/"},{"@type":"ListItem","position":2,"name":"Blog"}]},{"@type":"WebSite","@id":"https:\/\/endometriosis.sk\/verejnost\/#website","url":"https:\/\/endometriosis.sk\/verejnost\/","name":"Endometri\u00f3za | Praktick\u00e1 pr\u00edru\u010dka pre \u017eeny s endometri\u00f3zou alebo jej pr\u00edznakmi","description":"","potentialAction":[{"@type":"SearchAction","target":{"@type":"EntryPoint","urlTemplate":"https:\/\/endometriosis.sk\/verejnost\/?s={search_term_string}"},"query-input":{"@type":"PropertyValueSpecification","valueRequired":true,"valueName":"search_term_string"}}],"inLanguage":"sk-SK"}]}},"_links":{"self":[{"href":"https:\/\/endometriosis.sk\/verejnost\/wp-json\/wp\/v2\/pages\/17","targetHints":{"allow":["GET"]}}],"collection":[{"href":"https:\/\/endometriosis.sk\/verejnost\/wp-json\/wp\/v2\/pages"}],"about":[{"href":"https:\/\/endometriosis.sk\/verejnost\/wp-json\/wp\/v2\/types\/page"}],"author":[{"embeddable":true,"href":"https:\/\/endometriosis.sk\/verejnost\/wp-json\/wp\/v2\/users\/1"}],"replies":[{"embeddable":true,"href":"https:\/\/endometriosis.sk\/verejnost\/wp-json\/wp\/v2\/comments?post=17"}],"version-history":[{"count":11,"href":"https:\/\/endometriosis.sk\/verejnost\/wp-json\/wp\/v2\/pages\/17\/revisions"}],"predecessor-version":[{"id":681,"href":"https:\/\/endometriosis.sk\/verejnost\/wp-json\/wp\/v2\/pages\/17\/revisions\/681"}],"wp:attachment":[{"href":"https:\/\/endometriosis.sk\/verejnost\/wp-json\/wp\/v2\/media?parent=17"}],"wp:term":[{"taxonomy":"difl_page_category","embeddable":true,"href":"https:\/\/endometriosis.sk\/verejnost\/wp-json\/wp\/v2\/difl_page_category?post=17"}],"curies":[{"name":"wp","href":"https:\/\/api.w.org\/{rel}","templated":true}]}}